{"id":5288,"date":"2021-08-25T09:00:10","date_gmt":"2021-08-25T09:00:10","guid":{"rendered":"http:\/\/dummy.xtemos.com\/woodmart2\/?page_id=5288"},"modified":"2025-09-15T13:35:22","modified_gmt":"2025-09-15T10:35:22","slug":"iletisim","status":"publish","type":"page","link":"https:\/\/fenova.com.tr\/en\/iletisim\/","title":{"rendered":"Contact Us"},"content":{"rendered":"<div class=\"wpb-content-wrapper\"><div class=\"vc_row wpb_row vc_row-fluid vc_custom_1496926452255 vc_row-o-equal-height vc_row-flex\"><div class=\"wpb_column vc_column_container vc_col-sm-12\"><div class=\"vc_column-inner\"><div class=\"wpb_wrapper\"><div class=\"vc_empty_space\"   style=\"height: 102px\"><span class=\"vc_empty_space_inner\"><\/span><\/div><\/div><\/div><\/div><div class=\"wpb_column vc_column_container vc_col-sm-12 vc_col-lg-6 vc_col-md-6 vc_col-has-fill\"><div class=\"vc_column-inner vc_custom_1496927710186\"><div class=\"wpb_wrapper\">\n\t\t<div id=\"wd-687b70f710a86\" class=\"title-wrapper wd-wpb wd-set-mb reset-last-child  wd-rs-687b70f710a86 wd-title-color-default wd-title-style-default text-left  wd-underline-colored\">\n\t\t\t\t\t\t\t\n\t\t\t\t<div class=\"title-subtitle  subtitle-color-default font-default subtitle-style-default wd-font-weight- wd-fontsize-xs\">Contact Us<\/div>\n\t\t\t\n\t\t\t<div class=\"liner-continer\">\n\t\t\t\t<h4 class=\"woodmart-title-container title  wd-font-weight- wd-fontsize-l\" >Bize Ula\u015f\u0131n<\/h4>\n\t\t\t\t\t\t\t<\/div>\n\t\t\t\n\t\t\t\n\t\t\t\n\t\t<\/div>\n\t\t\n\t\t\n\t\t<ul class=\"wd-rs-687b733fb7d23 wd-list wd-wpb color-scheme- wd-fontsize-s wd-type-icon wd-style-default text-left\" id=\"wd-687b733fb7d23\">\n\t\t\t\t\t\t\t\t\t\t\t<li>\n\t\t\t\t\t<span class=\"wd-icon list-icon fa fa-solid fa-square-phone\"><\/span>\n\t\t\t\t\t<span class=\"wd-list-content list-content\">+90 212 619 02 22<\/span>\n\t\t\t\t\t\t\t\t\t<\/li>\n\t\t\t\t\t<\/ul>\n\t\t\n\t\t<ul class=\"wd-rs-687b7339f18c0 wd-list wd-wpb color-scheme- wd-fontsize-s wd-type-icon wd-style-default text-left\" id=\"wd-687b7339f18c0\">\n\t\t\t\t\t\t\t\t\t\t\t<li>\n\t\t\t\t\t<span class=\"wd-icon list-icon fa fa-brands fa-square-whatsapp\"><\/span>\n\t\t\t\t\t<span class=\"wd-list-content list-content\">+90 534 395 14 14<\/span>\n\t\t\t\t\t\t\t\t\t<\/li>\n\t\t\t\t\t<\/ul>\n\t\t\n\t\t<ul class=\"wd-rs-687b73174d415 wd-list wd-wpb color-scheme- wd-fontsize-s wd-type-icon wd-style-default text-left\" id=\"wd-687b73174d415\">\n\t\t\t\t\t\t\t\t\t\t\t<li>\n\t\t\t\t\t<span class=\"wd-icon list-icon fa fa-solid fa-square-envelope\"><\/span>\n\t\t\t\t\t<span class=\"wd-list-content list-content\">info@fenova.com.tr<\/span>\n\t\t\t\t\t\t\t\t\t<\/li>\n\t\t\t\t\t<\/ul>\n\t\t\n\t\t<ul class=\"wd-rs-687b732043fd1 wd-list wd-wpb color-scheme- wd-fontsize-s wd-type-icon wd-style-default text-left\" id=\"wd-687b732043fd1\">\n\t\t\t\t\t\t\t\t\t\t\t<li>\n\t\t\t\t\t<span class=\"wd-icon list-icon fa fa-solid fa-magnifying-glass-location\"><\/span>\n\t\t\t\t\t<span class=\"wd-list-content list-content\">\u0130kitelli OSB Mah. Mutfak\u00e7\u0131lar Sanayi Sitesi M5 Blok NO: 34\n34490 Ba\u015fak\u015fehir\/\u0130stanbul<\/span>\n\t\t\t\t\t\t\t\t\t<\/li>\n\t\t\t\t\t<\/ul>\n\t\t<\/div><\/div><\/div><div class=\"wpb_column vc_column_container vc_col-sm-12 vc_col-lg-6 vc_col-md-6\"><div class=\"vc_column-inner vc_custom_1496927688909\"><div class=\"wpb_wrapper\">\n\t\t<div id=\"wd-687b71e74d285\" class=\"title-wrapper wd-wpb wd-set-mb reset-last-child  wd-rs-687b71e74d285 wd-title-color-default wd-title-style-default text-left  wd-underline-colored\">\n\t\t\t\n\t\t\t<div class=\"liner-continer\">\n\t\t\t\t<h4 class=\"woodmart-title-container title  wd-font-weight- wd-fontsize-l\" >Contact Form<\/h4>\n\t\t\t\t\t\t\t<\/div>\n\t\t\t\n\t\t\t\n\t\t\t\n\t\t<\/div>\n\t\t\n\t\t\t\t\t\t\t<div class=\"wd-cf7 wd-wpb wd-rs-678f8dd0c1cc6 vc_custom_1737461209752\">\n\t\t\t\t\n<div class=\"wpcf7 no-js\" id=\"wpcf7-f1938-o1\" lang=\"en-US\" dir=\"ltr\" data-wpcf7-id=\"1938\">\n<div class=\"screen-reader-response\"><p role=\"status\" aria-live=\"polite\" aria-atomic=\"true\"><\/p> <ul><\/ul><\/div>\n<form action=\"\/en\/wp-json\/wp\/v2\/pages\/5288#wpcf7-f1938-o1\" method=\"post\" class=\"wpcf7-form init\" aria-label=\"Contact form\" novalidate=\"novalidate\" data-status=\"init\" data-trp-original-action=\"\/en\/wp-json\/wp\/v2\/pages\/5288#wpcf7-f1938-o1\">\n<fieldset class=\"hidden-fields-container\"><input type=\"hidden\" name=\"_wpcf7\" value=\"1938\" \/><input type=\"hidden\" name=\"_wpcf7_version\" value=\"6.1.1\" \/><input type=\"hidden\" name=\"_wpcf7_locale\" value=\"en_US\" \/><input type=\"hidden\" name=\"_wpcf7_unit_tag\" value=\"wpcf7-f1938-o1\" \/><input type=\"hidden\" name=\"_wpcf7_container_post\" value=\"0\" \/><input type=\"hidden\" name=\"_wpcf7_posted_data_hash\" value=\"\" \/>\n<\/fieldset>\n<div class=\"wd-grid-g\">\n\t<div class=\"wd-grid-f-stretch\">\n\t\t<div class=\"wd-col\">\n\t\t\t<p><span class=\"wpcf7-form-control-wrap\" data-name=\"your-name\"><input size=\"40\" maxlength=\"400\" class=\"wpcf7-form-control wpcf7-text wpcf7-validates-as-required\" aria-required=\"true\" aria-invalid=\"false\" placeholder=\"Name Surname *\" value=\"\" type=\"text\" name=\"your-name\" \/><\/span>\n\t\t\t<\/p>\n\t\t<\/div>\n\t<\/div>\n\t<div class=\"wd-grid-g\">\n\t\t<div class=\"wd-grid-f-stretch\">\n\t\t\t<div class=\"wd-col\">\n\t\t\t\t<p><span class=\"wpcf7-form-control-wrap\" data-name=\"your-email\"><input size=\"40\" maxlength=\"400\" class=\"wpcf7-form-control wpcf7-email wpcf7-validates-as-required wpcf7-text wpcf7-validates-as-email\" aria-required=\"true\" aria-invalid=\"false\" placeholder=\"E-Mail *\" value=\"\" type=\"email\" name=\"your-email\" \/><\/span>\n\t\t\t\t<\/p>\n\t\t\t<\/div>\n\t\t<\/div>\n\t\t<div class=\"wd-grid-f-stretch\">\n\t\t\t<div class=\"wd-col\">\n\t\t\t\t<p><span class=\"wpcf7-form-control-wrap\" data-name=\"tel-767\"><input size=\"40\" maxlength=\"400\" class=\"wpcf7-form-control wpcf7-tel wpcf7-text wpcf7-validates-as-tel\" aria-invalid=\"false\" placeholder=\"Phone\" value=\"\" type=\"tel\" name=\"tel-767\" \/><\/span>\n\t\t\t\t<\/p>\n\t\t\t<\/div>\n\t\t<\/div>\n\t\t<div>\n\t\t\t<p><span class=\"wpcf7-form-control-wrap\" data-name=\"your-message\"><input size=\"40\" maxlength=\"400\" class=\"wpcf7-form-control wpcf7-text wpcf7-validates-as-required\" aria-required=\"true\" aria-invalid=\"false\" placeholder=\"Message\" value=\"\" type=\"text\" name=\"your-message\" \/><\/span>\n\t\t\t<\/p>\n\t\t<\/div>\n\t\t<div>\n\t\t\t<p><input class=\"wpcf7-form-control wpcf7-submit has-spinner btn-color-black\" type=\"submit\" value=\"SEND\" \/>\n\t\t\t<\/p>\n\t\t<\/div>\n\t<\/div>\n<\/div><p style=\"display: none !important;\" class=\"akismet-fields-container\" data-prefix=\"_wpcf7_ak_\"><label>&#916;<textarea name=\"_wpcf7_ak_hp_textarea\" cols=\"45\" rows=\"8\" maxlength=\"100\"><\/textarea><\/label><input type=\"hidden\" id=\"ak_js_1\" name=\"_wpcf7_ak_js\" value=\"164\"\/><script>document.getElementById( \"ak_js_1\" ).setAttribute( \"value\", ( new Date() ).getTime() );<\/script><\/p><div class=\"wpcf7-response-output\" aria-hidden=\"true\"><\/div>\n<input type=\"hidden\" name=\"trp-form-language\" value=\"en\"\/><\/form>\n<\/div>\n\t\t\t<\/div>\n\t\t\t\t<\/div><\/div><\/div><\/div><div data-vc-full-width=\"true\" data-vc-full-width-temp=\"true\" data-vc-full-width-init=\"false\" data-vc-stretch-content=\"true\" class=\"vc_row wpb_row vc_row-fluid vc_custom_1752921322181 vc_row-has-fill vc_row-no-padding wd-rs-687b74e372b45\"><div class=\"wpb_column vc_column_container vc_col-sm-12 wd-rs-687b75013f4b1\"><div class=\"vc_column-inner\"><div class=\"wpb_wrapper\"><div class=\"vc_empty_space\"   style=\"height: 32px\"><span class=\"vc_empty_space_inner\"><\/span><\/div>\t\t<div id=\"wd-687b7586f2342\" class=\"wd-text-block wd-wpb reset-last-child wd-rs-687b7586f2342 text-left\">\n\t\t\t<p><iframe loading=\"lazy\" style=\"border: 0;\" src=\"https:\/\/www.google.com\/maps\/embed?pb=!1m14!1m8!1m3!1d6013.3456169014835!2d28.798592000000003!3d41.097995!3m2!1i1024!2i768!4f13.1!3m3!1m2!1s0x14cab1cafbf33a91%3A0xb82dc136b97e0b79!2sFenova%20Teknoloji%20-%20Led%20Ekran%20Sistemleri!5e0!3m2!1str!2str!4v1752921068473!5m2!1str!2str\" width=\"100%\" height=\"450\" allowfullscreen=\"allowfullscreen\"><\/iframe><\/p>\n\t\t<\/div>\n\t\t<\/div><\/div><\/div><\/div><div class=\"vc_row-full-width vc_clearfix\"><\/div>\n<\/div>","protected":false},"excerpt":{"rendered":"\u0130leti\u015fim Bize Ula\u015f\u0131n +90 212 619 02 22 +90 534 395 14 14 info@fenova.com.tr \u0130kitelli OSB Mah. Mutfak\u00e7\u0131lar Sanayi Sitesi","protected":false},"author":1,"featured_media":0,"parent":0,"menu_order":0,"comment_status":"closed","ping_status":"closed","template":"","meta":{"footnotes":""},"class_list":["post-5288","page","type-page","status-publish","hentry"],"_links":{"self":[{"href":"https:\/\/fenova.com.tr\/en\/wp-json\/wp\/v2\/pages\/5288","targetHints":{"allow":["GET"]}}],"collection":[{"href":"https:\/\/fenova.com.tr\/en\/wp-json\/wp\/v2\/pages"}],"about":[{"href":"https:\/\/fenova.com.tr\/en\/wp-json\/wp\/v2\/types\/page"}],"author":[{"embeddable":true,"href":"https:\/\/fenova.com.tr\/en\/wp-json\/wp\/v2\/users\/1"}],"replies":[{"embeddable":true,"href":"https:\/\/fenova.com.tr\/en\/wp-json\/wp\/v2\/comments?post=5288"}],"version-history":[{"count":23,"href":"https:\/\/fenova.com.tr\/en\/wp-json\/wp\/v2\/pages\/5288\/revisions"}],"predecessor-version":[{"id":10990,"href":"https:\/\/fenova.com.tr\/en\/wp-json\/wp\/v2\/pages\/5288\/revisions\/10990"}],"wp:attachment":[{"href":"https:\/\/fenova.com.tr\/en\/wp-json\/wp\/v2\/media?parent=5288"}],"curies":[{"name":"wp","href":"https:\/\/api.w.org\/{rel}","templated":true}]}}