{"id":10890,"date":"2025-08-26T06:48:46","date_gmt":"2025-08-26T03:48:46","guid":{"rendered":"https:\/\/fenova.com.tr\/?page_id=10890"},"modified":"2025-08-26T06:50:41","modified_gmt":"2025-08-26T03:50:41","slug":"avm-led-ekran","status":"publish","type":"page","link":"https:\/\/fenova.com.tr\/en\/avm-led-ekran\/","title":{"rendered":"AVM Led Ekran"},"content":{"rendered":"<div class=\"wpb-content-wrapper\"><div class=\"vc_row wpb_row vc_row-fluid\"><div class=\"wpb_column vc_column_container vc_col-sm-12\"><div class=\"vc_column-inner\"><div class=\"wpb_wrapper\"><div class=\"vc_empty_space\"   style=\"height: 42px\"><span class=\"vc_empty_space_inner\"><\/span><\/div><\/div><\/div><\/div><\/div><div class=\"vc_row wpb_row vc_row-fluid\"><div class=\"wpb_column vc_column_container vc_col-sm-3\"><div class=\"vc_column-inner\"><div class=\"wpb_wrapper\">\n\t\t<div id=\"wd-68ad25f9aa256\" class=\"title-wrapper wd-wpb wd-set-mb reset-last-child  wd-rs-68ad25f9aa256 wd-title-color-default wd-title-style-simple text-left  wd-underline-colored\">\n\t\t\t\n\t\t\t<div class=\"liner-continer\">\n\t\t\t\t<h4 class=\"woodmart-title-container title  wd-font-weight-700 wd-fontsize-l\" >OUR SOLUTIONS<\/h4>\n\t\t\t\t\t\t\t<\/div>\n\t\t\t\n\t\t\t\n\t\t\t\n\t\t<\/div>\n\t\t\n\t\t<div class=\"vc_empty_space\"   style=\"height: 6px\"><span class=\"vc_empty_space_inner\"><\/span><\/div><div id=\"wd-68ad29d45c817\" class=\"wd-rs-68ad29d45c817 vc_custom_1756178906427 wd-button-wrapper text-left\"><a href=\"https:\/\/fenova.com.tr\/en\/totem-led-ekran\/\" title=\"\" style=\"--btn-color:#333;--btn-color-hover:#fff;\" class=\"btn btn-style-default btn-shape-semi-round btn-size-extra-large btn-full-width btn-icon-pos-right\">Totem LED Display<span class=\"wd-btn-icon\"><span class=\"wd-icon fa fa-solid fa-arrow-right-long\"><\/span><\/span><\/a><\/div><div class=\"vc_empty_space\"   style=\"height: 6px\"><span class=\"vc_empty_space_inner\"><\/span><\/div><div id=\"wd-68ad2a6edc72e\" class=\"wd-rs-68ad2a6edc72e vc_custom_1756179061559 wd-button-wrapper text-left\"><a href=\"https:\/\/fenova.com.tr\/en\/acik-hava-led-ekran\/\" title=\"\" style=\"--btn-color:#333;--btn-color-hover:#fff;\" class=\"btn btn-style-default btn-shape-semi-round btn-size-extra-large btn-full-width btn-icon-pos-right\">Open Air LED Screen<span class=\"wd-btn-icon\"><span class=\"wd-icon fa fa-solid fa-arrow-right-long\"><\/span><\/span><\/a><\/div><div class=\"vc_empty_space\"   style=\"height: 6px\"><span class=\"vc_empty_space_inner\"><\/span><\/div><div id=\"wd-68ad2b0e32c4c\" class=\"wd-rs-68ad2b0e32c4c vc_custom_1756179222684 wd-button-wrapper text-left\"><a href=\"https:\/\/fenova.com.tr\/en\/magaza-led-ekran\/\" title=\"\" style=\"--btn-color:#333;--btn-color-hover:#fff;\" class=\"btn btn-style-default btn-shape-semi-round btn-size-extra-large btn-full-width btn-icon-pos-right\">Store LED Screen<span class=\"wd-btn-icon\"><span class=\"wd-icon fa fa-solid fa-arrow-right-long\"><\/span><\/span><\/a><\/div><div class=\"vc_empty_space\"   style=\"height: 6px\"><span class=\"vc_empty_space_inner\"><\/span><\/div><div id=\"wd-68ad2be2216a3\" class=\"wd-rs-68ad2be2216a3 vc_custom_1756179431572 wd-button-wrapper text-left\"><a href=\"https:\/\/fenova.com.tr\/en\/trafik-bilgi-led-ekrani\/\" title=\"\" style=\"--btn-color:#333;--btn-color-hover:#fff;\" class=\"btn btn-style-default btn-shape-semi-round btn-size-extra-large btn-full-width btn-icon-pos-right\">Traffic Information LED Display<span class=\"wd-btn-icon\"><span class=\"wd-icon fa fa-solid fa-arrow-right-long\"><\/span><\/span><\/a><\/div><div class=\"vc_empty_space\"   style=\"height: 6px\"><span class=\"vc_empty_space_inner\"><\/span><\/div><div id=\"wd-68ad2cb45439c\" class=\"wd-rs-68ad2cb45439c vc_custom_1756179642711 wd-button-wrapper text-left\"><a href=\"https:\/\/fenova.com.tr\/en\/studyo-led-ekran\/\" title=\"\" style=\"--btn-color:#333;--btn-color-hover:#fff;\" class=\"btn btn-style-default btn-shape-semi-round btn-size-extra-large btn-full-width btn-icon-pos-right\">Studio LED Screen<span class=\"wd-btn-icon\"><span class=\"wd-icon fa fa-solid fa-arrow-right-long\"><\/span><\/span><\/a><\/div><div class=\"vc_empty_space\"   style=\"height: 6px\"><span class=\"vc_empty_space_inner\"><\/span><\/div><div id=\"wd-68ad2d59aab56\" class=\"wd-rs-68ad2d59aab56 vc_custom_1756179808253 wd-button-wrapper text-left\"><a href=\"https:\/\/fenova.com.tr\/en\/bina-cephe-led-ekran\/\" title=\"\" style=\"--btn-color:#333;--btn-color-hover:#fff;\" class=\"btn btn-style-default btn-shape-semi-round btn-size-extra-large btn-full-width btn-icon-pos-right\">Building Facade LED Display<span class=\"wd-btn-icon\"><span class=\"wd-icon fa fa-solid fa-arrow-right-long\"><\/span><\/span><\/a><\/div><div class=\"vc_empty_space\"   style=\"height: 6px\"><span class=\"vc_empty_space_inner\"><\/span><\/div><div id=\"wd-68ad2e147c105\" class=\"wd-rs-68ad2e147c105 vc_custom_1756179994402 wd-button-wrapper text-left\"><a href=\"https:\/\/fenova.com.tr\/en\/arac-mobil-led-ekran\/\" title=\"\" style=\"--btn-color:#333;--btn-color-hover:#fff;\" class=\"btn btn-style-default btn-shape-semi-round btn-size-extra-large btn-full-width btn-icon-pos-right\">Vehicle Mobile LED Display<span class=\"wd-btn-icon\"><span class=\"wd-icon fa fa-solid fa-arrow-right-long\"><\/span><\/span><\/a><\/div><div class=\"vc_empty_space\"   style=\"height: 6px\"><span class=\"vc_empty_space_inner\"><\/span><\/div><div id=\"wd-68ad2eb4e4674\" class=\"wd-rs-68ad2eb4e4674 vc_custom_1756180154816 wd-button-wrapper text-left\"><a href=\"https:\/\/fenova.com.tr\/en\/konser-alani-led-ekran\/\" title=\"\" style=\"--btn-color:#333;--btn-color-hover:#fff;\" class=\"btn btn-style-default btn-shape-semi-round btn-size-extra-large btn-full-width btn-icon-pos-right\">Concert Area LED Screen<span class=\"wd-btn-icon\"><span class=\"wd-icon fa fa-solid fa-arrow-right-long\"><\/span><\/span><\/a><\/div><div class=\"vc_empty_space\"   style=\"height: 6px\"><span class=\"vc_empty_space_inner\"><\/span><\/div><div id=\"wd-68ad2ebca7d09\" class=\"wd-rs-68ad2ebca7d09  wd-button-wrapper text-left\"><a href=\"https:\/\/fenova.com.tr\/en\/avm-led-ekran\/\" title=\"\" style=\"--btn-color:#fff;--btn-color-hover:#fff;\" class=\"btn btn-style-default btn-shape-semi-round btn-size-extra-large btn-full-width btn-icon-pos-right\">AVM Led Ekran<span class=\"wd-btn-icon\"><span class=\"wd-icon fa fa-solid fa-arrow-right-long\"><\/span><\/span><\/a><\/div><div class=\"vc_empty_space\"   style=\"height: 6px\"><span class=\"vc_empty_space_inner\"><\/span><\/div><div id=\"wd-68ad27d03824f\" class=\"wd-rs-68ad27d03824f  wd-button-wrapper text-left\"><a href=\"https:\/\/fenova.com.tr\/en\/stadyum-led-ekran\/\" title=\"\" style=\"--btn-color:#333;--btn-color-hover:#fff;\" class=\"btn btn-style-default btn-shape-semi-round btn-size-extra-large btn-full-width btn-icon-pos-right\">Stadium LED Screen<span class=\"wd-btn-icon\"><span class=\"wd-icon fa fa-solid fa-arrow-right-long\"><\/span><\/span><\/a><\/div><div class=\"vc_empty_space\"   style=\"height: 32px\"><span class=\"vc_empty_space_inner\"><\/span><\/div><div class=\"vc_row wpb_row vc_inner vc_row-fluid vc_custom_1753178722342 vc_row-has-fill wd-rs-687f625a0b9b8\"><div class=\"wpb_column vc_column_container vc_col-sm-12\"><div class=\"vc_column-inner\"><div class=\"wpb_wrapper\"><div class=\"vc_empty_space\"   style=\"height: 12px\"><span class=\"vc_empty_space_inner\"><\/span><\/div><div class=\"vc_icon_element vc_icon_element-outer vc_do_icon vc_icon_element-align-center vc_icon_element-have-style\"><div class=\"vc_icon_element-inner vc_icon_element-color-white vc_icon_element-have-style-inner vc_icon_element-size-md vc_icon_element-style-rounded vc_icon_element-background vc_icon_element-background-color-custom\"  style=\"background-color:#F37B41\"><span class=\"vc_icon_element-icon fa fa-solid fa-phone-volume\" ><\/span><\/div><\/div>\n\t\t<div id=\"wd-687f628b73ab5\" class=\"title-wrapper wd-wpb wd-set-mb reset-last-child  wd-rs-687f628b73ab5 wd-title-color-default wd-title-style-default text-center vc_custom_1753178771141 wd-underline-colored\">\n\t\t\t\n\t\t\t<div class=\"liner-continer\">\n\t\t\t\t<h4 class=\"woodmart-title-container title  wd-font-weight-700 wd-fontsize-xl\" >CONTACT US<\/h4>\n\t\t\t\t\t\t\t<\/div>\n\t\t\t\n\t\t\t\n\t\t\t\n\t\t<\/div>\n\t\t\n\t\t<div class=\"vc_separator wpb_content_element vc_separator_align_center vc_sep_width_100 vc_sep_pos_align_center vc_separator_no_text vc_sep_color_blue\" ><span class=\"vc_sep_holder vc_sep_holder_l\"><span class=\"vc_sep_line\"><\/span><\/span><span class=\"vc_sep_holder vc_sep_holder_r\"><span class=\"vc_sep_line\"><\/span><\/span>\n<\/div>\t\t<div id=\"wd-689c41c9f37db\" class=\"wd-text-block wd-wpb reset-last-child wd-rs-689c41c9f37db text-center color-scheme-light wd-font-weight-400 wd-fontsize-custom\">\n\t\t\t<p>Our Contact Information<\/p>\n\t\t<\/div>\n\t\t\t\t<div id=\"wd-689c41ba56240\" class=\"wd-text-block wd-wpb reset-last-child wd-rs-689c41ba56240 text-center color-scheme-light wd-font-weight-700 wd-fontsize-custom vc_custom_1755070920118\">\n\t\t\t<p><a href=\"https:\/\/wa.me\/905343951414\" target=\"_blank\" rel=\"noopener\">+90 534 395 14 14<\/a><\/p>\n\t\t<\/div>\n\t\t<div class=\"vc_empty_space\"   style=\"height: 12px\"><span class=\"vc_empty_space_inner\"><\/span><\/div><\/div><\/div><\/div><\/div><\/div><\/div><\/div><div class=\"wpb_column vc_column_container vc_col-sm-9 wd-rs-687f65bfcd2eb\"><div class=\"vc_column-inner vc_custom_1753179600386\"><div class=\"wpb_wrapper\">\t\t<div id=\"gallery_214\" class=\"wd-images-gallery wd-wpb wd-rs-68ad2f00dd771 photoswipe-images wd-carousel-container wd-wpb\" style=\"--wd-justify-content:left;--wd-align-items:center;\">\n\t\t\t\t\t\t\t<div class=\"wd-carousel-inner\">\n\t\t\t\n\t\t\t<div class=\"wd-carousel wd-grid\"data-speed=\"3000\" data-wrap=\"yes\" data-autoplay=\"yes\" data-autoheight=\"yes\" data-scroll_per_page=\"yes\" style=\"--wd-col-lg:1;--wd-col-md:1;--wd-col-sm:1;--wd-gap-lg:0px;\">\n\t\t\t\t\t\t\t\t\t<div class=\"wd-carousel-wrap\">\n\t\t\t\t\n\t\t\t\t\t\t\t\t\t\t\t\t\t\t\t<div class=\"wd-gallery-item wd-carousel-item\">\n\t\t\t\t\t\t\t\t\t\t\t\t\t\t<a href=\"https:\/\/fenova.com.tr\/wp-content\/uploads\/2025\/08\/avm-led-ekran-02.jpg\" data-elementor-open-lightbox=\"no\" data-index=\"1\" data-width=\"1024\" data-height=\"683\">\n\t\t\t\t\t\t\t\t\n\t\t\t\t\t\t\t\t<img loading=\"lazy\" decoding=\"async\" width=\"1024\" height=\"683\" src=\"https:\/\/fenova.com.tr\/wp-content\/uploads\/2025\/08\/avm-led-ekran-02.jpg\" class=\"wd-gallery-image image-1\" alt=\"\" srcset=\"https:\/\/fenova.com.tr\/wp-content\/uploads\/2025\/08\/avm-led-ekran-02.jpg 1024w, https:\/\/fenova.com.tr\/wp-content\/uploads\/2025\/08\/avm-led-ekran-02-400x267.jpg 400w, https:\/\/fenova.com.tr\/wp-content\/uploads\/2025\/08\/avm-led-ekran-02-768x512.jpg 768w, https:\/\/fenova.com.tr\/wp-content\/uploads\/2025\/08\/avm-led-ekran-02-18x12.jpg 18w, https:\/\/fenova.com.tr\/wp-content\/uploads\/2025\/08\/avm-led-ekran-02-430x287.jpg 430w, https:\/\/fenova.com.tr\/wp-content\/uploads\/2025\/08\/avm-led-ekran-02-700x467.jpg 700w, https:\/\/fenova.com.tr\/wp-content\/uploads\/2025\/08\/avm-led-ekran-02-150x100.jpg 150w\" sizes=\"auto, (max-width: 1024px) 100vw, 1024px\" \/>\n\t\t\t\t\t\t\t\t\t\t\t\t\t\t\t<\/a>\n\t\t\t\t\t\t\t\t\t\t\t\t<\/div>\n\t\t\t\t\t\t\t\t\t\n\t\t\t\t\t\t\t\t\t<\/div>\n\t\t\t\t\t\t\t<\/div>\n\n\t\t\t\t\t\t\t\t\t\t\t\t\t\t<div class=\"wd-nav-arrows wd-pos-sep wd-hover-1 wd-icon-1\">\n\t\t\t<div class=\"wd-btn-arrow wd-prev wd-disabled\">\n\t\t\t\t<div class=\"wd-arrow-inner\"><\/div>\n\t\t\t<\/div>\n\t\t\t<div class=\"wd-btn-arrow wd-next\">\n\t\t\t\t<div class=\"wd-arrow-inner\"><\/div>\n\t\t\t<\/div>\n\t\t<\/div>\n\t\t\t\t\t\t\n\t\t\t\t<\/div>\n\n\t\t\t\t\t\t<div class=\"wd-nav-pagin-wrap text-center wd-style-shape wd-hide-md-sm wd-hide-sm\">\n\t\t\t<ul class=\"wd-nav-pagin\"><\/ul>\n\t\t<\/div>\n\t\t\t\t\t\t\t\t\t\t\t<\/div>\n\t\t\n\t\t<div id=\"wd-68ad285f9e569\" class=\"wd-accordion wd-wpb wd-rs-68ad285f9e569  wd-style-default wd-titles-left wd-opener-pos-left wd-opener-style-arrow\" data-state=\"first\">\n\t\t\t\t\t\t\t\n\t\t\t\t\n\t\t\t\t<div class=\"wd-accordion-item\">\n\t\t\t\t\t<div class=\"wd-accordion-title wd-active font-primary wd-fontsize-s wd-font-weight-600\" data-accordion-index=\"0\">\n\t\t\t\t\t\t<div class=\"wd-accordion-title-text\">\n\t\t\t\t\t\t\t\t\t\t\t\t\t\t<span>\n\t\t\t\t\t\t\t\tAbout Mall LED Screen\t\t\t\t\t\t\t<\/span>\n\t\t\t\t\t\t<\/div>\n\t\t\t\t\t\t<span class=\"wd-accordion-opener\"><\/span>\n\t\t\t\t\t<\/div>\n\n\t\t\t\t\t<div class=\"wd-accordion-content wd-entry-content wd-active\" data-accordion-index=\"0\">\n\t\t\t\t\t\t\t\t\t\t\t\t\t\n<div class=\"et_pb_module et_pb_text et_pb_text_0 et_pb_text_align_left et_pb_bg_layout_light\">\n<div class=\"et_pb_text_inner\">\n<div class=\"et_pb_module et_pb_text et_pb_text_0 et_pb_text_align_left et_pb_bg_layout_light\">\n<div class=\"et_pb_text_inner\">\n<div class=\"et_pb_module et_pb_text et_pb_text_0 et_pb_text_align_left et_pb_bg_layout_light\">\n<div class=\"et_pb_text_inner\">\n<div class=\"et_pb_module et_pb_text et_pb_text_0 et_pb_text_align_left et_pb_bg_layout_light\">\n<div class=\"et_pb_text_inner\">\n<div class=\"et_pb_module et_pb_text et_pb_text_0 et_pb_text_align_left et_pb_bg_layout_light\">\n<div class=\"et_pb_text_inner\">\n<div class=\"et_pb_module et_pb_text et_pb_text_0 et_pb_text_align_left et_pb_bg_layout_light\">\n<div class=\"et_pb_text_inner\">\n<div class=\"et_pb_module et_pb_text et_pb_text_0 et_pb_text_align_left et_pb_bg_layout_light\">\n<div class=\"et_pb_text_inner\">\n<div class=\"et_pb_module et_pb_text et_pb_text_0 et_pb_text_align_left et_pb_bg_layout_light\">\n<div class=\"et_pb_text_inner\">\n<div class=\"et_pb_module et_pb_text et_pb_text_0 et_pb_text_align_left et_pb_bg_layout_light\">\n<div class=\"et_pb_text_inner\">\n<p>LED displays in shopping malls are one of the most popular advertising tools for businesses located within shopping malls or other businesses seeking publicity. LED displays, which visually reach a wide audience, are called indoor LED displays when located inside the mall, and outdoor LED displays when located outside the mall. Using this type of LED display technology in shopping malls with crowded entrances is highly effective for increasing engagement. LED displays enable profitable outdoor advertising. Technological advancements have led to the discovery of LED displays and their increased use in advertising. LED displays, particularly preferred for indoor and outdoor use, are most commonly seen in shopping malls today. Giant LED displays installed on the exterior facades of shopping malls are attracting significant attention.<\/p>\n<\/div>\n<\/div>\n<\/div>\n<\/div>\n<\/div>\n<\/div>\n<\/div>\n<\/div>\n<\/div>\n<\/div>\n<\/div>\n<\/div>\n<\/div>\n<\/div>\n<\/div>\n<\/div>\n<\/div>\n<\/div>\n\t\t\t\t\t\t\t\t\t\t\t<\/div>\n\t\t\t\t<\/div>\n\t\t\t\t\t\t\t\n\t\t\t\t\n\t\t\t\t<div class=\"wd-accordion-item\">\n\t\t\t\t\t<div class=\"wd-accordion-title font-primary wd-fontsize-s wd-font-weight-600\" data-accordion-index=\"1\">\n\t\t\t\t\t\t<div class=\"wd-accordion-title-text\">\n\t\t\t\t\t\t\t\t\t\t\t\t\t\t<span>\n\t\t\t\t\t\t\t\tWhat is a Shopping Mall LED Screen?\t\t\t\t\t\t\t<\/span>\n\t\t\t\t\t\t<\/div>\n\t\t\t\t\t\t<span class=\"wd-accordion-opener\"><\/span>\n\t\t\t\t\t<\/div>\n\n\t\t\t\t\t<div class=\"wd-accordion-content wd-entry-content\" data-accordion-index=\"1\">\n\t\t\t\t\t\t\t\t\t\t\t\t\t<p>Teknolojinin geli\u015fmesiyle birlikte ke\u015ffedilen ve hayat\u0131n farkl\u0131 alanlar\u0131nda kullan\u0131lmaya ba\u015flayan led ekranlar reklamc\u0131l\u0131k sekt\u00f6r\u00fcn\u00fcn vazge\u00e7ilmezleri aras\u0131nda yer almaktad\u0131r. Firma reklamlar\u0131n\u0131n geni\u015f bir kitleye sunulmas\u0131 hi\u00e7 \u015f\u00fcphesiz tan\u0131nma durumunu art\u0131rmaktad\u0131r. Son d\u00f6nemlerde firmalar tabela se\u00e7imlerinde led pano ya da led ekran teknolojilerini tercih etmektedir. Led ekranlar sayesinde firma reklamlar\u0131 daha dikkat \u00e7ekici bir \u015fekilde m\u00fc\u015fteri kitlesine ula\u015ft\u0131r\u0131lmaktad\u0131r. G\u00fcn ge\u00e7tik\u00e7e Avm led ekran teknolojileri de geli\u015ftirilmekte farkl\u0131 \u00f6zellikleriyle firmalar\u0131n kar\u015f\u0131s\u0131na \u00e7\u0131kmaktad\u0131r. \u00c7ok ama\u00e7l\u0131 son teknoloji \u00fcr\u00fcn\u00fc olan led ekranlar sayesinde etkili reklam kampanyalar\u0131 haz\u0131rlanarak insanlara sunulabilmektedir. Al\u0131\u015fveri\u015f merkezlerinin d\u0131\u015f cephesinde kullan\u0131lacak olan led ekranlar olumsuz hava ko\u015fullar\u0131nda da \u00e7al\u0131\u015fmay\u0131 s\u00fcrd\u00fcrebilmekte ve dayan\u0131kl\u0131 malzemelerden \u00fcretilmektedir. Bunun yan\u0131 s\u0131ra, g\u00fcne\u015f \u0131\u015f\u0131\u011f\u0131n\u0131n y\u00fcksek oranda oldu\u011fu zamanlarda da maksimum \u00e7\u00f6z\u00fcn\u00fcrl\u00fckte \u00e7al\u0131\u015fabilmekte ve g\u00fcn \u0131\u015f\u0131\u011f\u0131ndan dolay\u0131 ekranda yans\u0131ma olu\u015fmas\u0131na m\u00fcsaade etmemektedir. En avantajl\u0131 y\u00f6nlerinden birisi de mod\u00fcler bir yap\u0131ya sahip olmas\u0131 nedeniyle istenilen boyutta \u00fcretilebiliyor olmas\u0131d\u0131r.<\/p>\n\t\t\t\t\t\t\t\t\t\t\t<\/div>\n\t\t\t\t<\/div>\n\t\t\t\t\t\t\t\n\t\t\t\t\n\t\t\t\t<div class=\"wd-accordion-item\">\n\t\t\t\t\t<div class=\"wd-accordion-title font-primary wd-fontsize-s wd-font-weight-600\" data-accordion-index=\"2\">\n\t\t\t\t\t\t<div class=\"wd-accordion-title-text\">\n\t\t\t\t\t\t\t\t\t\t\t\t\t\t<span>\n\t\t\t\t\t\t\t\tMall LED Screen Prices\t\t\t\t\t\t\t<\/span>\n\t\t\t\t\t\t<\/div>\n\t\t\t\t\t\t<span class=\"wd-accordion-opener\"><\/span>\n\t\t\t\t\t<\/div>\n\n\t\t\t\t\t<div class=\"wd-accordion-content wd-entry-content\" data-accordion-index=\"2\">\n\t\t\t\t\t\t\t\t\t\t\t\t\t\n<div class=\"et_pb_column et_pb_column_2_3 et_pb_column_0 et_pb_css_mix_blend_mode_passthrough\">\n<div class=\"et_pb_module et_pb_text et_pb_text_1 et_pb_text_align_left et_pb_bg_layout_light\">\n<div class=\"et_pb_text_inner\">\n<div class=\"et_pb_column et_pb_column_2_3 et_pb_column_0 et_pb_css_mix_blend_mode_passthrough\">\n<div class=\"et_pb_module et_pb_text et_pb_text_1 et_pb_text_align_left et_pb_bg_layout_light\">\n<div class=\"et_pb_text_inner\">\n<div class=\"et_pb_column et_pb_column_2_3 et_pb_column_0 et_pb_css_mix_blend_mode_passthrough\">\n<div class=\"et_pb_module et_pb_text et_pb_text_1 et_pb_text_align_left et_pb_bg_layout_light\">\n<div class=\"et_pb_text_inner\">\n<div class=\"et_pb_column et_pb_column_2_3 et_pb_column_0 et_pb_css_mix_blend_mode_passthrough\">\n<div class=\"et_pb_module et_pb_text et_pb_text_1 et_pb_text_align_left et_pb_bg_layout_light\">\n<div class=\"et_pb_text_inner\">\n<div class=\"et_pb_column et_pb_column_2_3 et_pb_column_0 et_pb_css_mix_blend_mode_passthrough\">\n<div class=\"et_pb_module et_pb_text et_pb_text_1 et_pb_text_align_left et_pb_bg_layout_light\">\n<div class=\"et_pb_text_inner\">\n<div class=\"et_pb_column et_pb_column_2_3 et_pb_column_0 et_pb_css_mix_blend_mode_passthrough\">\n<div class=\"et_pb_module et_pb_text et_pb_text_1 et_pb_text_align_left et_pb_bg_layout_light\">\n<div class=\"et_pb_text_inner\">\n<div class=\"et_pb_column et_pb_column_2_3 et_pb_column_0 et_pb_css_mix_blend_mode_passthrough\">\n<div class=\"et_pb_module et_pb_text et_pb_text_1 et_pb_text_align_left et_pb_bg_layout_light\">\n<div class=\"et_pb_text_inner\">\n<div class=\"et_pb_column et_pb_column_2_3 et_pb_column_0 et_pb_css_mix_blend_mode_passthrough\">\n<div class=\"et_pb_module et_pb_text et_pb_text_1 et_pb_text_align_left et_pb_bg_layout_light\">\n<div class=\"et_pb_text_inner\">\n<div class=\"et_pb_column et_pb_column_2_3 et_pb_column_0 et_pb_css_mix_blend_mode_passthrough\">\n<div class=\"et_pb_module et_pb_text et_pb_text_1 et_pb_text_align_left et_pb_bg_layout_light\">\n<div class=\"et_pb_text_inner\">\n<p>Fenova is one of the most recognized leaders in LED display systems and technologies. It offers its customers the most suitable products for the intended use, based on the space's structure and the desired impact. Fenova LED achieves the best quality results in projects designed to meet the specific needs of the venue. It has achieved exceptional results in both lighting and image quality in LED display projects. Because, like all LED displays, they are modular and can be customized to any desired size, the price of a shopping mall LED display varies accordingly. Those wishing to utilize this technology can choose their preferred model from a wide range of shopping mall LED displays and take advantage of attractive pricing. Fenova LED display technologies develops the ideal solutions for all applications, providing professional service by conducting fast and meticulous work, accurately analyzing customer needs. For information on shopping mall LED display pricing, screen design, and other installation costs, please contact Lenova LED Display Technologies.<\/p>\n<\/div>\n<\/div>\n<\/div>\n<div class=\"et_pb_column et_pb_column_1_3 et_pb_column_1 et_pb_css_mix_blend_mode_passthrough et-last-child\">\n<div class=\"et_pb_with_border et_pb_module et_pb_text et_pb_text_2 et_pb_text_align_left et_pb_bg_layout_light\">\n<div class=\"et_pb_text_inner\"><\/div>\n<\/div>\n<\/div>\n<\/div>\n<\/div>\n<\/div>\n<div class=\"et_pb_column et_pb_column_1_3 et_pb_column_1 et_pb_css_mix_blend_mode_passthrough et-last-child\">\n<div class=\"et_pb_with_border et_pb_module et_pb_text et_pb_text_2 et_pb_text_align_left et_pb_bg_layout_light\">\n<div class=\"et_pb_text_inner\"><\/div>\n<\/div>\n<\/div>\n<\/div>\n<\/div>\n<\/div>\n<div class=\"et_pb_column et_pb_column_1_3 et_pb_column_1 et_pb_css_mix_blend_mode_passthrough et-last-child\">\n<div class=\"et_pb_with_border et_pb_module et_pb_text et_pb_text_2 et_pb_text_align_left et_pb_bg_layout_light\">\n<div class=\"et_pb_text_inner\"><\/div>\n<\/div>\n<\/div>\n<\/div>\n<\/div>\n<\/div>\n<div class=\"et_pb_column et_pb_column_1_3 et_pb_column_1 et_pb_css_mix_blend_mode_passthrough et-last-child\">\n<div class=\"et_pb_with_border et_pb_module et_pb_text et_pb_text_2 et_pb_text_align_left et_pb_bg_layout_light\">\n<div class=\"et_pb_text_inner\"><\/div>\n<\/div>\n<\/div>\n<\/div>\n<\/div>\n<\/div>\n<div class=\"et_pb_column et_pb_column_1_3 et_pb_column_1 et_pb_css_mix_blend_mode_passthrough et-last-child\">\n<div class=\"et_pb_with_border et_pb_module et_pb_text et_pb_text_2 et_pb_text_align_left et_pb_bg_layout_light\">\n<div class=\"et_pb_text_inner\"><\/div>\n<\/div>\n<\/div>\n<\/div>\n<\/div>\n<\/div>\n<\/div>\n<\/div>\n<\/div>\n<\/div>\n<\/div>\n<\/div>\n<\/div>\n<\/div>\n<\/div>\n\t\t\t\t\t\t\t\t\t\t\t<\/div>\n\t\t\t\t<\/div>\n\t\t\t\t\t\t\t\t\t\t\t\t\t\t<\/div>\n\n\t\t<\/div><\/div><\/div><\/div>\n<\/div>","protected":false},"excerpt":{"rendered":"\u00c7\u00d6Z\u00dcMLER\u0130M\u0130Z Totem Led EkranA\u00e7\u0131k Hava Led EkranMa\u011faza Led EkranTrafik Bilgi Led Ekran\u0131St\u00fcdyo Led EkranBina Cephe Led EkranAra\u00e7 Mobil Led EkranKonser","protected":false},"author":1,"featured_media":0,"parent":0,"menu_order":0,"comment_status":"closed","ping_status":"closed","template":"","meta":{"footnotes":""},"class_list":["post-10890","page","type-page","status-publish","hentry"],"_links":{"self":[{"href":"https:\/\/fenova.com.tr\/en\/wp-json\/wp\/v2\/pages\/10890","targetHints":{"allow":["GET"]}}],"collection":[{"href":"https:\/\/fenova.com.tr\/en\/wp-json\/wp\/v2\/pages"}],"about":[{"href":"https:\/\/fenova.com.tr\/en\/wp-json\/wp\/v2\/types\/page"}],"author":[{"embeddable":true,"href":"https:\/\/fenova.com.tr\/en\/wp-json\/wp\/v2\/users\/1"}],"replies":[{"embeddable":true,"href":"https:\/\/fenova.com.tr\/en\/wp-json\/wp\/v2\/comments?post=10890"}],"version-history":[{"count":3,"href":"https:\/\/fenova.com.tr\/en\/wp-json\/wp\/v2\/pages\/10890\/revisions"}],"predecessor-version":[{"id":10894,"href":"https:\/\/fenova.com.tr\/en\/wp-json\/wp\/v2\/pages\/10890\/revisions\/10894"}],"wp:attachment":[{"href":"https:\/\/fenova.com.tr\/en\/wp-json\/wp\/v2\/media?parent=10890"}],"curies":[{"name":"wp","href":"https:\/\/api.w.org\/{rel}","templated":true}]}}