{"id":10871,"date":"2025-08-26T06:36:36","date_gmt":"2025-08-26T03:36:36","guid":{"rendered":"https:\/\/fenova.com.tr\/?page_id=10871"},"modified":"2025-08-26T06:38:51","modified_gmt":"2025-08-26T03:38:51","slug":"studyo-led-ekran","status":"publish","type":"page","link":"https:\/\/fenova.com.tr\/en\/studyo-led-ekran\/","title":{"rendered":"Studio LED Screen"},"content":{"rendered":"<div class=\"wpb-content-wrapper\"><div class=\"vc_row wpb_row vc_row-fluid\"><div class=\"wpb_column vc_column_container vc_col-sm-12\"><div class=\"vc_column-inner\"><div class=\"wpb_wrapper\"><div class=\"vc_empty_space\"   style=\"height: 42px\"><span class=\"vc_empty_space_inner\"><\/span><\/div><\/div><\/div><\/div><\/div><div class=\"vc_row wpb_row vc_row-fluid\"><div class=\"wpb_column vc_column_container vc_col-sm-3\"><div class=\"vc_column-inner\"><div class=\"wpb_wrapper\">\n\t\t<div id=\"wd-68ad25f9aa256\" class=\"title-wrapper wd-wpb wd-set-mb reset-last-child  wd-rs-68ad25f9aa256 wd-title-color-default wd-title-style-simple text-left  wd-underline-colored\">\n\t\t\t\n\t\t\t<div class=\"liner-continer\">\n\t\t\t\t<h4 class=\"woodmart-title-container title  wd-font-weight-700 wd-fontsize-l\" >OUR SOLUTIONS<\/h4>\n\t\t\t\t\t\t\t<\/div>\n\t\t\t\n\t\t\t\n\t\t\t\n\t\t<\/div>\n\t\t\n\t\t<div class=\"vc_empty_space\"   style=\"height: 6px\"><span class=\"vc_empty_space_inner\"><\/span><\/div><div id=\"wd-68ad29d45c817\" class=\"wd-rs-68ad29d45c817 vc_custom_1756178906427 wd-button-wrapper text-left\"><a href=\"https:\/\/fenova.com.tr\/en\/totem-led-ekran\/\" title=\"\" style=\"--btn-color:#333;--btn-color-hover:#fff;\" class=\"btn btn-style-default btn-shape-semi-round btn-size-extra-large btn-full-width btn-icon-pos-right\">Totem LED Display<span class=\"wd-btn-icon\"><span class=\"wd-icon fa fa-solid fa-arrow-right-long\"><\/span><\/span><\/a><\/div><div class=\"vc_empty_space\"   style=\"height: 6px\"><span class=\"vc_empty_space_inner\"><\/span><\/div><div id=\"wd-68ad2a6edc72e\" class=\"wd-rs-68ad2a6edc72e vc_custom_1756179061559 wd-button-wrapper text-left\"><a href=\"https:\/\/fenova.com.tr\/en\/acik-hava-led-ekran\/\" title=\"\" style=\"--btn-color:#333;--btn-color-hover:#fff;\" class=\"btn btn-style-default btn-shape-semi-round btn-size-extra-large btn-full-width btn-icon-pos-right\">Open Air LED Screen<span class=\"wd-btn-icon\"><span class=\"wd-icon fa fa-solid fa-arrow-right-long\"><\/span><\/span><\/a><\/div><div class=\"vc_empty_space\"   style=\"height: 6px\"><span class=\"vc_empty_space_inner\"><\/span><\/div><div id=\"wd-68ad2b0e32c4c\" class=\"wd-rs-68ad2b0e32c4c vc_custom_1756179222684 wd-button-wrapper text-left\"><a href=\"https:\/\/fenova.com.tr\/en\/magaza-led-ekran\/\" title=\"\" style=\"--btn-color:#333;--btn-color-hover:#fff;\" class=\"btn btn-style-default btn-shape-semi-round btn-size-extra-large btn-full-width btn-icon-pos-right\">Store LED Screen<span class=\"wd-btn-icon\"><span class=\"wd-icon fa fa-solid fa-arrow-right-long\"><\/span><\/span><\/a><\/div><div class=\"vc_empty_space\"   style=\"height: 6px\"><span class=\"vc_empty_space_inner\"><\/span><\/div><div id=\"wd-68ad2be2216a3\" class=\"wd-rs-68ad2be2216a3 vc_custom_1756179431572 wd-button-wrapper text-left\"><a href=\"https:\/\/fenova.com.tr\/en\/trafik-bilgi-led-ekrani\/\" title=\"\" style=\"--btn-color:#333;--btn-color-hover:#fff;\" class=\"btn btn-style-default btn-shape-semi-round btn-size-extra-large btn-full-width btn-icon-pos-right\">Traffic Information LED Display<span class=\"wd-btn-icon\"><span class=\"wd-icon fa fa-solid fa-arrow-right-long\"><\/span><\/span><\/a><\/div><div class=\"vc_empty_space\"   style=\"height: 6px\"><span class=\"vc_empty_space_inner\"><\/span><\/div><div id=\"wd-68ad2bec7c8e3\" class=\"wd-rs-68ad2bec7c8e3  wd-button-wrapper text-left\"><a href=\"https:\/\/fenova.com.tr\/en\/studyo-led-ekran\/\" title=\"\" style=\"--btn-color:#fff;--btn-color-hover:#fff;\" class=\"btn btn-style-default btn-shape-semi-round btn-size-extra-large btn-full-width btn-icon-pos-right\">Studio LED Screen<span class=\"wd-btn-icon\"><span class=\"wd-icon fa fa-solid fa-arrow-right-long\"><\/span><\/span><\/a><\/div><div class=\"vc_empty_space\"   style=\"height: 6px\"><span class=\"vc_empty_space_inner\"><\/span><\/div><div id=\"wd-68ad275ebba83\" class=\"wd-rs-68ad275ebba83  wd-button-wrapper text-left\"><a href=\"https:\/\/fenova.com.tr\/en\/bina-cephe-led-ekran\/\" title=\"\" style=\"--btn-color:#333;--btn-color-hover:#fff;\" class=\"btn btn-style-default btn-shape-semi-round btn-size-extra-large btn-full-width btn-icon-pos-right\">Building Facade LED Display<span class=\"wd-btn-icon\"><span class=\"wd-icon fa fa-solid fa-arrow-right-long\"><\/span><\/span><\/a><\/div><div class=\"vc_empty_space\"   style=\"height: 6px\"><span class=\"vc_empty_space_inner\"><\/span><\/div><div id=\"wd-68ad2777a97a0\" class=\"wd-rs-68ad2777a97a0  wd-button-wrapper text-left\"><a href=\"https:\/\/fenova.com.tr\/en\/arac-mobil-led-ekran\/\" title=\"\" style=\"--btn-color:#333;--btn-color-hover:#fff;\" class=\"btn btn-style-default btn-shape-semi-round btn-size-extra-large btn-full-width btn-icon-pos-right\">Vehicle Mobile LED Display<span class=\"wd-btn-icon\"><span class=\"wd-icon fa fa-solid fa-arrow-right-long\"><\/span><\/span><\/a><\/div><div class=\"vc_empty_space\"   style=\"height: 6px\"><span class=\"vc_empty_space_inner\"><\/span><\/div><div id=\"wd-68ad2798868c8\" class=\"wd-rs-68ad2798868c8  wd-button-wrapper text-left\"><a href=\"https:\/\/fenova.com.tr\/en\/konser-alani-led-ekran\/\" title=\"\" style=\"--btn-color:#333;--btn-color-hover:#fff;\" class=\"btn btn-style-default btn-shape-semi-round btn-size-extra-large btn-full-width btn-icon-pos-right\">Concert Area LED Screen<span class=\"wd-btn-icon\"><span class=\"wd-icon fa fa-solid fa-arrow-right-long\"><\/span><\/span><\/a><\/div><div class=\"vc_empty_space\"   style=\"height: 6px\"><span class=\"vc_empty_space_inner\"><\/span><\/div><div id=\"wd-68ad27bc9c793\" class=\"wd-rs-68ad27bc9c793  wd-button-wrapper text-left\"><a href=\"https:\/\/fenova.com.tr\/en\/avm-led-ekran\/\" title=\"\" style=\"--btn-color:#333;--btn-color-hover:#fff;\" class=\"btn btn-style-default btn-shape-semi-round btn-size-extra-large btn-full-width btn-icon-pos-right\">AVM Led Ekran<span class=\"wd-btn-icon\"><span class=\"wd-icon fa fa-solid fa-arrow-right-long\"><\/span><\/span><\/a><\/div><div class=\"vc_empty_space\"   style=\"height: 6px\"><span class=\"vc_empty_space_inner\"><\/span><\/div><div id=\"wd-68ad27d03824f\" class=\"wd-rs-68ad27d03824f  wd-button-wrapper text-left\"><a href=\"https:\/\/fenova.com.tr\/en\/stadyum-led-ekran\/\" title=\"\" style=\"--btn-color:#333;--btn-color-hover:#fff;\" class=\"btn btn-style-default btn-shape-semi-round btn-size-extra-large btn-full-width btn-icon-pos-right\">Stadium LED Screen<span class=\"wd-btn-icon\"><span class=\"wd-icon fa fa-solid fa-arrow-right-long\"><\/span><\/span><\/a><\/div><div class=\"vc_empty_space\"   style=\"height: 32px\"><span class=\"vc_empty_space_inner\"><\/span><\/div><div class=\"vc_row wpb_row vc_inner vc_row-fluid vc_custom_1753178722342 vc_row-has-fill wd-rs-687f625a0b9b8\"><div class=\"wpb_column vc_column_container vc_col-sm-12\"><div class=\"vc_column-inner\"><div class=\"wpb_wrapper\"><div class=\"vc_empty_space\"   style=\"height: 12px\"><span class=\"vc_empty_space_inner\"><\/span><\/div><div class=\"vc_icon_element vc_icon_element-outer vc_do_icon vc_icon_element-align-center vc_icon_element-have-style\"><div class=\"vc_icon_element-inner vc_icon_element-color-white vc_icon_element-have-style-inner vc_icon_element-size-md vc_icon_element-style-rounded vc_icon_element-background vc_icon_element-background-color-custom\"  style=\"background-color:#F37B41\"><span class=\"vc_icon_element-icon fa fa-solid fa-phone-volume\" ><\/span><\/div><\/div>\n\t\t<div id=\"wd-687f628b73ab5\" class=\"title-wrapper wd-wpb wd-set-mb reset-last-child  wd-rs-687f628b73ab5 wd-title-color-default wd-title-style-default text-center vc_custom_1753178771141 wd-underline-colored\">\n\t\t\t\n\t\t\t<div class=\"liner-continer\">\n\t\t\t\t<h4 class=\"woodmart-title-container title  wd-font-weight-700 wd-fontsize-xl\" >CONTACT US<\/h4>\n\t\t\t\t\t\t\t<\/div>\n\t\t\t\n\t\t\t\n\t\t\t\n\t\t<\/div>\n\t\t\n\t\t<div class=\"vc_separator wpb_content_element vc_separator_align_center vc_sep_width_100 vc_sep_pos_align_center vc_separator_no_text vc_sep_color_blue\" ><span class=\"vc_sep_holder vc_sep_holder_l\"><span class=\"vc_sep_line\"><\/span><\/span><span class=\"vc_sep_holder vc_sep_holder_r\"><span class=\"vc_sep_line\"><\/span><\/span>\n<\/div>\t\t<div id=\"wd-689c41c9f37db\" class=\"wd-text-block wd-wpb reset-last-child wd-rs-689c41c9f37db text-center color-scheme-light wd-font-weight-400 wd-fontsize-custom\">\n\t\t\t<p>Our Contact Information<\/p>\n\t\t<\/div>\n\t\t\t\t<div id=\"wd-689c41ba56240\" class=\"wd-text-block wd-wpb reset-last-child wd-rs-689c41ba56240 text-center color-scheme-light wd-font-weight-700 wd-fontsize-custom vc_custom_1755070920118\">\n\t\t\t<p><a href=\"https:\/\/wa.me\/905343951414\" target=\"_blank\" rel=\"noopener\">+90 534 395 14 14<\/a><\/p>\n\t\t<\/div>\n\t\t<div class=\"vc_empty_space\"   style=\"height: 12px\"><span class=\"vc_empty_space_inner\"><\/span><\/div><\/div><\/div><\/div><\/div><\/div><\/div><\/div><div class=\"wpb_column vc_column_container vc_col-sm-9 wd-rs-687f65bfcd2eb\"><div class=\"vc_column-inner vc_custom_1753179600386\"><div class=\"wpb_wrapper\">\t\t<div id=\"gallery_913\" class=\"wd-images-gallery wd-wpb wd-rs-68ad2c343514c photoswipe-images wd-carousel-container wd-wpb\" style=\"--wd-justify-content:left;--wd-align-items:center;\">\n\t\t\t\t\t\t\t<div class=\"wd-carousel-inner\">\n\t\t\t\n\t\t\t<div class=\"wd-carousel wd-grid\"data-speed=\"3000\" data-wrap=\"yes\" data-autoplay=\"yes\" data-autoheight=\"yes\" data-scroll_per_page=\"yes\" style=\"--wd-col-lg:1;--wd-col-md:1;--wd-col-sm:1;--wd-gap-lg:0px;\">\n\t\t\t\t\t\t\t\t\t<div class=\"wd-carousel-wrap\">\n\t\t\t\t\n\t\t\t\t\t\t\t\t\t\t\t\t\t\t\t<div class=\"wd-gallery-item wd-carousel-item\">\n\t\t\t\t\t\t\t\t\t\t\t\t\t\t<a href=\"https:\/\/fenova.com.tr\/wp-content\/uploads\/2025\/08\/tv-kanali-studyo-led-ekran-02.jpg\" data-elementor-open-lightbox=\"no\" data-index=\"1\" data-width=\"800\" data-height=\"533\">\n\t\t\t\t\t\t\t\t\n\t\t\t\t\t\t\t\t<img loading=\"lazy\" decoding=\"async\" width=\"800\" height=\"533\" src=\"https:\/\/fenova.com.tr\/wp-content\/uploads\/2025\/08\/tv-kanali-studyo-led-ekran-02.jpg\" class=\"wd-gallery-image image-1\" alt=\"St\u00fcdyo Led Ekran\" srcset=\"https:\/\/fenova.com.tr\/wp-content\/uploads\/2025\/08\/tv-kanali-studyo-led-ekran-02.jpg 800w, https:\/\/fenova.com.tr\/wp-content\/uploads\/2025\/08\/tv-kanali-studyo-led-ekran-02-400x267.jpg 400w, https:\/\/fenova.com.tr\/wp-content\/uploads\/2025\/08\/tv-kanali-studyo-led-ekran-02-768x512.jpg 768w, https:\/\/fenova.com.tr\/wp-content\/uploads\/2025\/08\/tv-kanali-studyo-led-ekran-02-18x12.jpg 18w, https:\/\/fenova.com.tr\/wp-content\/uploads\/2025\/08\/tv-kanali-studyo-led-ekran-02-430x286.jpg 430w, https:\/\/fenova.com.tr\/wp-content\/uploads\/2025\/08\/tv-kanali-studyo-led-ekran-02-700x466.jpg 700w, https:\/\/fenova.com.tr\/wp-content\/uploads\/2025\/08\/tv-kanali-studyo-led-ekran-02-150x100.jpg 150w\" sizes=\"auto, (max-width: 800px) 100vw, 800px\" \/>\n\t\t\t\t\t\t\t\t\t\t\t\t\t\t\t<\/a>\n\t\t\t\t\t\t\t\t\t\t\t\t<\/div>\n\t\t\t\t\t\t\t\t\t\n\t\t\t\t\t\t\t\t\t<\/div>\n\t\t\t\t\t\t\t<\/div>\n\n\t\t\t\t\t\t\t\t\t\t\t\t\t\t<div class=\"wd-nav-arrows wd-pos-sep wd-hover-1 wd-icon-1\">\n\t\t\t<div class=\"wd-btn-arrow wd-prev wd-disabled\">\n\t\t\t\t<div class=\"wd-arrow-inner\"><\/div>\n\t\t\t<\/div>\n\t\t\t<div class=\"wd-btn-arrow wd-next\">\n\t\t\t\t<div class=\"wd-arrow-inner\"><\/div>\n\t\t\t<\/div>\n\t\t<\/div>\n\t\t\t\t\t\t\n\t\t\t\t<\/div>\n\n\t\t\t\t\t\t<div class=\"wd-nav-pagin-wrap text-center wd-style-shape wd-hide-md-sm wd-hide-sm\">\n\t\t\t<ul class=\"wd-nav-pagin\"><\/ul>\n\t\t<\/div>\n\t\t\t\t\t\t\t\t\t\t\t<\/div>\n\t\t\n\t\t<div id=\"wd-68ad285f9e569\" class=\"wd-accordion wd-wpb wd-rs-68ad285f9e569  wd-style-default wd-titles-left wd-opener-pos-left wd-opener-style-arrow\" data-state=\"first\">\n\t\t\t\t\t\t\t\n\t\t\t\t\n\t\t\t\t<div class=\"wd-accordion-item\">\n\t\t\t\t\t<div class=\"wd-accordion-title wd-active font-primary wd-fontsize-s wd-font-weight-600\" data-accordion-index=\"0\">\n\t\t\t\t\t\t<div class=\"wd-accordion-title-text\">\n\t\t\t\t\t\t\t\t\t\t\t\t\t\t<span>\n\t\t\t\t\t\t\t\tAbout Studio LED Screen\t\t\t\t\t\t\t<\/span>\n\t\t\t\t\t\t<\/div>\n\t\t\t\t\t\t<span class=\"wd-accordion-opener\"><\/span>\n\t\t\t\t\t<\/div>\n\n\t\t\t\t\t<div class=\"wd-accordion-content wd-entry-content wd-active\" data-accordion-index=\"0\">\n\t\t\t\t\t\t\t\t\t\t\t\t\t\n<div class=\"et_pb_module et_pb_text et_pb_text_0 et_pb_text_align_left et_pb_bg_layout_light\">\n<div class=\"et_pb_text_inner\">\n<div class=\"et_pb_module et_pb_text et_pb_text_0 et_pb_text_align_left et_pb_bg_layout_light\">\n<div class=\"et_pb_text_inner\">\n<div class=\"et_pb_module et_pb_text et_pb_text_0 et_pb_text_align_left et_pb_bg_layout_light\">\n<div class=\"et_pb_text_inner\">\n<div class=\"et_pb_module et_pb_text et_pb_text_0 et_pb_text_align_left et_pb_bg_layout_light\">\n<div class=\"et_pb_text_inner\">\n<div class=\"et_pb_module et_pb_text et_pb_text_0 et_pb_text_align_left et_pb_bg_layout_light\">\n<div class=\"et_pb_text_inner\">\n<p>LED screens are microelectronic display systems manufactured using computer and communication technologies. Unlike monitors and projectors, they operate outdoors in sunlight without degrading image quality, ensuring image perception. Their clear image, high resolution, and long-term durability make them a preferred choice in the advertising and entertainment industries. LED screen technology has been popular since its inception, becoming the most popular method for companies to meet their advertising needs. They are preferred because they offer uninterrupted advertising opportunities and are cost-effective. Studio LED screens are also notable for their large size and high quality.<\/p>\n<\/div>\n<\/div>\n<\/div>\n<\/div>\n<\/div>\n<\/div>\n<\/div>\n<\/div>\n<\/div>\n<\/div>\n\t\t\t\t\t\t\t\t\t\t\t<\/div>\n\t\t\t\t<\/div>\n\t\t\t\t\t\t\t\n\t\t\t\t\n\t\t\t\t<div class=\"wd-accordion-item\">\n\t\t\t\t\t<div class=\"wd-accordion-title font-primary wd-fontsize-s wd-font-weight-600\" data-accordion-index=\"1\">\n\t\t\t\t\t\t<div class=\"wd-accordion-title-text\">\n\t\t\t\t\t\t\t\t\t\t\t\t\t\t<span>\n\t\t\t\t\t\t\t\tWhat are the Features of Studio LED Screen?\t\t\t\t\t\t\t<\/span>\n\t\t\t\t\t\t<\/div>\n\t\t\t\t\t\t<span class=\"wd-accordion-opener\"><\/span>\n\t\t\t\t\t<\/div>\n\n\t\t\t\t\t<div class=\"wd-accordion-content wd-entry-content\" data-accordion-index=\"1\">\n\t\t\t\t\t\t\t\t\t\t\t\t\t<p>Studio LED screens are designed to be completely suitable for studios. They can be used not only in studios but also in various work environments for various purposes. They can be wall-mounted or recessed into concrete. Studio LED screen options are available in various sizes and to suit the desired model. LED screens specifically designed for studios provide better results in environments with less intense daylight compared to outdoor LED screen systems. As with all LED screens, studio LED screens are categorized according to the distance between pixels. The correct pixel pitch for LED screens is determined by accurately calculating the viewing distance, taking into account the size of the studio. The distance between pixels on LED screens significantly affects image quality. For LED screens viewed from a distance, a pixel pitch of P8 or P10 is sufficient. For closer distances, a pixel pitch of P2 or P4 is ideal. Calculating pixels based on viewing distance is crucial for achieving high-quality images.<\/p>\n\t\t\t\t\t\t\t\t\t\t\t<\/div>\n\t\t\t\t<\/div>\n\t\t\t\t\t\t\t\n\t\t\t\t\n\t\t\t\t<div class=\"wd-accordion-item\">\n\t\t\t\t\t<div class=\"wd-accordion-title font-primary wd-fontsize-s wd-font-weight-600\" data-accordion-index=\"2\">\n\t\t\t\t\t\t<div class=\"wd-accordion-title-text\">\n\t\t\t\t\t\t\t\t\t\t\t\t\t\t<span>\n\t\t\t\t\t\t\t\tWhat are the Prices of Studio LED Screens?\t\t\t\t\t\t\t<\/span>\n\t\t\t\t\t\t<\/div>\n\t\t\t\t\t\t<span class=\"wd-accordion-opener\"><\/span>\n\t\t\t\t\t<\/div>\n\n\t\t\t\t\t<div class=\"wd-accordion-content wd-entry-content\" data-accordion-index=\"2\">\n\t\t\t\t\t\t\t\t\t\t\t\t\t\n<div class=\"et_pb_column et_pb_column_2_3 et_pb_column_0 et_pb_css_mix_blend_mode_passthrough\">\n<div class=\"et_pb_module et_pb_text et_pb_text_1 et_pb_text_align_left et_pb_bg_layout_light\">\n<div class=\"et_pb_text_inner\">\n<div class=\"et_pb_column et_pb_column_2_3 et_pb_column_0 et_pb_css_mix_blend_mode_passthrough\">\n<div class=\"et_pb_module et_pb_text et_pb_text_1 et_pb_text_align_left et_pb_bg_layout_light\">\n<div class=\"et_pb_text_inner\">\n<div class=\"et_pb_column et_pb_column_2_3 et_pb_column_0 et_pb_css_mix_blend_mode_passthrough\">\n<div class=\"et_pb_module et_pb_text et_pb_text_1 et_pb_text_align_left et_pb_bg_layout_light\">\n<div class=\"et_pb_text_inner\">\n<div class=\"et_pb_column et_pb_column_2_3 et_pb_column_0 et_pb_css_mix_blend_mode_passthrough\">\n<div class=\"et_pb_module et_pb_text et_pb_text_1 et_pb_text_align_left et_pb_bg_layout_light\">\n<div class=\"et_pb_text_inner\">\n<div class=\"et_pb_column et_pb_column_2_3 et_pb_column_0 et_pb_css_mix_blend_mode_passthrough\">\n<div class=\"et_pb_module et_pb_text et_pb_text_1 et_pb_text_align_left et_pb_bg_layout_light\">\n<div class=\"et_pb_text_inner\">\n<p>Care should be taken to ensure that the LED screens chosen are appropriate for the specific features of the space. For best results, the size and installation method should be determined by experts in the field. Studio LED screens used in studios facing camera lights should have a refresh rate of 2000 hertz, unlike outdoor LEDs, to ensure smooth operation and a clearer image. The price of a studio LED screen varies depending on the number of pixels and the resulting image quality. Another factor that increases the quality of LED screens is the screen size. For a high-pixel LED screen to have a good image, a wide viewing distance and a large screen size are also required. A low-pixel screen allows for closer viewing. Studio LED screen prices are quite reasonable, considering their low energy consumption and excellent image quality. Their ease of installation and durability are also advantages. Their high-quality image at close range and high refresh rate make them a popular choice for studios.<\/p>\n<\/div>\n<\/div>\n<\/div>\n<div class=\"et_pb_column et_pb_column_1_3 et_pb_column_1 et_pb_css_mix_blend_mode_passthrough et-last-child\">\n<div class=\"et_pb_with_border et_pb_module et_pb_text et_pb_text_2 et_pb_text_align_left et_pb_bg_layout_light\">\n<div class=\"et_pb_text_inner\"><\/div>\n<\/div>\n<\/div>\n<\/div>\n<\/div>\n<\/div>\n<\/div>\n<\/div>\n<\/div>\n<\/div>\n<\/div>\n<\/div>\n<\/div>\n<\/div>\n<\/div>\n\t\t\t\t\t\t\t\t\t\t\t<\/div>\n\t\t\t\t<\/div>\n\t\t\t\t\t\t\t\t\t\t\t\t\t\t<\/div>\n\n\t\t<\/div><\/div><\/div><\/div><div class=\"vc_row wpb_row vc_row-fluid\"><div class=\"wpb_column vc_column_container vc_col-sm-12\"><div class=\"vc_column-inner\"><div class=\"wpb_wrapper\">\n\t<div class=\"wpb_text_column wpb_content_element\" >\n\t\t<div class=\"wpb_wrapper\">\n\t\t\t\n\t\t<\/div>\n\t<\/div>\n<\/div><\/div><\/div><\/div><div class=\"vc_row wpb_row vc_row-fluid\"><div class=\"wpb_column vc_column_container vc_col-sm-12\"><div class=\"vc_column-inner\"><div class=\"wpb_wrapper\">\n\t<div class=\"wpb_text_column wpb_content_element\" >\n\t\t<div class=\"wpb_wrapper\">\n\t\t\t\n\t\t<\/div>\n\t<\/div>\n<\/div><\/div><\/div><\/div>\n<\/div>","protected":false},"excerpt":{"rendered":"\u00c7\u00d6Z\u00dcMLER\u0130M\u0130Z Totem Led EkranA\u00e7\u0131k Hava Led EkranMa\u011faza Led EkranTrafik Bilgi Led Ekran\u0131St\u00fcdyo Led EkranBina Cephe Led EkranAra\u00e7 Mobil Led EkranKonser","protected":false},"author":1,"featured_media":0,"parent":0,"menu_order":0,"comment_status":"closed","ping_status":"closed","template":"","meta":{"footnotes":""},"class_list":["post-10871","page","type-page","status-publish","hentry"],"_links":{"self":[{"href":"https:\/\/fenova.com.tr\/en\/wp-json\/wp\/v2\/pages\/10871","targetHints":{"allow":["GET"]}}],"collection":[{"href":"https:\/\/fenova.com.tr\/en\/wp-json\/wp\/v2\/pages"}],"about":[{"href":"https:\/\/fenova.com.tr\/en\/wp-json\/wp\/v2\/types\/page"}],"author":[{"embeddable":true,"href":"https:\/\/fenova.com.tr\/en\/wp-json\/wp\/v2\/users\/1"}],"replies":[{"embeddable":true,"href":"https:\/\/fenova.com.tr\/en\/wp-json\/wp\/v2\/comments?post=10871"}],"version-history":[{"count":3,"href":"https:\/\/fenova.com.tr\/en\/wp-json\/wp\/v2\/pages\/10871\/revisions"}],"predecessor-version":[{"id":10875,"href":"https:\/\/fenova.com.tr\/en\/wp-json\/wp\/v2\/pages\/10871\/revisions\/10875"}],"wp:attachment":[{"href":"https:\/\/fenova.com.tr\/en\/wp-json\/wp\/v2\/media?parent=10871"}],"curies":[{"name":"wp","href":"https:\/\/api.w.org\/{rel}","templated":true}]}}