{"id":10817,"date":"2025-08-13T11:13:07","date_gmt":"2025-08-13T08:13:07","guid":{"rendered":"https:\/\/fenova.com.tr\/?page_id=10817"},"modified":"2025-09-19T13:21:28","modified_gmt":"2025-09-19T10:21:28","slug":"poster-led-ekran","status":"publish","type":"page","link":"https:\/\/fenova.com.tr\/en\/poster-led-ekran\/","title":{"rendered":"Poster LED Screen"},"content":{"rendered":"<div class=\"wpb-content-wrapper\"><div class=\"vc_row wpb_row vc_row-fluid\"><div class=\"wpb_column vc_column_container vc_col-sm-12\"><div class=\"vc_column-inner\"><div class=\"wpb_wrapper\"><div class=\"vc_empty_space\"   style=\"height: 132px\"><span class=\"vc_empty_space_inner\"><\/span><\/div><\/div><\/div><\/div><\/div><div class=\"vc_row wpb_row vc_row-fluid\"><div class=\"wpb_column vc_column_container vc_col-sm-3\"><div class=\"vc_column-inner\"><div class=\"wpb_wrapper\">\n\t\t<div id=\"wd-687db531f24a2\" class=\"title-wrapper wd-wpb wd-set-mb reset-last-child  wd-rs-687db531f24a2 wd-title-color-default wd-title-style-simple text-left  wd-underline-colored\">\n\t\t\t\n\t\t\t<div class=\"liner-continer\">\n\t\t\t\t<h4 class=\"woodmart-title-container title  wd-font-weight-700 wd-fontsize-l\" >OUR PRODUCTS<\/h4>\n\t\t\t\t\t\t\t<\/div>\n\t\t\t\n\t\t\t\n\t\t\t\n\t\t<\/div>\n\t\t\n\t\t<div class=\"vc_empty_space\"   style=\"height: 6px\"><span class=\"vc_empty_space_inner\"><\/span><\/div><div id=\"wd-689c48e959c15\" class=\"wd-rs-689c48e959c15 vc_custom_1755072751376 wd-button-wrapper text-left\"><a href=\"https:\/\/fenova.com.tr\/en\/dis-mekan-led-ekran\/\" title=\"\" style=\"--btn-color:#333;--btn-color-hover:#fff;\" class=\"btn btn-style-default btn-shape-semi-round btn-size-extra-large btn-full-width btn-icon-pos-right\">Outdoor LED Screen<span class=\"wd-btn-icon\"><span class=\"wd-icon fa fa-solid fa-arrow-right-long\"><\/span><\/span><\/a><\/div><div class=\"vc_empty_space\"   style=\"height: 12px\"><span class=\"vc_empty_space_inner\"><\/span><\/div><div id=\"wd-689c4999854dc\" class=\"wd-rs-689c4999854dc  wd-button-wrapper text-left\"><a href=\"https:\/\/fenova.com.tr\/en\/ic-mekan-led-ekran\/\" title=\"\" style=\"--btn-color:#333;--btn-color-hover:#fff;\" class=\"btn btn-style-default btn-shape-semi-round btn-size-extra-large btn-full-width btn-icon-pos-right\">Indoor LED Screen<span class=\"wd-btn-icon\"><span class=\"wd-icon fa fa-solid fa-arrow-right-long\"><\/span><\/span><\/a><\/div><div class=\"vc_empty_space\"   style=\"height: 12px\"><span class=\"vc_empty_space_inner\"><\/span><\/div><div id=\"wd-689c49776d882\" class=\"wd-rs-689c49776d882 vc_custom_1755072902525 wd-button-wrapper text-left\"><a href=\"https:\/\/fenova.com.tr\/en\/rental-led-ekran\/\" title=\"\" style=\"--btn-color:#333;--btn-color-hover:#fff;\" class=\"btn btn-style-default btn-shape-semi-round btn-size-extra-large btn-full-width btn-icon-pos-right\">Rental LED Screen<span class=\"wd-btn-icon\"><span class=\"wd-icon fa fa-solid fa-arrow-right-long\"><\/span><\/span><\/a><\/div><div class=\"vc_empty_space\"   style=\"height: 12px\"><span class=\"vc_empty_space_inner\"><\/span><\/div><div id=\"wd-689c496657d70\" class=\"wd-rs-689c496657d70  wd-button-wrapper text-left\"><a href=\"https:\/\/fenova.com.tr\/en\/poster-led-ekran\/\" title=\"\" style=\"--btn-color:#fff;--btn-color-hover:#fff;\" class=\"btn btn-style-default btn-shape-semi-round btn-size-extra-large btn-full-width btn-icon-pos-right\">Poster LED Screen<span class=\"wd-btn-icon\"><span class=\"wd-icon fa fa-solid fa-arrow-right-long\"><\/span><\/span><\/a><\/div><div class=\"vc_empty_space\"   style=\"height: 32px\"><span class=\"vc_empty_space_inner\"><\/span><\/div><div class=\"vc_row wpb_row vc_inner vc_row-fluid vc_custom_1753178722342 vc_row-has-fill wd-rs-687f625a0b9b8\"><div class=\"wpb_column vc_column_container vc_col-sm-12\"><div class=\"vc_column-inner\"><div class=\"wpb_wrapper\"><div class=\"vc_empty_space\"   style=\"height: 12px\"><span class=\"vc_empty_space_inner\"><\/span><\/div><div class=\"vc_icon_element vc_icon_element-outer vc_do_icon vc_icon_element-align-center vc_icon_element-have-style\"><div class=\"vc_icon_element-inner vc_icon_element-color-white vc_icon_element-have-style-inner vc_icon_element-size-md vc_icon_element-style-rounded vc_icon_element-background vc_icon_element-background-color-custom\"  style=\"background-color:#F37B41\"><span class=\"vc_icon_element-icon fa fa-solid fa-phone-volume\" ><\/span><\/div><\/div>\n\t\t<div id=\"wd-687f628b73ab5\" class=\"title-wrapper wd-wpb wd-set-mb reset-last-child  wd-rs-687f628b73ab5 wd-title-color-default wd-title-style-default text-center vc_custom_1753178771141 wd-underline-colored\">\n\t\t\t\n\t\t\t<div class=\"liner-continer\">\n\t\t\t\t<h4 class=\"woodmart-title-container title  wd-font-weight-700 wd-fontsize-xl\" >CONTACT US<\/h4>\n\t\t\t\t\t\t\t<\/div>\n\t\t\t\n\t\t\t\n\t\t\t\n\t\t<\/div>\n\t\t\n\t\t<div class=\"vc_separator wpb_content_element vc_separator_align_center vc_sep_width_100 vc_sep_pos_align_center vc_separator_no_text vc_sep_color_blue\" ><span class=\"vc_sep_holder vc_sep_holder_l\"><span class=\"vc_sep_line\"><\/span><\/span><span class=\"vc_sep_holder vc_sep_holder_r\"><span class=\"vc_sep_line\"><\/span><\/span>\n<\/div>\t\t<div id=\"wd-689c41c9f37db\" class=\"wd-text-block wd-wpb reset-last-child wd-rs-689c41c9f37db text-center color-scheme-light wd-font-weight-400 wd-fontsize-custom\">\n\t\t\t<p>Our Contact Information<\/p>\n\t\t<\/div>\n\t\t\t\t<div id=\"wd-689c41ba56240\" class=\"wd-text-block wd-wpb reset-last-child wd-rs-689c41ba56240 text-center color-scheme-light wd-font-weight-700 wd-fontsize-custom vc_custom_1755070920118\">\n\t\t\t<p><a href=\"https:\/\/wa.me\/905343951414\" target=\"_blank\" rel=\"noopener\">+90 534 395 14 14<\/a><\/p>\n\t\t<\/div>\n\t\t<div class=\"vc_empty_space\"   style=\"height: 12px\"><span class=\"vc_empty_space_inner\"><\/span><\/div><\/div><\/div><\/div><\/div><\/div><\/div><\/div><div class=\"wpb_column vc_column_container vc_col-sm-9 wd-rs-687f65bfcd2eb\"><div class=\"vc_column-inner vc_custom_1753179600386\"><div class=\"wpb_wrapper\">\t\t<div id=\"gallery_666\" class=\"wd-images-gallery wd-wpb wd-rs-687db4d811428 photoswipe-images wd-carousel-container wd-wpb\" style=\"--wd-justify-content:center;--wd-align-items:center;\">\n\t\t\t\t\t\t\t<div class=\"wd-carousel-inner\">\n\t\t\t\n\t\t\t<div class=\"wd-carousel wd-grid\"data-speed=\"3000\" data-wrap=\"yes\" data-autoplay=\"yes\" data-autoheight=\"yes\" data-scroll_per_page=\"yes\" style=\"--wd-col-lg:1;--wd-col-md:1;--wd-col-sm:1;--wd-gap-lg:0px;\">\n\t\t\t\t\t\t\t\t\t<div class=\"wd-carousel-wrap\">\n\t\t\t\t\n\t\t\t\t\t\t\t\t\t\t\t\t\t\t\t<div class=\"wd-gallery-item wd-carousel-item\">\n\t\t\t\t\t\t\t\t\t\t\t\t\t\t<a href=\"https:\/\/fenova.com.tr\/wp-content\/uploads\/2025\/07\/fenova_bg-1.png\" data-elementor-open-lightbox=\"no\" data-index=\"1\" data-width=\"750\" data-height=\"452\">\n\t\t\t\t\t\t\t\t\n\t\t\t\t\t\t\t\t<img loading=\"lazy\" decoding=\"async\" width=\"750\" height=\"452\" src=\"https:\/\/fenova.com.tr\/wp-content\/uploads\/2025\/07\/fenova_bg-1.png\" class=\"wd-gallery-image image-1\" alt=\"\" srcset=\"https:\/\/fenova.com.tr\/wp-content\/uploads\/2025\/07\/fenova_bg-1.png 750w, https:\/\/fenova.com.tr\/wp-content\/uploads\/2025\/07\/fenova_bg-1-430x259.png 430w, https:\/\/fenova.com.tr\/wp-content\/uploads\/2025\/07\/fenova_bg-1-150x90.png 150w, https:\/\/fenova.com.tr\/wp-content\/uploads\/2025\/07\/fenova_bg-1-700x422.png 700w, https:\/\/fenova.com.tr\/wp-content\/uploads\/2025\/07\/fenova_bg-1-400x241.png 400w\" sizes=\"auto, (max-width: 750px) 100vw, 750px\" \/>\n\t\t\t\t\t\t\t\t\t\t\t\t\t\t\t<\/a>\n\t\t\t\t\t\t\t\t\t\t\t\t<\/div>\n\t\t\t\t\t\t\t\t\t\t\t<div class=\"wd-gallery-item wd-carousel-item\">\n\t\t\t\t\t\t\t\t\t\t\t\t\t\t<a href=\"https:\/\/fenova.com.tr\/wp-content\/uploads\/2025\/07\/fenova_bg-2.png\" data-elementor-open-lightbox=\"no\" data-index=\"2\" data-width=\"750\" data-height=\"452\">\n\t\t\t\t\t\t\t\t\n\t\t\t\t\t\t\t\t<img loading=\"lazy\" decoding=\"async\" width=\"750\" height=\"452\" src=\"https:\/\/fenova.com.tr\/wp-content\/uploads\/2025\/07\/fenova_bg-2.png\" class=\"wd-gallery-image image-2\" alt=\"\" srcset=\"https:\/\/fenova.com.tr\/wp-content\/uploads\/2025\/07\/fenova_bg-2.png 750w, https:\/\/fenova.com.tr\/wp-content\/uploads\/2025\/07\/fenova_bg-2-430x259.png 430w, https:\/\/fenova.com.tr\/wp-content\/uploads\/2025\/07\/fenova_bg-2-150x90.png 150w, https:\/\/fenova.com.tr\/wp-content\/uploads\/2025\/07\/fenova_bg-2-700x422.png 700w, https:\/\/fenova.com.tr\/wp-content\/uploads\/2025\/07\/fenova_bg-2-400x241.png 400w\" sizes=\"auto, (max-width: 750px) 100vw, 750px\" \/>\n\t\t\t\t\t\t\t\t\t\t\t\t\t\t\t<\/a>\n\t\t\t\t\t\t\t\t\t\t\t\t<\/div>\n\t\t\t\t\t\t\t\t\t\t\t<div class=\"wd-gallery-item wd-carousel-item\">\n\t\t\t\t\t\t\t\t\t\t\t\t\t\t<a href=\"https:\/\/fenova.com.tr\/wp-content\/uploads\/2025\/07\/fenova_bg-3.png\" data-elementor-open-lightbox=\"no\" data-index=\"3\" data-width=\"750\" data-height=\"452\">\n\t\t\t\t\t\t\t\t\n\t\t\t\t\t\t\t\t<img loading=\"lazy\" decoding=\"async\" width=\"750\" height=\"452\" src=\"https:\/\/fenova.com.tr\/wp-content\/uploads\/2025\/07\/fenova_bg-3.png\" class=\"wd-gallery-image image-3\" alt=\"\" srcset=\"https:\/\/fenova.com.tr\/wp-content\/uploads\/2025\/07\/fenova_bg-3.png 750w, https:\/\/fenova.com.tr\/wp-content\/uploads\/2025\/07\/fenova_bg-3-430x259.png 430w, https:\/\/fenova.com.tr\/wp-content\/uploads\/2025\/07\/fenova_bg-3-150x90.png 150w, https:\/\/fenova.com.tr\/wp-content\/uploads\/2025\/07\/fenova_bg-3-700x422.png 700w, https:\/\/fenova.com.tr\/wp-content\/uploads\/2025\/07\/fenova_bg-3-400x241.png 400w\" sizes=\"auto, (max-width: 750px) 100vw, 750px\" \/>\n\t\t\t\t\t\t\t\t\t\t\t\t\t\t\t<\/a>\n\t\t\t\t\t\t\t\t\t\t\t\t<\/div>\n\t\t\t\t\t\t\t\t\t\t\t<div class=\"wd-gallery-item wd-carousel-item\">\n\t\t\t\t\t\t\t\t\t\t\t\t\t\t<a href=\"https:\/\/fenova.com.tr\/wp-content\/uploads\/2025\/07\/fenova_bg-4.png\" data-elementor-open-lightbox=\"no\" data-index=\"4\" data-width=\"750\" data-height=\"452\">\n\t\t\t\t\t\t\t\t\n\t\t\t\t\t\t\t\t<img loading=\"lazy\" decoding=\"async\" width=\"750\" height=\"452\" src=\"https:\/\/fenova.com.tr\/wp-content\/uploads\/2025\/07\/fenova_bg-4.png\" class=\"wd-gallery-image image-4\" alt=\"\" srcset=\"https:\/\/fenova.com.tr\/wp-content\/uploads\/2025\/07\/fenova_bg-4.png 750w, https:\/\/fenova.com.tr\/wp-content\/uploads\/2025\/07\/fenova_bg-4-430x259.png 430w, https:\/\/fenova.com.tr\/wp-content\/uploads\/2025\/07\/fenova_bg-4-150x90.png 150w, https:\/\/fenova.com.tr\/wp-content\/uploads\/2025\/07\/fenova_bg-4-700x422.png 700w, https:\/\/fenova.com.tr\/wp-content\/uploads\/2025\/07\/fenova_bg-4-400x241.png 400w\" sizes=\"auto, (max-width: 750px) 100vw, 750px\" \/>\n\t\t\t\t\t\t\t\t\t\t\t\t\t\t\t<\/a>\n\t\t\t\t\t\t\t\t\t\t\t\t<\/div>\n\t\t\t\t\t\t\t\t\t\t\t<div class=\"wd-gallery-item wd-carousel-item\">\n\t\t\t\t\t\t\t\t\t\t\t\t\t\t<a href=\"https:\/\/fenova.com.tr\/wp-content\/uploads\/2025\/07\/fenova_bg-5.png\" data-elementor-open-lightbox=\"no\" data-index=\"5\" data-width=\"750\" data-height=\"452\">\n\t\t\t\t\t\t\t\t\n\t\t\t\t\t\t\t\t<img loading=\"lazy\" decoding=\"async\" width=\"750\" height=\"452\" src=\"https:\/\/fenova.com.tr\/wp-content\/uploads\/2025\/07\/fenova_bg-5.png\" class=\"wd-gallery-image image-5\" alt=\"\" srcset=\"https:\/\/fenova.com.tr\/wp-content\/uploads\/2025\/07\/fenova_bg-5.png 750w, https:\/\/fenova.com.tr\/wp-content\/uploads\/2025\/07\/fenova_bg-5-430x259.png 430w, https:\/\/fenova.com.tr\/wp-content\/uploads\/2025\/07\/fenova_bg-5-150x90.png 150w, https:\/\/fenova.com.tr\/wp-content\/uploads\/2025\/07\/fenova_bg-5-700x422.png 700w, https:\/\/fenova.com.tr\/wp-content\/uploads\/2025\/07\/fenova_bg-5-400x241.png 400w\" sizes=\"auto, (max-width: 750px) 100vw, 750px\" \/>\n\t\t\t\t\t\t\t\t\t\t\t\t\t\t\t<\/a>\n\t\t\t\t\t\t\t\t\t\t\t\t<\/div>\n\t\t\t\t\t\t\t\t\t\n\t\t\t\t\t\t\t\t\t<\/div>\n\t\t\t\t\t\t\t<\/div>\n\n\t\t\t\t\t\t\t\t\t\t\t\t\t\t<div class=\"wd-nav-arrows wd-pos-sep wd-hover-1 wd-icon-1\">\n\t\t\t<div class=\"wd-btn-arrow wd-prev wd-disabled\">\n\t\t\t\t<div class=\"wd-arrow-inner\"><\/div>\n\t\t\t<\/div>\n\t\t\t<div class=\"wd-btn-arrow wd-next\">\n\t\t\t\t<div class=\"wd-arrow-inner\"><\/div>\n\t\t\t<\/div>\n\t\t<\/div>\n\t\t\t\t\t\t\n\t\t\t\t<\/div>\n\n\t\t\t\t\t\t<div class=\"wd-nav-pagin-wrap text-center wd-style-shape wd-hide-md-sm wd-hide-sm\">\n\t\t\t<ul class=\"wd-nav-pagin\"><\/ul>\n\t\t<\/div>\n\t\t\t\t\t\t\t\t\t\t\t<\/div>\n\t\t\n\t\t<div id=\"wd-687dbb050660c\" class=\"wd-accordion wd-wpb wd-rs-687dbb050660c  wd-style-default wd-titles-left wd-opener-pos-left wd-opener-style-arrow\" data-state=\"all_closed\">\n\t\t\t\t\t\t\t\n\t\t\t\t\n\t\t\t\t<div class=\"wd-accordion-item\">\n\t\t\t\t\t<div class=\"wd-accordion-title font-primary wd-fontsize-s wd-font-weight-600\" data-accordion-index=\"0\">\n\t\t\t\t\t\t<div class=\"wd-accordion-title-text\">\n\t\t\t\t\t\t\t\t\t\t\t\t\t\t<span>\n\t\t\t\t\t\t\t\tAbout Poster LED Screen\t\t\t\t\t\t\t<\/span>\n\t\t\t\t\t\t<\/div>\n\t\t\t\t\t\t<span class=\"wd-accordion-opener\"><\/span>\n\t\t\t\t\t<\/div>\n\n\t\t\t\t\t<div class=\"wd-accordion-content wd-entry-content\" data-accordion-index=\"0\">\n\t\t\t\t\t\t\t\t\t\t\t\t\t\n<h1><strong>Poster Led Ekran: Marjinal Reklam ve Tan\u0131t\u0131m \u00c7\u00f6z\u00fcm\u00fc<\/strong><\/h1>\n<h2><strong>Poster Led Ekran Nedir?<\/strong><\/h2>\n<p><strong>Poster led ekran<\/strong>, \u00f6zellikle kapal\u0131 alanlarda kullan\u0131lan dikey formda tasarlanan portatif dijital ekran se\u00e7eneklerinden biridir. Dikkat \u00e7ekici tasar\u0131ma sahip olan bu led ekranlar, ince yap\u0131dad\u0131r ve y\u00fcksek g\u00f6r\u00fcnt\u00fc kalitesine sahiptir. Son zamanlarda bir\u00e7ok markan\u0131n ilgi oda\u011f\u0131 olmay\u0131 ba\u015faran poster led ekran, kolay ta\u015f\u0131nabilirli\u011fi sayesinde de olduk\u00e7a avantajl\u0131d\u0131r.<\/p>\n<h3><strong>Poster Led Ekranlar\u0131n \u00d6ne \u00c7\u0131kan \u00d6zellikleri<\/strong><\/h3>\n<p>Poster led ekranlar\u0131n dikkat \u00e7eken ba\u015fl\u0131ca \u00f6zelliklerini \u015fu \u015fekilde s\u0131ralamak m\u00fcmk\u00fcn;<\/p>\n<ul>\n<li><strong>Hafif ve Portatif Tasar\u0131m: <\/strong>Poster led ekranlar, di\u011fer ekran \u00e7\u00f6z\u00fcmlerine k\u0131yasla kolayca farkl\u0131 alanlara ta\u015f\u0131nabilir olmas\u0131 y\u00f6n\u00fcyle tercih sebebi olur.<\/li>\n<li><strong>Y\u00fcksek G\u00f6r\u00fcnt\u00fc Kalitesi:<\/strong> Y\u00fcksek \u00e7\u00f6z\u00fcn\u00fcrl\u00fc\u011fe sahip olmalar\u0131, poster led ekranlar\u0131n net ve canl\u0131 bir g\u00f6r\u00fcnt\u00fc sunmalar\u0131n\u0131 sa\u011flar.<\/li>\n<li><strong>Kolay Kurulum: <\/strong>Poster led ekranlar\u0131n kurulum s\u00fcresi olduk\u00e7a k\u0131sad\u0131r. Pratik bir kurulum imkan\u0131 sunmas\u0131 poster led ekranlar\u0131n tercih edilme olas\u0131l\u0131\u011f\u0131n\u0131 art\u0131r\u0131r.<br \/>\n<strong>Esnek \u0130\u00e7erik Y\u00f6netimi:<\/strong> Farkl\u0131 dijital ortamlardan poster led ekrana g\u00f6r\u00fcnt\u00fc aktar\u0131m\u0131 yapmak olduk\u00e7a basittir.<\/li>\n<\/ul>\n<p><strong>Poster Led Ekranlar Hangi Alanlarda Kullan\u0131l\u0131r? <\/strong><\/p>\n<p><strong>Poster led ekranlar<\/strong> geni\u015f bir kullan\u0131m alan\u0131na sahiptir. Ba\u015fl\u0131ca kullan\u0131m alanlar\u0131 \u015funlard\u0131r;<\/p>\n<ul>\n<li><strong>Otel ve Restoranlar: <\/strong>Otel ve restoranlar \u00f6zel duyuru, etkinlik, men\u00fc ve kampanya duyurular\u0131nda poster led ekranlar\u0131 tercih edebilirler.<\/li>\n<li><strong>Ma\u011faza Vitrinleri: <\/strong>Ma\u011fazac\u0131l\u0131k sekt\u00f6r\u00fcnde yeni \u00fcr\u00fcn tan\u0131t\u0131mlar\u0131 ve g\u00fcncel indirimler hakk\u0131nda bilgi vermek amac\u0131yla poster led ekranlar kullan\u0131labilir.<\/li>\n<li><strong>Kurumsal Reklamlar: <\/strong>\u015eirket ve ofis giri\u015flerinde, toplant\u0131 salonlar\u0131nda kurumsal imaj a\u00e7\u0131s\u0131ndan poster led ekranlar tercih edilebilir.<\/li>\n<li><strong>Fuar ve Sergiler: <\/strong>Kat\u0131l\u0131mc\u0131lar\u0131n dikkatini \u00e7ekmek ve etkin bir sunum sa\u011flayabilmek amac\u0131yla fuar ve sergilerde poster led ekranlar kullan\u0131labilir.<\/li>\n<\/ul>\n<p><strong>Poster Led Ekran Sat\u0131n Al\u0131rken Dikkat Edilmesi Gerekenler<\/strong><\/p>\n<p>Poster led ekran sat\u0131n al\u0131rken dikkat edilmesi gereken ba\u015fl\u0131ca detaylar \u015funlard\u0131r;<\/p>\n<ul>\n<li><strong>Ekran Boyutu: <\/strong>Sat\u0131n al\u0131nacak poster led ekran boyutunun kullan\u0131m alan\u0131na uygun olmas\u0131 olduk\u00e7a \u00f6nemlidir.<\/li>\n<li><strong>Led Ekran Parlakl\u0131\u011f\u0131: <\/strong>Ayn\u0131 \u015fekilde kullan\u0131laca\u011f\u0131 ortam\u0131n \u0131\u015f\u0131\u011f\u0131na uygun parlakl\u0131kta olmas\u0131, poster led ekran se\u00e7iminde olduk\u00e7a \u00f6nemli bir detayd\u0131r.<\/li>\n<li><strong>Garanti ve Teknik Destek:<\/strong> Poster led ekran sat\u0131n al\u0131nacak olan firman\u0131n sat\u0131\u015f sonras\u0131 destek sa\u011flamas\u0131 \u00f6nemli bir kriterdir. Fenova, profesyonel ekibiyle sat\u0131\u015f \u00f6ncesinde ve sonras\u0131nda s\u00fcrecinize ba\u015far\u0131l\u0131 bir \u015fekilde e\u015flik eder.<\/li>\n<\/ul>\n<h3><strong>Neden Poster Led Ekranlar\u0131 Tercih Etmelisiniz?<\/strong><\/h3>\n<p>Poster led ekranlar, geleneksel reklamc\u0131l\u0131k anlay\u0131\u015f\u0131na k\u0131yasla daha dinamik ve dikkat \u00e7ekici bir tan\u0131t\u0131m imkan\u0131 sunar. Videolar, animasyonlar, hareketli g\u00f6rseller gibi i\u00e7erikler i\u015fletmenizin hedef kitlesine daha etkin bir \u015fekilde ula\u015fma avantaj\u0131 sunar.<\/p>\n<p>Ayn\u0131 zamanda poster led ekranlar\u0131n dayan\u0131kl\u0131 olmas\u0131 ve d\u00fc\u015f\u00fck enerji t\u00fcketimine sahip olmas\u0131 ekonomik ve uzun \u00f6m\u00fcrl\u00fc bir kullan\u0131m imkan\u0131 sa\u011flar. Pratik ve modern bir reklamc\u0131l\u0131k imkan\u0131 sunan poster led ekranlar, markalar\u0131n m\u00fc\u015fterileriyle ileti\u015fim g\u00fcc\u00fcn\u00fc art\u0131r\u0131r. Do\u011fru poster led ekran se\u00e7imi yap\u0131ld\u0131\u011f\u0131nda, i\u015fletmeler uzun y\u0131llar boyunca bu led ekranlar\u0131 tan\u0131t\u0131m arac\u0131 olarak kullanabilirler.<\/p>\n\t\t\t\t\t\t\t\t\t\t\t<\/div>\n\t\t\t\t<\/div>\n\t\t\t\t\t\t\t\n\t\t\t\t\n\t\t\t\t<div class=\"wd-accordion-item\">\n\t\t\t\t\t<div class=\"wd-accordion-title font-primary wd-fontsize-s wd-font-weight-600\" data-accordion-index=\"1\">\n\t\t\t\t\t\t<div class=\"wd-accordion-title-text\">\n\t\t\t\t\t\t\t\t\t\t\t\t\t\t<span>\n\t\t\t\t\t\t\t\tPoster LED Modules\t\t\t\t\t\t\t<\/span>\n\t\t\t\t\t\t<\/div>\n\t\t\t\t\t\t<span class=\"wd-accordion-opener\"><\/span>\n\t\t\t\t\t<\/div>\n\n\t\t\t\t\t<div class=\"wd-accordion-content wd-entry-content\" data-accordion-index=\"1\">\n\t\t\t\t\t\t\t\t\t\t\t\t\t\n\t\t\t\t\t\t\t\t\t\t\t<\/div>\n\t\t\t\t<\/div>\n\t\t\t\t\t\t\t\t\t\t\t\t\t\t<\/div>\n\n\t\t<\/div><\/div><\/div><\/div><div class=\"vc_row wpb_row vc_row-fluid\"><div class=\"wpb_column vc_column_container vc_col-sm-12\"><div class=\"vc_column-inner\"><div class=\"wpb_wrapper\">\n\t<div class=\"wpb_text_column wpb_content_element\" >\n\t\t<div class=\"wpb_wrapper\">\n\t\t\t\n\t\t<\/div>\n\t<\/div>\n<\/div><\/div><\/div><\/div>\n<\/div>","protected":false},"excerpt":{"rendered":"\u00dcR\u00dcNLER\u0130M\u0130Z D\u0131\u015f Mekan Led Ekran\u0130\u00e7 Mekan Led EkranRental Led EkranPoster Led Ekran B\u0130ZE ULA\u015eIN \u0130leti\u015fim Bilgilerimiz +90 534 395 14","protected":false},"author":1,"featured_media":0,"parent":0,"menu_order":0,"comment_status":"closed","ping_status":"closed","template":"","meta":{"footnotes":""},"class_list":["post-10817","page","type-page","status-publish","hentry"],"_links":{"self":[{"href":"https:\/\/fenova.com.tr\/en\/wp-json\/wp\/v2\/pages\/10817","targetHints":{"allow":["GET"]}}],"collection":[{"href":"https:\/\/fenova.com.tr\/en\/wp-json\/wp\/v2\/pages"}],"about":[{"href":"https:\/\/fenova.com.tr\/en\/wp-json\/wp\/v2\/types\/page"}],"author":[{"embeddable":true,"href":"https:\/\/fenova.com.tr\/en\/wp-json\/wp\/v2\/users\/1"}],"replies":[{"embeddable":true,"href":"https:\/\/fenova.com.tr\/en\/wp-json\/wp\/v2\/comments?post=10817"}],"version-history":[{"count":5,"href":"https:\/\/fenova.com.tr\/en\/wp-json\/wp\/v2\/pages\/10817\/revisions"}],"predecessor-version":[{"id":10996,"href":"https:\/\/fenova.com.tr\/en\/wp-json\/wp\/v2\/pages\/10817\/revisions\/10996"}],"wp:attachment":[{"href":"https:\/\/fenova.com.tr\/en\/wp-json\/wp\/v2\/media?parent=10817"}],"curies":[{"name":"wp","href":"https:\/\/api.w.org\/{rel}","templated":true}]}}