{"id":10810,"date":"2025-08-13T11:05:48","date_gmt":"2025-08-13T08:05:48","guid":{"rendered":"https:\/\/fenova.com.tr\/?page_id=10810"},"modified":"2025-09-19T13:59:20","modified_gmt":"2025-09-19T10:59:20","slug":"rental-led-ekran","status":"publish","type":"page","link":"https:\/\/fenova.com.tr\/en\/rental-led-ekran\/","title":{"rendered":"Rental LED Screen"},"content":{"rendered":"<div class=\"wpb-content-wrapper\"><div class=\"vc_row wpb_row vc_row-fluid\"><div class=\"wpb_column vc_column_container vc_col-sm-12\"><div class=\"vc_column-inner\"><div class=\"wpb_wrapper\"><div class=\"vc_empty_space\"   style=\"height: 132px\"><span class=\"vc_empty_space_inner\"><\/span><\/div><\/div><\/div><\/div><\/div><div class=\"vc_row wpb_row vc_row-fluid\"><div class=\"wpb_column vc_column_container vc_col-sm-3\"><div class=\"vc_column-inner\"><div class=\"wpb_wrapper\">\n\t\t<div id=\"wd-687db531f24a2\" class=\"title-wrapper wd-wpb wd-set-mb reset-last-child  wd-rs-687db531f24a2 wd-title-color-default wd-title-style-simple text-left  wd-underline-colored\">\n\t\t\t\n\t\t\t<div class=\"liner-continer\">\n\t\t\t\t<h4 class=\"woodmart-title-container title  wd-font-weight-700 wd-fontsize-l\" >OUR PRODUCTS<\/h4>\n\t\t\t\t\t\t\t<\/div>\n\t\t\t\n\t\t\t\n\t\t\t\n\t\t<\/div>\n\t\t\n\t\t<div class=\"vc_empty_space\"   style=\"height: 6px\"><span class=\"vc_empty_space_inner\"><\/span><\/div><div id=\"wd-689c48e959c15\" class=\"wd-rs-689c48e959c15 vc_custom_1755072751376 wd-button-wrapper text-left\"><a href=\"https:\/\/fenova.com.tr\/en\/dis-mekan-led-ekran\/\" title=\"\" style=\"--btn-color:#333;--btn-color-hover:#fff;\" class=\"btn btn-style-default btn-shape-semi-round btn-size-extra-large btn-full-width btn-icon-pos-right\">Outdoor LED Screen<span class=\"wd-btn-icon\"><span class=\"wd-icon fa fa-solid fa-arrow-right-long\"><\/span><\/span><\/a><\/div><div class=\"vc_empty_space\"   style=\"height: 12px\"><span class=\"vc_empty_space_inner\"><\/span><\/div><div id=\"wd-689c49f1e5330\" class=\"wd-rs-689c49f1e5330  wd-button-wrapper text-left\"><a href=\"https:\/\/fenova.com.tr\/en\/ic-mekan-led-ekran\/\" title=\"\" style=\"--btn-color:#333;--btn-color-hover:#fff;\" class=\"btn btn-style-default btn-shape-semi-round btn-size-extra-large btn-full-width btn-icon-pos-right\">Indoor LED Screen<span class=\"wd-btn-icon\"><span class=\"wd-icon fa fa-solid fa-arrow-right-long\"><\/span><\/span><\/a><\/div><div class=\"vc_empty_space\"   style=\"height: 12px\"><span class=\"vc_empty_space_inner\"><\/span><\/div><div id=\"wd-689c49f74d467\" class=\"wd-rs-689c49f74d467 vc_custom_1755073021717 wd-button-wrapper text-left\"><a href=\"https:\/\/fenova.com.tr\/en\/rental-led-ekran\/\" title=\"\" style=\"--btn-color:#fff;--btn-color-hover:#fff;\" class=\"btn btn-style-default btn-shape-semi-round btn-size-extra-large btn-full-width btn-icon-pos-right\">Rental LED Screen<span class=\"wd-btn-icon\"><span class=\"wd-icon fa fa-solid fa-arrow-right-long\"><\/span><\/span><\/a><\/div><div class=\"vc_empty_space\"   style=\"height: 12px\"><span class=\"vc_empty_space_inner\"><\/span><\/div><div id=\"wd-689c4a0598718\" class=\"wd-rs-689c4a0598718  wd-button-wrapper text-left\"><a href=\"https:\/\/fenova.com.tr\/en\/poster-led-ekran\/\" title=\"\" style=\"--btn-color:#333;--btn-color-hover:#fff;\" class=\"btn btn-style-default btn-shape-semi-round btn-size-extra-large btn-full-width btn-icon-pos-right\">Poster LED Screen<span class=\"wd-btn-icon\"><span class=\"wd-icon fa fa-solid fa-arrow-right-long\"><\/span><\/span><\/a><\/div><div class=\"vc_empty_space\"   style=\"height: 32px\"><span class=\"vc_empty_space_inner\"><\/span><\/div><div class=\"vc_row wpb_row vc_inner vc_row-fluid vc_custom_1753178722342 vc_row-has-fill wd-rs-687f625a0b9b8\"><div class=\"wpb_column vc_column_container vc_col-sm-12\"><div class=\"vc_column-inner\"><div class=\"wpb_wrapper\"><div class=\"vc_empty_space\"   style=\"height: 12px\"><span class=\"vc_empty_space_inner\"><\/span><\/div><div class=\"vc_icon_element vc_icon_element-outer vc_do_icon vc_icon_element-align-center vc_icon_element-have-style\"><div class=\"vc_icon_element-inner vc_icon_element-color-white vc_icon_element-have-style-inner vc_icon_element-size-md vc_icon_element-style-rounded vc_icon_element-background vc_icon_element-background-color-custom\"  style=\"background-color:#F37B41\"><span class=\"vc_icon_element-icon fa fa-solid fa-phone-volume\" ><\/span><\/div><\/div>\n\t\t<div id=\"wd-687f628b73ab5\" class=\"title-wrapper wd-wpb wd-set-mb reset-last-child  wd-rs-687f628b73ab5 wd-title-color-default wd-title-style-default text-center vc_custom_1753178771141 wd-underline-colored\">\n\t\t\t\n\t\t\t<div class=\"liner-continer\">\n\t\t\t\t<h4 class=\"woodmart-title-container title  wd-font-weight-700 wd-fontsize-xl\" >CONTACT US<\/h4>\n\t\t\t\t\t\t\t<\/div>\n\t\t\t\n\t\t\t\n\t\t\t\n\t\t<\/div>\n\t\t\n\t\t<div class=\"vc_separator wpb_content_element vc_separator_align_center vc_sep_width_100 vc_sep_pos_align_center vc_separator_no_text vc_sep_color_blue\" ><span class=\"vc_sep_holder vc_sep_holder_l\"><span class=\"vc_sep_line\"><\/span><\/span><span class=\"vc_sep_holder vc_sep_holder_r\"><span class=\"vc_sep_line\"><\/span><\/span>\n<\/div>\t\t<div id=\"wd-689c41c9f37db\" class=\"wd-text-block wd-wpb reset-last-child wd-rs-689c41c9f37db text-center color-scheme-light wd-font-weight-400 wd-fontsize-custom\">\n\t\t\t<p>Our Contact Information<\/p>\n\t\t<\/div>\n\t\t\t\t<div id=\"wd-689c41ba56240\" class=\"wd-text-block wd-wpb reset-last-child wd-rs-689c41ba56240 text-center color-scheme-light wd-font-weight-700 wd-fontsize-custom vc_custom_1755070920118\">\n\t\t\t<p><a href=\"https:\/\/wa.me\/905343951414\" target=\"_blank\" rel=\"noopener\">+90 534 395 14 14<\/a><\/p>\n\t\t<\/div>\n\t\t<div class=\"vc_empty_space\"   style=\"height: 12px\"><span class=\"vc_empty_space_inner\"><\/span><\/div><\/div><\/div><\/div><\/div><\/div><\/div><\/div><div class=\"wpb_column vc_column_container vc_col-sm-9 wd-rs-687f65bfcd2eb\"><div class=\"vc_column-inner vc_custom_1753179600386\"><div class=\"wpb_wrapper\">\t\t<div id=\"gallery_503\" class=\"wd-images-gallery wd-wpb wd-rs-687db4d811428 photoswipe-images wd-carousel-container wd-wpb\" style=\"--wd-justify-content:center;--wd-align-items:center;\">\n\t\t\t\t\t\t\t<div class=\"wd-carousel-inner\">\n\t\t\t\n\t\t\t<div class=\"wd-carousel wd-grid\"data-speed=\"3000\" data-wrap=\"yes\" data-autoplay=\"yes\" data-autoheight=\"yes\" data-scroll_per_page=\"yes\" style=\"--wd-col-lg:1;--wd-col-md:1;--wd-col-sm:1;--wd-gap-lg:0px;\">\n\t\t\t\t\t\t\t\t\t<div class=\"wd-carousel-wrap\">\n\t\t\t\t\n\t\t\t\t\t\t\t\t\t\t\t\t\t\t\t<div class=\"wd-gallery-item wd-carousel-item\">\n\t\t\t\t\t\t\t\t\t\t\t\t\t\t<a href=\"https:\/\/fenova.com.tr\/wp-content\/uploads\/2025\/07\/fenova_bg-1.png\" data-elementor-open-lightbox=\"no\" data-index=\"1\" data-width=\"750\" data-height=\"452\">\n\t\t\t\t\t\t\t\t\n\t\t\t\t\t\t\t\t<img loading=\"lazy\" decoding=\"async\" width=\"750\" height=\"452\" src=\"https:\/\/fenova.com.tr\/wp-content\/uploads\/2025\/07\/fenova_bg-1.png\" class=\"wd-gallery-image image-1\" alt=\"\" srcset=\"https:\/\/fenova.com.tr\/wp-content\/uploads\/2025\/07\/fenova_bg-1.png 750w, https:\/\/fenova.com.tr\/wp-content\/uploads\/2025\/07\/fenova_bg-1-430x259.png 430w, https:\/\/fenova.com.tr\/wp-content\/uploads\/2025\/07\/fenova_bg-1-150x90.png 150w, https:\/\/fenova.com.tr\/wp-content\/uploads\/2025\/07\/fenova_bg-1-700x422.png 700w, https:\/\/fenova.com.tr\/wp-content\/uploads\/2025\/07\/fenova_bg-1-400x241.png 400w\" sizes=\"auto, (max-width: 750px) 100vw, 750px\" \/>\n\t\t\t\t\t\t\t\t\t\t\t\t\t\t\t<\/a>\n\t\t\t\t\t\t\t\t\t\t\t\t<\/div>\n\t\t\t\t\t\t\t\t\t\t\t<div class=\"wd-gallery-item wd-carousel-item\">\n\t\t\t\t\t\t\t\t\t\t\t\t\t\t<a href=\"https:\/\/fenova.com.tr\/wp-content\/uploads\/2025\/07\/fenova_bg-2.png\" data-elementor-open-lightbox=\"no\" data-index=\"2\" data-width=\"750\" data-height=\"452\">\n\t\t\t\t\t\t\t\t\n\t\t\t\t\t\t\t\t<img loading=\"lazy\" decoding=\"async\" width=\"750\" height=\"452\" src=\"https:\/\/fenova.com.tr\/wp-content\/uploads\/2025\/07\/fenova_bg-2.png\" class=\"wd-gallery-image image-2\" alt=\"\" srcset=\"https:\/\/fenova.com.tr\/wp-content\/uploads\/2025\/07\/fenova_bg-2.png 750w, https:\/\/fenova.com.tr\/wp-content\/uploads\/2025\/07\/fenova_bg-2-430x259.png 430w, https:\/\/fenova.com.tr\/wp-content\/uploads\/2025\/07\/fenova_bg-2-150x90.png 150w, https:\/\/fenova.com.tr\/wp-content\/uploads\/2025\/07\/fenova_bg-2-700x422.png 700w, https:\/\/fenova.com.tr\/wp-content\/uploads\/2025\/07\/fenova_bg-2-400x241.png 400w\" sizes=\"auto, (max-width: 750px) 100vw, 750px\" \/>\n\t\t\t\t\t\t\t\t\t\t\t\t\t\t\t<\/a>\n\t\t\t\t\t\t\t\t\t\t\t\t<\/div>\n\t\t\t\t\t\t\t\t\t\t\t<div class=\"wd-gallery-item wd-carousel-item\">\n\t\t\t\t\t\t\t\t\t\t\t\t\t\t<a href=\"https:\/\/fenova.com.tr\/wp-content\/uploads\/2025\/07\/fenova_bg-3.png\" data-elementor-open-lightbox=\"no\" data-index=\"3\" data-width=\"750\" data-height=\"452\">\n\t\t\t\t\t\t\t\t\n\t\t\t\t\t\t\t\t<img loading=\"lazy\" decoding=\"async\" width=\"750\" height=\"452\" src=\"https:\/\/fenova.com.tr\/wp-content\/uploads\/2025\/07\/fenova_bg-3.png\" class=\"wd-gallery-image image-3\" alt=\"\" srcset=\"https:\/\/fenova.com.tr\/wp-content\/uploads\/2025\/07\/fenova_bg-3.png 750w, https:\/\/fenova.com.tr\/wp-content\/uploads\/2025\/07\/fenova_bg-3-430x259.png 430w, https:\/\/fenova.com.tr\/wp-content\/uploads\/2025\/07\/fenova_bg-3-150x90.png 150w, https:\/\/fenova.com.tr\/wp-content\/uploads\/2025\/07\/fenova_bg-3-700x422.png 700w, https:\/\/fenova.com.tr\/wp-content\/uploads\/2025\/07\/fenova_bg-3-400x241.png 400w\" sizes=\"auto, (max-width: 750px) 100vw, 750px\" \/>\n\t\t\t\t\t\t\t\t\t\t\t\t\t\t\t<\/a>\n\t\t\t\t\t\t\t\t\t\t\t\t<\/div>\n\t\t\t\t\t\t\t\t\t\t\t<div class=\"wd-gallery-item wd-carousel-item\">\n\t\t\t\t\t\t\t\t\t\t\t\t\t\t<a href=\"https:\/\/fenova.com.tr\/wp-content\/uploads\/2025\/07\/fenova_bg-4.png\" data-elementor-open-lightbox=\"no\" data-index=\"4\" data-width=\"750\" data-height=\"452\">\n\t\t\t\t\t\t\t\t\n\t\t\t\t\t\t\t\t<img loading=\"lazy\" decoding=\"async\" width=\"750\" height=\"452\" src=\"https:\/\/fenova.com.tr\/wp-content\/uploads\/2025\/07\/fenova_bg-4.png\" class=\"wd-gallery-image image-4\" alt=\"\" srcset=\"https:\/\/fenova.com.tr\/wp-content\/uploads\/2025\/07\/fenova_bg-4.png 750w, https:\/\/fenova.com.tr\/wp-content\/uploads\/2025\/07\/fenova_bg-4-430x259.png 430w, https:\/\/fenova.com.tr\/wp-content\/uploads\/2025\/07\/fenova_bg-4-150x90.png 150w, https:\/\/fenova.com.tr\/wp-content\/uploads\/2025\/07\/fenova_bg-4-700x422.png 700w, https:\/\/fenova.com.tr\/wp-content\/uploads\/2025\/07\/fenova_bg-4-400x241.png 400w\" sizes=\"auto, (max-width: 750px) 100vw, 750px\" \/>\n\t\t\t\t\t\t\t\t\t\t\t\t\t\t\t<\/a>\n\t\t\t\t\t\t\t\t\t\t\t\t<\/div>\n\t\t\t\t\t\t\t\t\t\t\t<div class=\"wd-gallery-item wd-carousel-item\">\n\t\t\t\t\t\t\t\t\t\t\t\t\t\t<a href=\"https:\/\/fenova.com.tr\/wp-content\/uploads\/2025\/07\/fenova_bg-5.png\" data-elementor-open-lightbox=\"no\" data-index=\"5\" data-width=\"750\" data-height=\"452\">\n\t\t\t\t\t\t\t\t\n\t\t\t\t\t\t\t\t<img loading=\"lazy\" decoding=\"async\" width=\"750\" height=\"452\" src=\"https:\/\/fenova.com.tr\/wp-content\/uploads\/2025\/07\/fenova_bg-5.png\" class=\"wd-gallery-image image-5\" alt=\"\" srcset=\"https:\/\/fenova.com.tr\/wp-content\/uploads\/2025\/07\/fenova_bg-5.png 750w, https:\/\/fenova.com.tr\/wp-content\/uploads\/2025\/07\/fenova_bg-5-430x259.png 430w, https:\/\/fenova.com.tr\/wp-content\/uploads\/2025\/07\/fenova_bg-5-150x90.png 150w, https:\/\/fenova.com.tr\/wp-content\/uploads\/2025\/07\/fenova_bg-5-700x422.png 700w, https:\/\/fenova.com.tr\/wp-content\/uploads\/2025\/07\/fenova_bg-5-400x241.png 400w\" sizes=\"auto, (max-width: 750px) 100vw, 750px\" \/>\n\t\t\t\t\t\t\t\t\t\t\t\t\t\t\t<\/a>\n\t\t\t\t\t\t\t\t\t\t\t\t<\/div>\n\t\t\t\t\t\t\t\t\t\n\t\t\t\t\t\t\t\t\t<\/div>\n\t\t\t\t\t\t\t<\/div>\n\n\t\t\t\t\t\t\t\t\t\t\t\t\t\t<div class=\"wd-nav-arrows wd-pos-sep wd-hover-1 wd-icon-1\">\n\t\t\t<div class=\"wd-btn-arrow wd-prev wd-disabled\">\n\t\t\t\t<div class=\"wd-arrow-inner\"><\/div>\n\t\t\t<\/div>\n\t\t\t<div class=\"wd-btn-arrow wd-next\">\n\t\t\t\t<div class=\"wd-arrow-inner\"><\/div>\n\t\t\t<\/div>\n\t\t<\/div>\n\t\t\t\t\t\t\n\t\t\t\t<\/div>\n\n\t\t\t\t\t\t<div class=\"wd-nav-pagin-wrap text-center wd-style-shape wd-hide-md-sm wd-hide-sm\">\n\t\t\t<ul class=\"wd-nav-pagin\"><\/ul>\n\t\t<\/div>\n\t\t\t\t\t\t\t\t\t\t\t<\/div>\n\t\t\n\t\t<div id=\"wd-687dbb050660c\" class=\"wd-accordion wd-wpb wd-rs-687dbb050660c  wd-style-default wd-titles-left wd-opener-pos-left wd-opener-style-arrow\" data-state=\"all_closed\">\n\t\t\t\t\t\t\t\n\t\t\t\t\n\t\t\t\t<div class=\"wd-accordion-item\">\n\t\t\t\t\t<div class=\"wd-accordion-title font-primary wd-fontsize-s wd-font-weight-600\" data-accordion-index=\"0\">\n\t\t\t\t\t\t<div class=\"wd-accordion-title-text\">\n\t\t\t\t\t\t\t\t\t\t\t\t\t\t<span>\n\t\t\t\t\t\t\t\tAbout Rental LED Screen\t\t\t\t\t\t\t<\/span>\n\t\t\t\t\t\t<\/div>\n\t\t\t\t\t\t<span class=\"wd-accordion-opener\"><\/span>\n\t\t\t\t\t<\/div>\n\n\t\t\t\t\t<div class=\"wd-accordion-content wd-entry-content\" data-accordion-index=\"0\">\n\t\t\t\t\t\t\t\t\t\t\t\t\t\n<h1><strong>Rental Led Ekran: Etkinlikler i\u00e7in Profesyonel G\u00f6rsel \u00c7\u00f6z\u00fcm<\/strong><\/h1>\n<h2><strong>Rental LED Ekran Nedir?<\/strong><\/h2>\n<p><strong>Rental led ekran<\/strong>, konferans, fuar, konser gibi etkinliklerde kullan\u0131lan dijital ekran sistemleridir. Mod\u00fcler bir tasar\u0131ma sahip olan rental led ekranlar, y\u00fcksek g\u00f6r\u00fcnt\u00fc kalitesine sahip olmalar\u0131 y\u00f6n\u00fcyle etkinlik alanlar\u0131nda g\u00fc\u00e7l\u00fc bir g\u00f6rsel deneyim sunar. Rental led ekranlar uzun ya da k\u0131sa s\u00fcreli kullan\u0131mlar i\u00e7in kiralanabilen \u00fcr\u00fcnlerdir. Sat\u0131n alma maliyeti ya\u015famadan profesyonel olarak g\u00f6r\u00fcnt\u00fcleme hizmetinden yararlanmak isteyen i\u015fletmeler rental led ekranlar\u0131 tercih edebilirler.<\/p>\n<h2><strong>Rental Led Ekranlar\u0131n \u00d6zellikleri Nelerdir?<\/strong><\/h2>\n<p>Rental led ekranlar\u0131n ba\u015fl\u0131ca \u00f6zellikleri \u015funlard\u0131r;<\/p>\n<ul>\n<li><strong>Mod\u00fcler Tasar\u0131m: <\/strong>Rental led ekranlar kolayl\u0131kla kurulup s\u00f6k\u00fclebilen led ekran \u00e7\u00f6z\u00fcmleridir. \u0130\u015fletmelerin tercih durumuna g\u00f6re farkl\u0131 ebatlarda tasarlanabilen \u00fcr\u00fcnlerdir.<\/li>\n<li><strong>Dayan\u0131kl\u0131 Yap\u0131:<\/strong> Uzun \u00f6m\u00fcrl\u00fc kullan\u0131m avantaj\u0131na sahip olan rental led ekranlar, d\u0131\u015far\u0131dan gelebilecek olas\u0131 darbelere kar\u015f\u0131 olduk\u00e7a dayan\u0131kl\u0131d\u0131r.<\/li>\n<li><strong>H\u0131zl\u0131 Kurulum<\/strong>: Kurulaca\u011f\u0131 alana kolayl\u0131kla ta\u015f\u0131nabilen rental led ekranlar, zaman kayb\u0131 ya\u015fatmadan h\u0131zla kurulum imkan\u0131na sahiptir.<\/li>\n<li><strong>Y\u00fcksek G\u00f6r\u00fcnt\u00fc Kalitesi:<\/strong> Ba\u015far\u0131l\u0131 bir \u00e7\u00f6z\u00fcn\u00fcrl\u00fc\u011fe sahip olan led ekran sistemleri, canl\u0131 renkleriyle ba\u015far\u0131l\u0131 bir g\u00f6r\u00fcnt\u00fcleme kalitesi sunar.<\/li>\n<li><strong>Ekonomik \u00c7\u00f6z\u00fcm:<\/strong> \u0130\u015fletmelerin sat\u0131n alma b\u00fct\u00e7esi ay\u0131rmas\u0131na gerek kalmadan daha uygun b\u00fct\u00e7elere kiralanabilme avantaj\u0131na sahiptir.<\/li>\n<\/ul>\n<h3><strong>Rental Led Ekranlar\u0131n Kullan\u0131m Alanlar\u0131 <\/strong><\/h3>\n<p>Rental led ekranlar etkinlik alanlar\u0131nda ve farkl\u0131 sekt\u00f6rlerde s\u0131kl\u0131kla tercih edilen led ekran \u00e7\u00f6z\u00fcmlerinden biridir. \u0130\u015fte, rental led ekranlar\u0131n tercih edildi\u011fi ba\u015fl\u0131ca yerler;<\/p>\n<ul>\n<li><strong>Fuar ve Lansmanlar:<\/strong> \u0130\u015fletmeler marka tan\u0131t\u0131mlar\u0131nda ve \u00fcr\u00fcn duyurular\u0131nda rental led ekranlar\u0131 s\u0131k\u00e7a tercih ederler.<\/li>\n<li><strong>Konser ve Festivaller:<\/strong> Geni\u015f kitlelere hitap edebilmek ad\u0131na tercih edilen en etkili led ekran \u00e7\u00f6z\u00fcmlerinden biri de rental led ekranlard\u0131r.<\/li>\n<li><strong>Kurumsal Toplant\u0131lar:<\/strong> Markalar kurumsal kimliklerini ba\u015far\u0131l\u0131 bir \u015fekilde koruyabilmek ad\u0131na toplant\u0131lar\u0131nda led ekran \u00e7\u00f6z\u00fcmlerini tercih ederler. Rental led ekranlar da b\u00fcy\u00fck ve \u00f6nemli toplant\u0131lar\u0131n vazge\u00e7ilmez led ekran \u00e7\u00f6z\u00fcmleri aras\u0131nda yer al\u0131r.<\/li>\n<li><strong>Spor Etkinlikleri:<\/strong> Spor m\u00fcsabakalar\u0131nda skor, bilgilendirme ve reklam g\u00f6sterimleri i\u00e7in rental led ekranlar tercih edilir.<\/li>\n<\/ul>\n<h3><strong>Rental Led Ekran Kiralarken Dikkat Edilmesi Gerekenler<\/strong><\/h3>\n<p><strong><br \/>\n<\/strong>Tercih edilecek olan led ekranlar\u0131n \u00fcst\u00fcn performans g\u00f6sterebilmesi i\u00e7in kiralama \u00f6ncesinde marka ve i\u015fletmelerin dikkat etmesi gereken belli ba\u015fl\u0131 kriterler vard\u0131r;<\/p>\n<ul>\n<li><strong>Piksel Aral\u0131\u011f\u0131 &amp; \u00c7\u00f6z\u00fcn\u00fcrl\u00fck: <\/strong>Rental led ekran\u0131n ebat\u0131na ve konumland\u0131r\u0131laca\u011f\u0131 yere g\u00f6re \u00e7\u00f6z\u00fcn\u00fcrl\u00fck ve piksel aral\u0131\u011f\u0131na dikkat edilmelidir.<\/li>\n<li><strong>Ekran Boyutu: <\/strong>Rental led ekran konumland\u0131r\u0131laca\u011f\u0131 yere uygun ebatta olmal\u0131d\u0131r. Etkinlik alan\u0131n\u0131n b\u00fcy\u00fckl\u00fc\u011f\u00fcne uygun olacak \u015fekilde se\u00e7ilmesi \u00f6nerilir.<\/li>\n<li><strong>Enerji T\u00fcketimi:<\/strong> Led ekranlar\u0131n b\u00fct\u00e7e ve \u00e7evre dostu olmas\u0131, bu teknolojiyi tercih edecek markalar i\u00e7in olduk\u00e7a \u00f6nemlidir.<\/li>\n<li><strong>Kurulum ve Teknik Destek:<\/strong> Kurulum \u00f6ncesi ve sonras\u0131 i\u00e7in profesyonel ekip deste\u011fi sunabilecek markalar tercih edilmelidir. Fenova, alan\u0131nda uzman ekibiyle t\u00fcm s\u00fcreciniz boyunca gerekli deste\u011fi sa\u011flamaktad\u0131r.<\/li>\n<\/ul>\n<h3><strong>Rental Led Ekranlar\u0131n Avantajlar\u0131 Nelerdir?<\/strong><\/h3>\n<p><strong><br \/>\n<\/strong>Sat\u0131n alma maliyeti olmadan profesyonel olarak g\u00f6r\u00fcnt\u00fcleme sistemlerine ula\u015fmak isteyen i\u015fletmeler i\u00e7in rental led ekranlar olduk\u00e7a avantajl\u0131 \u00fcr\u00fcnlerdir. Mod\u00fcler olmas\u0131, rental led ekranlar\u0131n kolay ta\u015f\u0131nabilmesini ve pratik bir \u015fekilde kurulumunun yap\u0131lmas\u0131n\u0131 sa\u011flar. Y\u00fcksek g\u00f6r\u00fcnt\u00fc kalitesine sahip olan rental led ekranlar bir\u00e7ok farkl\u0131 etkinlikte g\u00fcvenle kullan\u0131labilen ekran \u00e7\u00f6z\u00fcmleridir.<\/p>\n<p>\u00d6zetle; <strong>rental led ekranlar<\/strong>, kalabal\u0131k topluluklar\u0131n yer ald\u0131\u011f\u0131 etkinlik ve organizasyonlarda ekonomik ve profesyonel bir g\u00f6rsel \u00e7\u00f6z\u00fcm sunar.<\/p>\n\t\t\t\t\t\t\t\t\t\t\t<\/div>\n\t\t\t\t<\/div>\n\t\t\t\t\t\t\t\n\t\t\t\t\n\t\t\t\t<div class=\"wd-accordion-item\">\n\t\t\t\t\t<div class=\"wd-accordion-title font-primary wd-fontsize-s wd-font-weight-600\" data-accordion-index=\"1\">\n\t\t\t\t\t\t<div class=\"wd-accordion-title-text\">\n\t\t\t\t\t\t\t\t\t\t\t\t\t\t<span>\n\t\t\t\t\t\t\t\tRental LED Modules\t\t\t\t\t\t\t<\/span>\n\t\t\t\t\t\t<\/div>\n\t\t\t\t\t\t<span class=\"wd-accordion-opener\"><\/span>\n\t\t\t\t\t<\/div>\n\n\t\t\t\t\t<div class=\"wd-accordion-content wd-entry-content\" data-accordion-index=\"1\">\n\t\t\t\t\t\t\t\t\t\t\t\t\t\n\t\t\t\t\t\t\t\t\t\t\t<\/div>\n\t\t\t\t<\/div>\n\t\t\t\t\t\t\t\t\t\t\t\t\t\t<\/div>\n\n\t\t<\/div><\/div><\/div><\/div><div class=\"vc_row wpb_row vc_row-fluid\"><div class=\"wpb_column vc_column_container vc_col-sm-12\"><div class=\"vc_column-inner\"><div class=\"wpb_wrapper\">\n\t<div class=\"wpb_text_column wpb_content_element\" >\n\t\t<div class=\"wpb_wrapper\">\n\t\t\t\n\t\t<\/div>\n\t<\/div>\n<\/div><\/div><\/div><\/div>\n<\/div>","protected":false},"excerpt":{"rendered":"\u00dcR\u00dcNLER\u0130M\u0130Z D\u0131\u015f Mekan Led Ekran\u0130\u00e7 Mekan Led EkranRental Led EkranPoster Led Ekran B\u0130ZE ULA\u015eIN \u0130leti\u015fim Bilgilerimiz +90 534 395 14","protected":false},"author":1,"featured_media":0,"parent":0,"menu_order":0,"comment_status":"closed","ping_status":"closed","template":"","meta":{"footnotes":""},"class_list":["post-10810","page","type-page","status-publish","hentry"],"_links":{"self":[{"href":"https:\/\/fenova.com.tr\/en\/wp-json\/wp\/v2\/pages\/10810","targetHints":{"allow":["GET"]}}],"collection":[{"href":"https:\/\/fenova.com.tr\/en\/wp-json\/wp\/v2\/pages"}],"about":[{"href":"https:\/\/fenova.com.tr\/en\/wp-json\/wp\/v2\/types\/page"}],"author":[{"embeddable":true,"href":"https:\/\/fenova.com.tr\/en\/wp-json\/wp\/v2\/users\/1"}],"replies":[{"embeddable":true,"href":"https:\/\/fenova.com.tr\/en\/wp-json\/wp\/v2\/comments?post=10810"}],"version-history":[{"count":10,"href":"https:\/\/fenova.com.tr\/en\/wp-json\/wp\/v2\/pages\/10810\/revisions"}],"predecessor-version":[{"id":10997,"href":"https:\/\/fenova.com.tr\/en\/wp-json\/wp\/v2\/pages\/10810\/revisions\/10997"}],"wp:attachment":[{"href":"https:\/\/fenova.com.tr\/en\/wp-json\/wp\/v2\/media?parent=10810"}],"curies":[{"name":"wp","href":"https:\/\/api.w.org\/{rel}","templated":true}]}}