{"id":10612,"date":"2025-07-21T05:48:36","date_gmt":"2025-07-21T02:48:36","guid":{"rendered":"https:\/\/baysajans.com\/fenova\/?page_id=10612"},"modified":"2025-07-21T05:50:00","modified_gmt":"2025-07-21T02:50:00","slug":"hakkimizda","status":"publish","type":"page","link":"https:\/\/fenova.com.tr\/en\/hakkimizda\/","title":{"rendered":"About Us"},"content":{"rendered":"<div class=\"wpb-content-wrapper\"><div class=\"vc_row wpb_row vc_row-fluid\"><div class=\"wpb_column vc_column_container vc_col-sm-6\"><div class=\"vc_column-inner\"><div class=\"wpb_wrapper\">\t\t<div id=\"wd-687daaa9e08ff\" class=\"wd-text-block wd-wpb reset-last-child wd-rs-687daaa9e08ff text-left\">\n\t\t\t<h1><strong>About Fenova Technology<\/strong><\/h1>\n<p>Fenova Technology has been a pioneer of LED display technologies in Turkey since 2008. With its extensive experience in professional display systems and its state-of-the-art product range, it closely understands all the needs and requirements of the entertainment, advertising, communications, and retail markets, meeting all end-user LED display needs with its state-of-the-art products.<\/p>\n<p>Fenova's cutting-edge, thin, lightweight, modular and high-brightness LED displays' LED components, panels and all video systems undergo stringent quality control tests and are manufactured for both application and sale.<\/p>\n<p>Fenova Technology goes one step beyond simply supplying products to its customers and provides active support throughout the entire process, from project development to after-sales support, aiming to provide its customers with an easy, seamless and enjoyable LED display experience and to establish a long-lasting relationship with its customers.<\/p>\n<h2>Our Mission<\/h2>\n<p>To be an industry-leading brand that will shape the future with unconditional employee and customer satisfaction.<\/p>\n<h2>Our Vision<\/h2>\n<p>We are always at the top of the LED Technologies field in Turkey with our technology without compromising on quality.<\/p>\n\t\t<\/div>\n\t\t<\/div><\/div><\/div><div class=\"wpb_column vc_column_container vc_col-sm-6\"><div class=\"vc_column-inner\"><div class=\"wpb_wrapper\">\t\t<div id=\"wd-687daabf2794b\" class=\"wd-image wd-wpb wd-rs-687daabf2794b text-left\">\n\t\t\t\n\t\t\t<img loading=\"lazy\" decoding=\"async\" width=\"1024\" height=\"1024\" src=\"https:\/\/fenova.com.tr\/wp-content\/uploads\/2025\/07\/fenova-hakkinda-misyon-vizyon-1024x1024-1.png\" class=\"attachment-full size-full\" alt=\"\" srcset=\"https:\/\/fenova.com.tr\/wp-content\/uploads\/2025\/07\/fenova-hakkinda-misyon-vizyon-1024x1024-1.png 1024w, https:\/\/fenova.com.tr\/wp-content\/uploads\/2025\/07\/fenova-hakkinda-misyon-vizyon-1024x1024-1-430x430.png 430w, https:\/\/fenova.com.tr\/wp-content\/uploads\/2025\/07\/fenova-hakkinda-misyon-vizyon-1024x1024-1-150x150.png 150w, https:\/\/fenova.com.tr\/wp-content\/uploads\/2025\/07\/fenova-hakkinda-misyon-vizyon-1024x1024-1-700x700.png 700w, https:\/\/fenova.com.tr\/wp-content\/uploads\/2025\/07\/fenova-hakkinda-misyon-vizyon-1024x1024-1-300x300.png 300w, https:\/\/fenova.com.tr\/wp-content\/uploads\/2025\/07\/fenova-hakkinda-misyon-vizyon-1024x1024-1-800x800.png 800w, https:\/\/fenova.com.tr\/wp-content\/uploads\/2025\/07\/fenova-hakkinda-misyon-vizyon-1024x1024-1-768x768.png 768w\" sizes=\"auto, (max-width: 1024px) 100vw, 1024px\" \/>\n\t\t\t\t\t<\/div>\n\t\t<\/div><\/div><\/div><\/div>\n<\/div>","protected":false},"excerpt":{"rendered":"Fenova Teknoloji Hakk\u0131nda 2008 y\u0131l\u0131ndan beri T\u00fcrkiye\u2019de g\u00f6r\u00fcnt\u00fcleme sistemleri Fenova Teknoloji T\u00fcrkiye\u2019deki LED ekran teknolojilerinin \u00f6nc\u00fcs\u00fcd\u00fcr. Profesyonel g\u00f6r\u00fcnt\u00fc sistemleri ile","protected":false},"author":1,"featured_media":0,"parent":0,"menu_order":0,"comment_status":"closed","ping_status":"closed","template":"","meta":{"footnotes":""},"class_list":["post-10612","page","type-page","status-publish","hentry"],"_links":{"self":[{"href":"https:\/\/fenova.com.tr\/en\/wp-json\/wp\/v2\/pages\/10612","targetHints":{"allow":["GET"]}}],"collection":[{"href":"https:\/\/fenova.com.tr\/en\/wp-json\/wp\/v2\/pages"}],"about":[{"href":"https:\/\/fenova.com.tr\/en\/wp-json\/wp\/v2\/types\/page"}],"author":[{"embeddable":true,"href":"https:\/\/fenova.com.tr\/en\/wp-json\/wp\/v2\/users\/1"}],"replies":[{"embeddable":true,"href":"https:\/\/fenova.com.tr\/en\/wp-json\/wp\/v2\/comments?post=10612"}],"version-history":[{"count":3,"href":"https:\/\/fenova.com.tr\/en\/wp-json\/wp\/v2\/pages\/10612\/revisions"}],"predecessor-version":[{"id":10616,"href":"https:\/\/fenova.com.tr\/en\/wp-json\/wp\/v2\/pages\/10612\/revisions\/10616"}],"wp:attachment":[{"href":"https:\/\/fenova.com.tr\/en\/wp-json\/wp\/v2\/media?parent=10612"}],"curies":[{"name":"wp","href":"https:\/\/api.w.org\/{rel}","templated":true}]}}