{"id":10600,"date":"2025-07-21T05:42:05","date_gmt":"2025-07-21T02:42:05","guid":{"rendered":"https:\/\/baysajans.com\/fenova\/?page_id=10600"},"modified":"2025-08-04T15:46:43","modified_gmt":"2025-08-04T12:46:43","slug":"projeler","status":"publish","type":"page","link":"https:\/\/fenova.com.tr\/en\/projeler\/","title":{"rendered":"Projelerimiz"},"content":{"rendered":"<div class=\"wpb-content-wrapper\"><div class=\"vc_row wpb_row vc_row-fluid wd-rs-687da97f69fa0\"><div class=\"wpb_column vc_column_container vc_col-sm-6 wd-rs-687b46f7f3ce8\"><div class=\"vc_column-inner\"><div class=\"wpb_wrapper\">\t\t\t<div class=\"info-box-wrapper\">\n\t\t\t\t<div id=\"wd-6890ab8b79dd8\" class=\"wd-rs-6890ab8b79dd8 wd-info-box wd-wpb text-center box-icon-align-top box-style-shadow color-scheme- wd-bg-none with-btn box-btn-static\">\n\t\t\t\t\t\t\t\t\t\t\t<div class=\"box-icon-wrapper  box-with-icon box-icon-simple\">\n\t\t\t\t\t\t\t<div class=\"info-box-icon\">\n\n\t\t\t\t\t\t\t\n\t\t\t\t\t\t\t\t\t\t\t\t\t\t\t\t\t<img loading=\"lazy\" decoding=\"async\" width=\"750\" height=\"500\" src=\"https:\/\/fenova.com.tr\/wp-content\/uploads\/2025\/07\/konser-alani-led-ekran-02-e1621863373297-1.png\" class=\"attachment-full size-full\" alt=\"\" srcset=\"https:\/\/fenova.com.tr\/wp-content\/uploads\/2025\/07\/konser-alani-led-ekran-02-e1621863373297-1.png 750w, https:\/\/fenova.com.tr\/wp-content\/uploads\/2025\/07\/konser-alani-led-ekran-02-e1621863373297-1-430x287.png 430w, https:\/\/fenova.com.tr\/wp-content\/uploads\/2025\/07\/konser-alani-led-ekran-02-e1621863373297-1-150x100.png 150w, https:\/\/fenova.com.tr\/wp-content\/uploads\/2025\/07\/konser-alani-led-ekran-02-e1621863373297-1-700x467.png 700w, https:\/\/fenova.com.tr\/wp-content\/uploads\/2025\/07\/konser-alani-led-ekran-02-e1621863373297-1-400x267.png 400w\" sizes=\"auto, (max-width: 750px) 100vw, 750px\" \/>\t\t\t\t\t\t\t\t\t\t\t\t\t\t\t\n\t\t\t\t\t\t\t<\/div>\n\t\t\t\t\t\t<\/div>\n\t\t\t\t\t\t\t\t\t\t<div class=\"info-box-content\">\n\t\t\t\t\t\t\t\t\t\t\t\t<div class=\"info-box-inner reset-last-child\"><\/div>\n\n\t\t\t\t\t\t<div class=\"info-btn-wrapper\"><div id=\"wd-69e8e0764aa9b\" class=\"wd-button-wrapper text-center\"><a href=\"https:\/\/fenova.com.tr\/en\/dis-mekan-led-ekran-projelerimiz\/\" title=\"\" class=\"btn btn-style-link btn-shape-rectangle btn-size-default btn-icon-pos-right\">Outdoor LED Screen Projects<span class=\"wd-btn-icon\"><span class=\"wd-icon fa fa-solid fa-angle-right\"><\/span><\/span><\/a><\/div><\/div>\t\t\t\t\t<\/div>\n\n\t\t\t\t\t\n\t\t\t\t\t\t\t\t\t<\/div>\n\t\t\t<\/div>\n\t\t<\/div><\/div><\/div><div class=\"wpb_column vc_column_container vc_col-sm-6 wd-rs-687b427e9b9ee\"><div class=\"vc_column-inner\"><div class=\"wpb_wrapper\">\t\t\t<div class=\"info-box-wrapper\">\n\t\t\t\t<div id=\"wd-6890aba293650\" class=\"wd-rs-6890aba293650 wd-info-box wd-wpb text-center box-icon-align-top box-style-shadow color-scheme- wd-bg-none with-btn box-btn-static\">\n\t\t\t\t\t\t\t\t\t\t\t<div class=\"box-icon-wrapper  box-with-icon box-icon-simple\">\n\t\t\t\t\t\t\t<div class=\"info-box-icon\">\n\n\t\t\t\t\t\t\t\n\t\t\t\t\t\t\t\t\t\t\t\t\t\t\t\t\t<img loading=\"lazy\" decoding=\"async\" width=\"750\" height=\"500\" src=\"https:\/\/fenova.com.tr\/wp-content\/uploads\/2025\/07\/avm-led-ekran-02-e1621863405227.jpg\" class=\"attachment-full size-full\" alt=\"\" srcset=\"https:\/\/fenova.com.tr\/wp-content\/uploads\/2025\/07\/avm-led-ekran-02-e1621863405227.jpg 750w, https:\/\/fenova.com.tr\/wp-content\/uploads\/2025\/07\/avm-led-ekran-02-e1621863405227-430x287.jpg 430w, https:\/\/fenova.com.tr\/wp-content\/uploads\/2025\/07\/avm-led-ekran-02-e1621863405227-150x100.jpg 150w, https:\/\/fenova.com.tr\/wp-content\/uploads\/2025\/07\/avm-led-ekran-02-e1621863405227-700x467.jpg 700w, https:\/\/fenova.com.tr\/wp-content\/uploads\/2025\/07\/avm-led-ekran-02-e1621863405227-400x267.jpg 400w\" sizes=\"auto, (max-width: 750px) 100vw, 750px\" \/>\t\t\t\t\t\t\t\t\t\t\t\t\t\t\t\n\t\t\t\t\t\t\t<\/div>\n\t\t\t\t\t\t<\/div>\n\t\t\t\t\t\t\t\t\t\t<div class=\"info-box-content\">\n\t\t\t\t\t\t\t\t\t\t\t\t<div class=\"info-box-inner reset-last-child\"><\/div>\n\n\t\t\t\t\t\t<div class=\"info-btn-wrapper\"><div id=\"wd-69e8e0764b48d\" class=\"wd-button-wrapper text-center\"><a href=\"https:\/\/fenova.com.tr\/en\/ic-mekan-led-ekran-projelerimiz\/\" title=\"\" class=\"btn btn-style-link btn-shape-rectangle btn-size-default btn-icon-pos-right\">Indoor LED Screen Projects<span class=\"wd-btn-icon\"><span class=\"wd-icon fa fa-solid fa-angle-right\"><\/span><\/span><\/a><\/div><\/div>\t\t\t\t\t<\/div>\n\n\t\t\t\t\t\n\t\t\t\t\t\t\t\t\t<\/div>\n\t\t\t<\/div>\n\t\t<\/div><\/div><\/div><\/div>\n<\/div>","protected":false},"excerpt":{"rendered":"D\u0131\u015f Mekan LED Ekran Projeleri \u0130\u00e7 Mekan LED Ekran Projeleri","protected":false},"author":1,"featured_media":0,"parent":0,"menu_order":0,"comment_status":"closed","ping_status":"closed","template":"","meta":{"footnotes":""},"class_list":["post-10600","page","type-page","status-publish","hentry"],"_links":{"self":[{"href":"https:\/\/fenova.com.tr\/en\/wp-json\/wp\/v2\/pages\/10600","targetHints":{"allow":["GET"]}}],"collection":[{"href":"https:\/\/fenova.com.tr\/en\/wp-json\/wp\/v2\/pages"}],"about":[{"href":"https:\/\/fenova.com.tr\/en\/wp-json\/wp\/v2\/types\/page"}],"author":[{"embeddable":true,"href":"https:\/\/fenova.com.tr\/en\/wp-json\/wp\/v2\/users\/1"}],"replies":[{"embeddable":true,"href":"https:\/\/fenova.com.tr\/en\/wp-json\/wp\/v2\/comments?post=10600"}],"version-history":[{"count":6,"href":"https:\/\/fenova.com.tr\/en\/wp-json\/wp\/v2\/pages\/10600\/revisions"}],"predecessor-version":[{"id":10782,"href":"https:\/\/fenova.com.tr\/en\/wp-json\/wp\/v2\/pages\/10600\/revisions\/10782"}],"wp:attachment":[{"href":"https:\/\/fenova.com.tr\/en\/wp-json\/wp\/v2\/media?parent=10600"}],"curies":[{"name":"wp","href":"https:\/\/api.w.org\/{rel}","templated":true}]}}