{"id":10586,"date":"2025-07-20T17:14:43","date_gmt":"2025-07-20T14:14:43","guid":{"rendered":"https:\/\/baysajans.com\/fenova\/?page_id=10586"},"modified":"2025-08-13T11:01:42","modified_gmt":"2025-08-13T08:01:42","slug":"dis-mekan-led-ekran-projelerimiz","status":"publish","type":"page","link":"https:\/\/fenova.com.tr\/en\/dis-mekan-led-ekran-projelerimiz\/","title":{"rendered":"Our Outdoor LED Screen Projects"},"content":{"rendered":"<div class=\"wpb-content-wrapper\"><div data-vc-full-width=\"true\" data-vc-full-width-temp=\"true\" data-vc-full-width-init=\"false\" data-vc-stretch-content=\"true\" class=\"vc_row wpb_row vc_row-fluid wd-rs-687b4a447d27d\"><div class=\"wpb_column vc_column_container vc_col-sm-1\/5 wd-rs-687b46f7f3ce8\"><div class=\"vc_column-inner\"><div class=\"wpb_wrapper\">\t\t\t<div class=\"info-box-wrapper\">\n\t\t\t\t<div id=\"wd-689c465acd826\" class=\"wd-rs-689c465acd826 wd-info-box wd-wpb text-center box-icon-align-top box-style-shadow color-scheme- wd-bg-none with-btn box-btn-static\">\n\t\t\t\t\t\t\t\t\t\t\t<div class=\"box-icon-wrapper  box-with-icon box-icon-simple\">\n\t\t\t\t\t\t\t<div class=\"info-box-icon\">\n\n\t\t\t\t\t\t\t\n\t\t\t\t\t\t\t\t\t\t\t\t\t\t\t\t\t<img loading=\"lazy\" decoding=\"async\" width=\"750\" height=\"452\" src=\"https:\/\/fenova.com.tr\/wp-content\/uploads\/2025\/07\/fenova_bg.png\" class=\"attachment-full size-full\" alt=\"\" srcset=\"https:\/\/fenova.com.tr\/wp-content\/uploads\/2025\/07\/fenova_bg.png 750w, https:\/\/fenova.com.tr\/wp-content\/uploads\/2025\/07\/fenova_bg-430x259.png 430w, https:\/\/fenova.com.tr\/wp-content\/uploads\/2025\/07\/fenova_bg-150x90.png 150w, https:\/\/fenova.com.tr\/wp-content\/uploads\/2025\/07\/fenova_bg-700x422.png 700w, https:\/\/fenova.com.tr\/wp-content\/uploads\/2025\/07\/fenova_bg-400x241.png 400w\" sizes=\"auto, (max-width: 750px) 100vw, 750px\" \/>\t\t\t\t\t\t\t\t\t\t\t\t\t\t\t\n\t\t\t\t\t\t\t<\/div>\n\t\t\t\t\t\t<\/div>\n\t\t\t\t\t\t\t\t\t\t<div class=\"info-box-content\">\n\t\t\t\t\t\t\t\t\t\t\t\t<div class=\"info-box-inner reset-last-child\"><\/div>\n\n\t\t\t\t\t\t<div class=\"info-btn-wrapper\"><div id=\"wd-69e8e46b45423\" class=\"wd-button-wrapper text-center\"><a href=\"https:\/\/fenova.com.tr\/en\/loft-dis-mekan-ekran-projesi\/\" title=\"\" class=\"btn btn-style-link btn-shape-rectangle btn-size-default btn-icon-pos-right\">LOFT<span class=\"wd-btn-icon\"><span class=\"wd-icon fa fa-solid fa-angle-right\"><\/span><\/span><\/a><\/div><\/div>\t\t\t\t\t<\/div>\n\n\t\t\t\t\t\n\t\t\t\t\t\t\t\t\t<\/div>\n\t\t\t<\/div>\n\t\t<\/div><\/div><\/div><div class=\"wpb_column vc_column_container vc_col-sm-1\/5 wd-rs-687b427e9b9ee\"><div class=\"vc_column-inner\"><div class=\"wpb_wrapper\">\t\t\t<div class=\"info-box-wrapper\">\n\t\t\t\t<div id=\"wd-689c464bc36b5\" class=\"wd-rs-689c464bc36b5 wd-info-box wd-wpb text-center box-icon-align-top box-style-shadow color-scheme- wd-bg-none with-btn box-btn-static\">\n\t\t\t\t\t\t\t\t\t\t\t<div class=\"box-icon-wrapper  box-with-icon box-icon-simple\">\n\t\t\t\t\t\t\t<div class=\"info-box-icon\">\n\n\t\t\t\t\t\t\t\n\t\t\t\t\t\t\t\t\t\t\t\t\t\t\t\t\t<img loading=\"lazy\" decoding=\"async\" width=\"750\" height=\"452\" src=\"https:\/\/fenova.com.tr\/wp-content\/uploads\/2025\/07\/fenova_bg.png\" class=\"attachment-full size-full\" alt=\"\" srcset=\"https:\/\/fenova.com.tr\/wp-content\/uploads\/2025\/07\/fenova_bg.png 750w, https:\/\/fenova.com.tr\/wp-content\/uploads\/2025\/07\/fenova_bg-430x259.png 430w, https:\/\/fenova.com.tr\/wp-content\/uploads\/2025\/07\/fenova_bg-150x90.png 150w, https:\/\/fenova.com.tr\/wp-content\/uploads\/2025\/07\/fenova_bg-700x422.png 700w, https:\/\/fenova.com.tr\/wp-content\/uploads\/2025\/07\/fenova_bg-400x241.png 400w\" sizes=\"auto, (max-width: 750px) 100vw, 750px\" \/>\t\t\t\t\t\t\t\t\t\t\t\t\t\t\t\n\t\t\t\t\t\t\t<\/div>\n\t\t\t\t\t\t<\/div>\n\t\t\t\t\t\t\t\t\t\t<div class=\"info-box-content\">\n\t\t\t\t\t\t\t\t\t\t\t\t<div class=\"info-box-inner reset-last-child\"><\/div>\n\n\t\t\t\t\t\t<div class=\"info-btn-wrapper\"><div id=\"wd-69e8e46b457c9\" class=\"wd-button-wrapper text-center\"><a href=\"https:\/\/fenova.com.tr\/en\/kocaali-belediyesi-dis-ekran-projesi\/\" title=\"\" class=\"btn btn-style-link btn-shape-rectangle btn-size-default btn-icon-pos-right\">KOCAALI MUNICIPALITY<span class=\"wd-btn-icon\"><span class=\"wd-icon fa fa-solid fa-angle-right\"><\/span><\/span><\/a><\/div><\/div>\t\t\t\t\t<\/div>\n\n\t\t\t\t\t\n\t\t\t\t\t\t\t\t\t<\/div>\n\t\t\t<\/div>\n\t\t<\/div><\/div><\/div><div class=\"wpb_column vc_column_container vc_col-sm-1\/5\"><div class=\"vc_column-inner\"><div class=\"wpb_wrapper\">\t\t\t<div class=\"info-box-wrapper\">\n\t\t\t\t<div id=\"wd-689c463f35b7f\" class=\"wd-rs-689c463f35b7f wd-info-box wd-wpb text-center box-icon-align-top box-style-shadow color-scheme- wd-bg-none with-btn box-btn-static\">\n\t\t\t\t\t\t\t\t\t\t\t<div class=\"box-icon-wrapper  box-with-icon box-icon-simple\">\n\t\t\t\t\t\t\t<div class=\"info-box-icon\">\n\n\t\t\t\t\t\t\t\n\t\t\t\t\t\t\t\t\t\t\t\t\t\t\t\t\t<img loading=\"lazy\" decoding=\"async\" width=\"750\" height=\"452\" src=\"https:\/\/fenova.com.tr\/wp-content\/uploads\/2025\/07\/fenova_bg.png\" class=\"attachment-full size-full\" alt=\"\" srcset=\"https:\/\/fenova.com.tr\/wp-content\/uploads\/2025\/07\/fenova_bg.png 750w, https:\/\/fenova.com.tr\/wp-content\/uploads\/2025\/07\/fenova_bg-430x259.png 430w, https:\/\/fenova.com.tr\/wp-content\/uploads\/2025\/07\/fenova_bg-150x90.png 150w, https:\/\/fenova.com.tr\/wp-content\/uploads\/2025\/07\/fenova_bg-700x422.png 700w, https:\/\/fenova.com.tr\/wp-content\/uploads\/2025\/07\/fenova_bg-400x241.png 400w\" sizes=\"auto, (max-width: 750px) 100vw, 750px\" \/>\t\t\t\t\t\t\t\t\t\t\t\t\t\t\t\n\t\t\t\t\t\t\t<\/div>\n\t\t\t\t\t\t<\/div>\n\t\t\t\t\t\t\t\t\t\t<div class=\"info-box-content\">\n\t\t\t\t\t\t\t\t\t\t\t\t<div class=\"info-box-inner reset-last-child\"><\/div>\n\n\t\t\t\t\t\t<div class=\"info-btn-wrapper\"><div id=\"wd-69e8e46b45b18\" class=\"wd-button-wrapper text-center\"><a href=\"https:\/\/fenova.com.tr\/en\/venividi-goz-dis-ekran-projesi\/\" title=\"\" class=\"btn btn-style-link btn-shape-rectangle btn-size-default btn-icon-pos-right\">VENI VIDI EYE<span class=\"wd-btn-icon\"><span class=\"wd-icon fa fa-solid fa-angle-right\"><\/span><\/span><\/a><\/div><\/div>\t\t\t\t\t<\/div>\n\n\t\t\t\t\t\n\t\t\t\t\t\t\t\t\t<\/div>\n\t\t\t<\/div>\n\t\t<\/div><\/div><\/div><div class=\"wpb_column vc_column_container vc_col-sm-1\/5\"><div class=\"vc_column-inner\"><div class=\"wpb_wrapper\">\t\t\t<div class=\"info-box-wrapper\">\n\t\t\t\t<div id=\"wd-689c462d980d1\" class=\"wd-rs-689c462d980d1 wd-info-box wd-wpb text-center box-icon-align-top box-style-shadow color-scheme- wd-bg-none with-btn box-btn-static\">\n\t\t\t\t\t\t\t\t\t\t\t<div class=\"box-icon-wrapper  box-with-icon box-icon-simple\">\n\t\t\t\t\t\t\t<div class=\"info-box-icon\">\n\n\t\t\t\t\t\t\t\n\t\t\t\t\t\t\t\t\t\t\t\t\t\t\t\t\t<img loading=\"lazy\" decoding=\"async\" width=\"750\" height=\"452\" src=\"https:\/\/fenova.com.tr\/wp-content\/uploads\/2025\/07\/fenova_bg.png\" class=\"attachment-full size-full\" alt=\"\" srcset=\"https:\/\/fenova.com.tr\/wp-content\/uploads\/2025\/07\/fenova_bg.png 750w, https:\/\/fenova.com.tr\/wp-content\/uploads\/2025\/07\/fenova_bg-430x259.png 430w, https:\/\/fenova.com.tr\/wp-content\/uploads\/2025\/07\/fenova_bg-150x90.png 150w, https:\/\/fenova.com.tr\/wp-content\/uploads\/2025\/07\/fenova_bg-700x422.png 700w, https:\/\/fenova.com.tr\/wp-content\/uploads\/2025\/07\/fenova_bg-400x241.png 400w\" sizes=\"auto, (max-width: 750px) 100vw, 750px\" \/>\t\t\t\t\t\t\t\t\t\t\t\t\t\t\t\n\t\t\t\t\t\t\t<\/div>\n\t\t\t\t\t\t<\/div>\n\t\t\t\t\t\t\t\t\t\t<div class=\"info-box-content\">\n\t\t\t\t\t\t\t\t\t\t\t\t<div class=\"info-box-inner reset-last-child\"><\/div>\n\n\t\t\t\t\t\t<div class=\"info-btn-wrapper\"><div id=\"wd-69e8e46b45e64\" class=\"wd-button-wrapper text-center\"><a href=\"https:\/\/fenova.com.tr\/en\/sinop-turkeli-belediyesi-dis-ekran-projesi\/\" title=\"\" class=\"btn btn-style-link btn-shape-rectangle btn-size-default btn-icon-pos-right\">S\u0130NOP T\u00dcRKEL\u0130 MUNICIPALITY<span class=\"wd-btn-icon\"><span class=\"wd-icon fa fa-solid fa-angle-right\"><\/span><\/span><\/a><\/div><\/div>\t\t\t\t\t<\/div>\n\n\t\t\t\t\t\n\t\t\t\t\t\t\t\t\t<\/div>\n\t\t\t<\/div>\n\t\t<\/div><\/div><\/div><div class=\"wpb_column vc_column_container vc_col-sm-1\/5\"><div class=\"vc_column-inner\"><div class=\"wpb_wrapper\">\t\t\t<div class=\"info-box-wrapper\">\n\t\t\t\t<div id=\"wd-689c46185a8bb\" class=\"wd-rs-689c46185a8bb wd-info-box wd-wpb text-center box-icon-align-top box-style-shadow color-scheme- wd-bg-none with-btn box-btn-static\">\n\t\t\t\t\t\t\t\t\t\t\t<div class=\"box-icon-wrapper  box-with-icon box-icon-simple\">\n\t\t\t\t\t\t\t<div class=\"info-box-icon\">\n\n\t\t\t\t\t\t\t\n\t\t\t\t\t\t\t\t\t\t\t\t\t\t\t\t\t<img loading=\"lazy\" decoding=\"async\" width=\"750\" height=\"452\" src=\"https:\/\/fenova.com.tr\/wp-content\/uploads\/2025\/07\/fenova_bg.png\" class=\"attachment-full size-full\" alt=\"\" srcset=\"https:\/\/fenova.com.tr\/wp-content\/uploads\/2025\/07\/fenova_bg.png 750w, https:\/\/fenova.com.tr\/wp-content\/uploads\/2025\/07\/fenova_bg-430x259.png 430w, https:\/\/fenova.com.tr\/wp-content\/uploads\/2025\/07\/fenova_bg-150x90.png 150w, https:\/\/fenova.com.tr\/wp-content\/uploads\/2025\/07\/fenova_bg-700x422.png 700w, https:\/\/fenova.com.tr\/wp-content\/uploads\/2025\/07\/fenova_bg-400x241.png 400w\" sizes=\"auto, (max-width: 750px) 100vw, 750px\" \/>\t\t\t\t\t\t\t\t\t\t\t\t\t\t\t\n\t\t\t\t\t\t\t<\/div>\n\t\t\t\t\t\t<\/div>\n\t\t\t\t\t\t\t\t\t\t<div class=\"info-box-content\">\n\t\t\t\t\t\t\t\t\t\t\t\t<div class=\"info-box-inner reset-last-child\"><\/div>\n\n\t\t\t\t\t\t<div class=\"info-btn-wrapper\"><div id=\"wd-69e8e46b461a2\" class=\"wd-button-wrapper text-center\"><a href=\"https:\/\/fenova.com.tr\/en\/ultramaxx-dis-mekan-ekran-projesi\/\" title=\"\" class=\"btn btn-style-link btn-shape-rectangle btn-size-default btn-icon-pos-right\">ULTRAMAXX<span class=\"wd-btn-icon\"><span class=\"wd-icon fa fa-solid fa-angle-right\"><\/span><\/span><\/a><\/div><\/div>\t\t\t\t\t<\/div>\n\n\t\t\t\t\t\n\t\t\t\t\t\t\t\t\t<\/div>\n\t\t\t<\/div>\n\t\t<\/div><\/div><\/div><\/div><div class=\"vc_row-full-width vc_clearfix\"><\/div><div data-vc-full-width=\"true\" data-vc-full-width-temp=\"true\" data-vc-full-width-init=\"false\" data-vc-stretch-content=\"true\" class=\"vc_row wpb_row vc_row-fluid wd-rs-687b4a447d27d\"><div class=\"wpb_column vc_column_container vc_col-sm-1\/5 wd-rs-687b46f7f3ce8\"><div class=\"vc_column-inner\"><div class=\"wpb_wrapper\">\t\t\t<div class=\"info-box-wrapper\">\n\t\t\t\t<div id=\"wd-689c461087c65\" class=\"wd-rs-689c461087c65 wd-info-box wd-wpb text-center box-icon-align-top box-style-shadow color-scheme- wd-bg-none with-btn box-btn-static\">\n\t\t\t\t\t\t\t\t\t\t\t<div class=\"box-icon-wrapper  box-with-icon box-icon-simple\">\n\t\t\t\t\t\t\t<div class=\"info-box-icon\">\n\n\t\t\t\t\t\t\t\n\t\t\t\t\t\t\t\t\t\t\t\t\t\t\t\t\t<img loading=\"lazy\" decoding=\"async\" width=\"750\" height=\"452\" src=\"https:\/\/fenova.com.tr\/wp-content\/uploads\/2025\/07\/fenova_bg.png\" class=\"attachment-full size-full\" alt=\"\" srcset=\"https:\/\/fenova.com.tr\/wp-content\/uploads\/2025\/07\/fenova_bg.png 750w, https:\/\/fenova.com.tr\/wp-content\/uploads\/2025\/07\/fenova_bg-430x259.png 430w, https:\/\/fenova.com.tr\/wp-content\/uploads\/2025\/07\/fenova_bg-150x90.png 150w, https:\/\/fenova.com.tr\/wp-content\/uploads\/2025\/07\/fenova_bg-700x422.png 700w, https:\/\/fenova.com.tr\/wp-content\/uploads\/2025\/07\/fenova_bg-400x241.png 400w\" sizes=\"auto, (max-width: 750px) 100vw, 750px\" \/>\t\t\t\t\t\t\t\t\t\t\t\t\t\t\t\n\t\t\t\t\t\t\t<\/div>\n\t\t\t\t\t\t<\/div>\n\t\t\t\t\t\t\t\t\t\t<div class=\"info-box-content\">\n\t\t\t\t\t\t\t\t\t\t\t\t<div class=\"info-box-inner reset-last-child\"><\/div>\n\n\t\t\t\t\t\t<div class=\"info-btn-wrapper\"><div id=\"wd-69e8e46b46725\" class=\"wd-button-wrapper text-center\"><a href=\"https:\/\/fenova.com.tr\/en\/beaulife-guzellik-dis-mekan-ekran-projesi\/\" title=\"\" class=\"btn btn-style-link btn-shape-rectangle btn-size-default btn-icon-pos-right\">BEAULIFE BEAUTY<span class=\"wd-btn-icon\"><span class=\"wd-icon fa fa-solid fa-angle-right\"><\/span><\/span><\/a><\/div><\/div>\t\t\t\t\t<\/div>\n\n\t\t\t\t\t\n\t\t\t\t\t\t\t\t\t<\/div>\n\t\t\t<\/div>\n\t\t<\/div><\/div><\/div><div class=\"wpb_column vc_column_container vc_col-sm-1\/5 wd-rs-687b427e9b9ee\"><div class=\"vc_column-inner\"><div class=\"wpb_wrapper\"><\/div><\/div><\/div><div class=\"wpb_column vc_column_container vc_col-sm-1\/5\"><div class=\"vc_column-inner\"><div class=\"wpb_wrapper\"><\/div><\/div><\/div><div class=\"wpb_column vc_column_container vc_col-sm-1\/5\"><div class=\"vc_column-inner\"><div class=\"wpb_wrapper\"><\/div><\/div><\/div><div class=\"wpb_column vc_column_container vc_col-sm-1\/5\"><div class=\"vc_column-inner\"><div class=\"wpb_wrapper\"><\/div><\/div><\/div><\/div><div class=\"vc_row-full-width vc_clearfix\"><\/div><div class=\"vc_row wpb_row vc_row-fluid\"><div class=\"wpb_column vc_column_container vc_col-sm-12\"><div class=\"vc_column-inner\"><div class=\"wpb_wrapper\">\n\t<div class=\"wpb_text_column wpb_content_element\" >\n\t\t<div class=\"wpb_wrapper\">\n\t\t\t<div id=\"gtx-trans\" style=\"position: absolute; left: 1271px; top: 577px;\">\n<div class=\"gtx-trans-icon\"><\/div>\n<\/div>\n\n\t\t<\/div>\n\t<\/div>\n<\/div><\/div><\/div><\/div>\n<\/div>","protected":false},"excerpt":{"rendered":"LOFT KOCAAL\u0130 BELED\u0130YES\u0130 VEN\u0130V\u0130D\u0130 G\u00d6Z S\u0130NOP T\u00dcRKEL\u0130 BELED\u0130YES\u0130 ULTRAMAXX BEAULIFE G\u00dcZELL\u0130K","protected":false},"author":1,"featured_media":0,"parent":0,"menu_order":0,"comment_status":"closed","ping_status":"closed","template":"","meta":{"footnotes":""},"class_list":["post-10586","page","type-page","status-publish","hentry"],"_links":{"self":[{"href":"https:\/\/fenova.com.tr\/en\/wp-json\/wp\/v2\/pages\/10586","targetHints":{"allow":["GET"]}}],"collection":[{"href":"https:\/\/fenova.com.tr\/en\/wp-json\/wp\/v2\/pages"}],"about":[{"href":"https:\/\/fenova.com.tr\/en\/wp-json\/wp\/v2\/types\/page"}],"author":[{"embeddable":true,"href":"https:\/\/fenova.com.tr\/en\/wp-json\/wp\/v2\/users\/1"}],"replies":[{"embeddable":true,"href":"https:\/\/fenova.com.tr\/en\/wp-json\/wp\/v2\/comments?post=10586"}],"version-history":[{"count":7,"href":"https:\/\/fenova.com.tr\/en\/wp-json\/wp\/v2\/pages\/10586\/revisions"}],"predecessor-version":[{"id":10807,"href":"https:\/\/fenova.com.tr\/en\/wp-json\/wp\/v2\/pages\/10586\/revisions\/10807"}],"wp:attachment":[{"href":"https:\/\/fenova.com.tr\/en\/wp-json\/wp\/v2\/media?parent=10586"}],"curies":[{"name":"wp","href":"https:\/\/api.w.org\/{rel}","templated":true}]}}