{"id":10529,"date":"2025-07-19T11:39:41","date_gmt":"2025-07-19T08:39:41","guid":{"rendered":"https:\/\/baysajans.com\/fenova\/?page_id=10529"},"modified":"2025-07-19T11:57:25","modified_gmt":"2025-07-19T08:57:25","slug":"firma-bilgilerimiz","status":"publish","type":"page","link":"https:\/\/fenova.com.tr\/en\/firma-bilgilerimiz\/","title":{"rendered":"Our Company Information"},"content":{"rendered":"<div class=\"wpb-content-wrapper\"><div class=\"vc_row wpb_row vc_row-fluid\"><div class=\"wpb_column vc_column_container vc_col-sm-3\"><div class=\"vc_column-inner\"><div class=\"wpb_wrapper\">\t\t<div id=\"wd-687b59ea1b9ac\" class=\"wd-image wd-wpb wd-rs-687b59ea1b9ac text-left\">\n\t\t\t\n\t\t\t<img loading=\"lazy\" decoding=\"async\" width=\"226\" height=\"70\" src=\"https:\/\/fenova.com.tr\/wp-content\/uploads\/2025\/07\/fenova-logo-3.png\" class=\"attachment-full size-full\" alt=\"\" srcset=\"https:\/\/fenova.com.tr\/wp-content\/uploads\/2025\/07\/fenova-logo-3.png 226w, https:\/\/fenova.com.tr\/wp-content\/uploads\/2025\/07\/fenova-logo-3-150x46.png 150w\" sizes=\"auto, (max-width: 226px) 100vw, 226px\" \/>\n\t\t\t\t\t<\/div>\n\t\t<\/div><\/div><\/div><div class=\"wpb_column vc_column_container vc_col-sm-9\"><div class=\"vc_column-inner\"><div class=\"wpb_wrapper\">\t\t<div id=\"wd-687b5c75aa9b6\" class=\"wd-text-block wd-wpb reset-last-child wd-rs-687b5c75aa9b6 text-left\">\n\t\t\t<table border=\"1\">\n<tbody>\n<tr>\n<th style=\"background-color: #eeeeee;\">Company Name<\/th>\n<td>FENOVA TECHNOLOGY LIMITED COMPANY<\/td>\n<\/tr>\n<tr>\n<th style=\"background-color: #eeeeee;\">Company Address<\/th>\n<td>\u0130K\u0130TELL\u0130 OSB MAHALLES\u0130, MUTFAK\u00c7ILAR S\u0130TES\u0130 M5 BLOK NO 34 BA\u015eAK\u015eEH\u0130R, \u0130STANBUL<\/td>\n<\/tr>\n<tr>\n<th style=\"background-color: #eeeeee;\">Tax Office<\/th>\n<td>\u0130K\u0130TELL\u0130<\/td>\n<\/tr>\n<tr>\n<th style=\"background-color: #eeeeee;\">Tax Number<\/th>\n<td>3851022602<\/td>\n<\/tr>\n<tr>\n<th style=\"background-color: #eeeeee;\">Trade Registry Number<\/th>\n<td>125766-5<\/td>\n<\/tr>\n<\/tbody>\n<\/table>\n\t\t<\/div>\n\t\t<\/div><\/div><\/div><\/div><div class=\"vc_row wpb_row vc_row-fluid\"><div class=\"wpb_column vc_column_container vc_col-sm-3\"><div class=\"vc_column-inner\"><div class=\"wpb_wrapper\">\t\t<div id=\"wd-687b5de898107\" class=\"wd-image wd-wpb wd-rs-687b5de898107 text-left\">\n\t\t\t\n\t\t\t<img loading=\"lazy\" decoding=\"async\" width=\"2560\" height=\"1440\" src=\"https:\/\/fenova.com.tr\/wp-content\/uploads\/2025\/07\/kuveytturk-scaled.webp\" class=\"attachment-full size-full\" alt=\"\" srcset=\"https:\/\/fenova.com.tr\/wp-content\/uploads\/2025\/07\/kuveytturk-scaled.webp 2560w, https:\/\/fenova.com.tr\/wp-content\/uploads\/2025\/07\/kuveytturk-scaled-430x242.webp 430w, https:\/\/fenova.com.tr\/wp-content\/uploads\/2025\/07\/kuveytturk-scaled-150x84.webp 150w, https:\/\/fenova.com.tr\/wp-content\/uploads\/2025\/07\/kuveytturk-scaled-700x394.webp 700w, https:\/\/fenova.com.tr\/wp-content\/uploads\/2025\/07\/kuveytturk-400x225.webp 400w, https:\/\/fenova.com.tr\/wp-content\/uploads\/2025\/07\/kuveytturk-1300x731.webp 1300w, https:\/\/fenova.com.tr\/wp-content\/uploads\/2025\/07\/kuveytturk-768x432.webp 768w, https:\/\/fenova.com.tr\/wp-content\/uploads\/2025\/07\/kuveytturk-1536x864.webp 1536w\" sizes=\"auto, (max-width: 2560px) 100vw, 2560px\" \/>\n\t\t\t\t\t<\/div>\n\t\t<\/div><\/div><\/div><div class=\"wpb_column vc_column_container vc_col-sm-9\"><div class=\"vc_column-inner\"><div class=\"wpb_wrapper\">\t\t<div id=\"wd-687b5d55333ce\" class=\"wd-text-block wd-wpb reset-last-child wd-rs-687b5d55333ce text-left\">\n\t\t\t<table border=\"1\">\n<tbody>\n<tr>\n<th style=\"background-color: #eeeeee;\">\u20ba &#8211; TRY<\/th>\n<td>TR90<\/td>\n<\/tr>\n<tr>\n<th style=\"background-color: #eeeeee;\">$ &#8211; USD<\/th>\n<td>TR90<\/td>\n<\/tr>\n<tr>\n<th style=\"background-color: #eeeeee;\">\u20ac &#8211; EUR<\/th>\n<td>TR90<\/td>\n<\/tr>\n<\/tbody>\n<\/table>\n\t\t<\/div>\n\t\t<\/div><\/div><\/div><\/div>\n<\/div>","protected":false},"excerpt":{"rendered":"Firma \u00dcnvan\u0131 FENOVA TEKNOLOJ\u0130 L\u0130M\u0130TED \u015e\u0130RKET\u0130 Firma Adresi \u0130K\u0130TELL\u0130 OSB MAHALLES\u0130, MUTFAK\u00c7ILAR S\u0130TES\u0130 M5 BLOK NO 34 BA\u015eAK\u015eEH\u0130R, \u0130STANBUL Vergi","protected":false},"author":1,"featured_media":0,"parent":0,"menu_order":0,"comment_status":"closed","ping_status":"closed","template":"","meta":{"footnotes":""},"class_list":["post-10529","page","type-page","status-publish","hentry"],"_links":{"self":[{"href":"https:\/\/fenova.com.tr\/en\/wp-json\/wp\/v2\/pages\/10529","targetHints":{"allow":["GET"]}}],"collection":[{"href":"https:\/\/fenova.com.tr\/en\/wp-json\/wp\/v2\/pages"}],"about":[{"href":"https:\/\/fenova.com.tr\/en\/wp-json\/wp\/v2\/types\/page"}],"author":[{"embeddable":true,"href":"https:\/\/fenova.com.tr\/en\/wp-json\/wp\/v2\/users\/1"}],"replies":[{"embeddable":true,"href":"https:\/\/fenova.com.tr\/en\/wp-json\/wp\/v2\/comments?post=10529"}],"version-history":[{"count":8,"href":"https:\/\/fenova.com.tr\/en\/wp-json\/wp\/v2\/pages\/10529\/revisions"}],"predecessor-version":[{"id":10539,"href":"https:\/\/fenova.com.tr\/en\/wp-json\/wp\/v2\/pages\/10529\/revisions\/10539"}],"wp:attachment":[{"href":"https:\/\/fenova.com.tr\/en\/wp-json\/wp\/v2\/media?parent=10529"}],"curies":[{"name":"wp","href":"https:\/\/api.w.org\/{rel}","templated":true}]}}