{"id":10502,"date":"2025-07-19T09:55:24","date_gmt":"2025-07-19T06:55:24","guid":{"rendered":"https:\/\/baysajans.com\/fenova\/?page_id=10502"},"modified":"2025-08-26T06:58:17","modified_gmt":"2025-08-26T03:58:17","slug":"cozumler","status":"publish","type":"page","link":"https:\/\/fenova.com.tr\/en\/cozumler\/","title":{"rendered":"\u00c7\u00f6z\u00fcmler"},"content":{"rendered":"<div class=\"wpb-content-wrapper\"><div data-vc-full-width=\"true\" data-vc-full-width-temp=\"true\" data-vc-full-width-init=\"false\" data-vc-stretch-content=\"true\" class=\"vc_row wpb_row vc_row-fluid wd-rs-687b4a447d27d\"><div class=\"wpb_column vc_column_container vc_col-sm-2 wd-rs-687b46f7f3ce8\"><div class=\"vc_column-inner\"><div class=\"wpb_wrapper\">\t\t\t<div class=\"info-box-wrapper inline-element\">\n\t\t\t\t<div id=\"wd-68ad3094df9a4\" class=\"wd-rs-68ad3094df9a4 wd-info-box wd-wpb text-left box-icon-align-top box-style-shadow color-scheme- wd-bg-none with-btn box-btn-static\">\n\t\t\t\t\t\t\t\t\t\t\t<div class=\"box-icon-wrapper  box-with-icon box-icon-simple\">\n\t\t\t\t\t\t\t<div class=\"info-box-icon\">\n\n\t\t\t\t\t\t\t\n\t\t\t\t\t\t\t\t\t\t\t\t\t\t\t\t\t<img loading=\"lazy\" decoding=\"async\" width=\"300\" height=\"300\" src=\"https:\/\/fenova.com.tr\/wp-content\/uploads\/2025\/07\/totem-led-ekran300.jpg\" class=\"attachment-full size-full\" alt=\"\" srcset=\"https:\/\/fenova.com.tr\/wp-content\/uploads\/2025\/07\/totem-led-ekran300.jpg 300w, https:\/\/fenova.com.tr\/wp-content\/uploads\/2025\/07\/totem-led-ekran300-150x150.jpg 150w\" sizes=\"auto, (max-width: 300px) 100vw, 300px\" \/>\t\t\t\t\t\t\t\t\t\t\t\t\t\t\t\n\t\t\t\t\t\t\t<\/div>\n\t\t\t\t\t\t<\/div>\n\t\t\t\t\t\t\t\t\t\t<div class=\"info-box-content\">\n\t\t\t\t\t\t\t\t\t\t\t\t<div class=\"info-box-inner reset-last-child\"><\/div>\n\n\t\t\t\t\t\t<div class=\"info-btn-wrapper\"><div id=\"wd-69e8ebd8342af\" class=\"wd-button-wrapper text-left\"><a href=\"https:\/\/fenova.com.tr\/en\/totem-led-ekran\/\" title=\"\" class=\"btn btn-style-link btn-shape-rectangle btn-size-default btn-icon-pos-right\">Totem LED Display<span class=\"wd-btn-icon\"><span class=\"wd-icon fa fa-solid fa-angle-right\"><\/span><\/span><\/a><\/div><\/div>\t\t\t\t\t<\/div>\n\n\t\t\t\t\t\n\t\t\t\t\t\t\t\t\t<\/div>\n\t\t\t<\/div>\n\t\t<\/div><\/div><\/div><div class=\"wpb_column vc_column_container vc_col-sm-2 wd-rs-687b427e9b9ee\"><div class=\"vc_column-inner\"><div class=\"wpb_wrapper\">\t\t\t<div class=\"info-box-wrapper\">\n\t\t\t\t<div id=\"wd-68ad2fd3c8481\" class=\"wd-rs-68ad2fd3c8481 wd-info-box wd-wpb text-left box-icon-align-top box-style-shadow color-scheme- wd-bg-none with-btn box-btn-static\">\n\t\t\t\t\t\t\t\t\t\t\t<div class=\"box-icon-wrapper  box-with-icon box-icon-simple\">\n\t\t\t\t\t\t\t<div class=\"info-box-icon\">\n\n\t\t\t\t\t\t\t\n\t\t\t\t\t\t\t\t\t\t\t\t\t\t\t\t\t<img loading=\"lazy\" decoding=\"async\" width=\"300\" height=\"300\" src=\"https:\/\/fenova.com.tr\/wp-content\/uploads\/2025\/07\/acik-hava-led-ekran300.jpg\" class=\"attachment-full size-full\" alt=\"\" srcset=\"https:\/\/fenova.com.tr\/wp-content\/uploads\/2025\/07\/acik-hava-led-ekran300.jpg 300w, https:\/\/fenova.com.tr\/wp-content\/uploads\/2025\/07\/acik-hava-led-ekran300-150x150.jpg 150w\" sizes=\"auto, (max-width: 300px) 100vw, 300px\" \/>\t\t\t\t\t\t\t\t\t\t\t\t\t\t\t\n\t\t\t\t\t\t\t<\/div>\n\t\t\t\t\t\t<\/div>\n\t\t\t\t\t\t\t\t\t\t<div class=\"info-box-content\">\n\t\t\t\t\t\t\t\t\t\t\t\t<div class=\"info-box-inner reset-last-child\"><\/div>\n\n\t\t\t\t\t\t<div class=\"info-btn-wrapper\"><div id=\"wd-69e8ebd8357d5\" class=\"wd-button-wrapper text-left\"><a href=\"https:\/\/fenova.com.tr\/en\/acik-hava-led-ekran\/\" title=\"\" class=\"btn btn-style-link btn-shape-rectangle btn-size-default btn-icon-pos-right\">Open Air LED Screen<span class=\"wd-btn-icon\"><span class=\"wd-icon fa fa-solid fa-angle-right\"><\/span><\/span><\/a><\/div><\/div>\t\t\t\t\t<\/div>\n\n\t\t\t\t\t\n\t\t\t\t\t\t\t\t\t<\/div>\n\t\t\t<\/div>\n\t\t<\/div><\/div><\/div><div class=\"wpb_column vc_column_container vc_col-sm-2\"><div class=\"vc_column-inner\"><div class=\"wpb_wrapper\">\t\t\t<div class=\"info-box-wrapper\">\n\t\t\t\t<div id=\"wd-68ad2fe5a2007\" class=\"wd-rs-68ad2fe5a2007 wd-info-box wd-wpb text-left box-icon-align-top box-style-shadow color-scheme- wd-bg-none with-btn box-btn-static\">\n\t\t\t\t\t\t\t\t\t\t\t<div class=\"box-icon-wrapper  box-with-icon box-icon-simple\">\n\t\t\t\t\t\t\t<div class=\"info-box-icon\">\n\n\t\t\t\t\t\t\t\n\t\t\t\t\t\t\t\t\t\t\t\t\t\t\t\t\t<img loading=\"lazy\" decoding=\"async\" width=\"300\" height=\"300\" src=\"https:\/\/fenova.com.tr\/wp-content\/uploads\/2025\/07\/magaza-led-300-ekran.png\" class=\"attachment-full size-full\" alt=\"\" srcset=\"https:\/\/fenova.com.tr\/wp-content\/uploads\/2025\/07\/magaza-led-300-ekran.png 300w, https:\/\/fenova.com.tr\/wp-content\/uploads\/2025\/07\/magaza-led-300-ekran-150x150.png 150w\" sizes=\"auto, (max-width: 300px) 100vw, 300px\" \/>\t\t\t\t\t\t\t\t\t\t\t\t\t\t\t\n\t\t\t\t\t\t\t<\/div>\n\t\t\t\t\t\t<\/div>\n\t\t\t\t\t\t\t\t\t\t<div class=\"info-box-content\">\n\t\t\t\t\t\t\t\t\t\t\t\t<div class=\"info-box-inner reset-last-child\"><\/div>\n\n\t\t\t\t\t\t<div class=\"info-btn-wrapper\"><div id=\"wd-69e8ebd836265\" class=\"wd-button-wrapper text-left\"><a href=\"https:\/\/fenova.com.tr\/en\/magaza-led-ekran\/\" title=\"\" class=\"btn btn-style-link btn-shape-rectangle btn-size-default btn-icon-pos-right\">Store LED Screen<span class=\"wd-btn-icon\"><span class=\"wd-icon fa fa-solid fa-angle-right\"><\/span><\/span><\/a><\/div><\/div>\t\t\t\t\t<\/div>\n\n\t\t\t\t\t\n\t\t\t\t\t\t\t\t\t<\/div>\n\t\t\t<\/div>\n\t\t<\/div><\/div><\/div><div class=\"wpb_column vc_column_container vc_col-sm-2\"><div class=\"vc_column-inner\"><div class=\"wpb_wrapper\">\t\t\t<div class=\"info-box-wrapper\">\n\t\t\t\t<div id=\"wd-68ad2ff3601bd\" class=\"wd-rs-68ad2ff3601bd wd-info-box wd-wpb text-left box-icon-align-top box-style-shadow color-scheme- wd-bg-none with-btn box-btn-static\">\n\t\t\t\t\t\t\t\t\t\t\t<div class=\"box-icon-wrapper  box-with-icon box-icon-simple\">\n\t\t\t\t\t\t\t<div class=\"info-box-icon\">\n\n\t\t\t\t\t\t\t\n\t\t\t\t\t\t\t\t\t\t\t\t\t\t\t\t\t<img loading=\"lazy\" decoding=\"async\" width=\"300\" height=\"300\" src=\"https:\/\/fenova.com.tr\/wp-content\/uploads\/2025\/07\/trafik-bilgi-led-ekran300.jpg\" class=\"attachment-full size-full\" alt=\"\" srcset=\"https:\/\/fenova.com.tr\/wp-content\/uploads\/2025\/07\/trafik-bilgi-led-ekran300.jpg 300w, https:\/\/fenova.com.tr\/wp-content\/uploads\/2025\/07\/trafik-bilgi-led-ekran300-150x150.jpg 150w\" sizes=\"auto, (max-width: 300px) 100vw, 300px\" \/>\t\t\t\t\t\t\t\t\t\t\t\t\t\t\t\n\t\t\t\t\t\t\t<\/div>\n\t\t\t\t\t\t<\/div>\n\t\t\t\t\t\t\t\t\t\t<div class=\"info-box-content\">\n\t\t\t\t\t\t\t\t\t\t\t\t<div class=\"info-box-inner reset-last-child\"><\/div>\n\n\t\t\t\t\t\t<div class=\"info-btn-wrapper\"><div id=\"wd-69e8ebd839e5c\" class=\"wd-button-wrapper text-left\"><a href=\"https:\/\/fenova.com.tr\/en\/trafik-bilgi-led-ekrani\/\" title=\"\" class=\"btn btn-style-link btn-shape-rectangle btn-size-default btn-icon-pos-right\">Traffic Information LED Display<span class=\"wd-btn-icon\"><span class=\"wd-icon fa fa-solid fa-angle-right\"><\/span><\/span><\/a><\/div><\/div>\t\t\t\t\t<\/div>\n\n\t\t\t\t\t\n\t\t\t\t\t\t\t\t\t<\/div>\n\t\t\t<\/div>\n\t\t<\/div><\/div><\/div><div class=\"wpb_column vc_column_container vc_col-sm-2\"><div class=\"vc_column-inner\"><div class=\"wpb_wrapper\">\t\t\t<div class=\"info-box-wrapper\">\n\t\t\t\t<div id=\"wd-68ad300099976\" class=\"wd-rs-68ad300099976 wd-info-box wd-wpb text-left box-icon-align-top box-style-shadow color-scheme- wd-bg-none with-btn box-btn-static\">\n\t\t\t\t\t\t\t\t\t\t\t<div class=\"box-icon-wrapper  box-with-icon box-icon-simple\">\n\t\t\t\t\t\t\t<div class=\"info-box-icon\">\n\n\t\t\t\t\t\t\t\n\t\t\t\t\t\t\t\t\t\t\t\t\t\t\t\t\t<img loading=\"lazy\" decoding=\"async\" width=\"300\" height=\"300\" src=\"https:\/\/fenova.com.tr\/wp-content\/uploads\/2025\/07\/tv-kanali-studyo-led-ekran300.jpg\" class=\"attachment-full size-full\" alt=\"\" srcset=\"https:\/\/fenova.com.tr\/wp-content\/uploads\/2025\/07\/tv-kanali-studyo-led-ekran300.jpg 300w, https:\/\/fenova.com.tr\/wp-content\/uploads\/2025\/07\/tv-kanali-studyo-led-ekran300-150x150.jpg 150w\" sizes=\"auto, (max-width: 300px) 100vw, 300px\" \/>\t\t\t\t\t\t\t\t\t\t\t\t\t\t\t\n\t\t\t\t\t\t\t<\/div>\n\t\t\t\t\t\t<\/div>\n\t\t\t\t\t\t\t\t\t\t<div class=\"info-box-content\">\n\t\t\t\t\t\t\t\t\t\t\t\t<div class=\"info-box-inner reset-last-child\"><\/div>\n\n\t\t\t\t\t\t<div class=\"info-btn-wrapper\"><div id=\"wd-69e8ebd83a767\" class=\"wd-button-wrapper text-left\"><a href=\"https:\/\/fenova.com.tr\/en\/studyo-led-ekran\/\" title=\"\" class=\"btn btn-style-link btn-shape-rectangle btn-size-default btn-icon-pos-right\">Studio LED Screen<span class=\"wd-btn-icon\"><span class=\"wd-icon fa fa-solid fa-angle-right\"><\/span><\/span><\/a><\/div><\/div>\t\t\t\t\t<\/div>\n\n\t\t\t\t\t\n\t\t\t\t\t\t\t\t\t<\/div>\n\t\t\t<\/div>\n\t\t<\/div><\/div><\/div><div class=\"wpb_column vc_column_container vc_col-sm-2\"><div class=\"vc_column-inner\"><div class=\"wpb_wrapper\">\t\t\t<div class=\"info-box-wrapper\">\n\t\t\t\t<div id=\"wd-68ad302e8fdf4\" class=\"wd-rs-68ad302e8fdf4 wd-info-box wd-wpb text-left box-icon-align-top box-style-shadow color-scheme- wd-bg-none with-btn box-btn-static\">\n\t\t\t\t\t\t\t\t\t\t\t<div class=\"box-icon-wrapper  box-with-icon box-icon-simple\">\n\t\t\t\t\t\t\t<div class=\"info-box-icon\">\n\n\t\t\t\t\t\t\t\n\t\t\t\t\t\t\t\t\t\t\t\t\t\t\t\t\t<img loading=\"lazy\" decoding=\"async\" width=\"300\" height=\"300\" src=\"https:\/\/fenova.com.tr\/wp-content\/uploads\/2025\/07\/bina-cephe-led-ekran300.jpg\" class=\"attachment-full size-full\" alt=\"\" srcset=\"https:\/\/fenova.com.tr\/wp-content\/uploads\/2025\/07\/bina-cephe-led-ekran300.jpg 300w, https:\/\/fenova.com.tr\/wp-content\/uploads\/2025\/07\/bina-cephe-led-ekran300-150x150.jpg 150w\" sizes=\"auto, (max-width: 300px) 100vw, 300px\" \/>\t\t\t\t\t\t\t\t\t\t\t\t\t\t\t\n\t\t\t\t\t\t\t<\/div>\n\t\t\t\t\t\t<\/div>\n\t\t\t\t\t\t\t\t\t\t<div class=\"info-box-content\">\n\t\t\t\t\t\t\t\t\t\t\t\t<div class=\"info-box-inner reset-last-child\"><\/div>\n\n\t\t\t\t\t\t<div class=\"info-btn-wrapper\"><div id=\"wd-69e8ebd83ae69\" class=\"wd-button-wrapper text-left\"><a href=\"https:\/\/fenova.com.tr\/en\/bina-cephe-led-ekran\/\" title=\"\" class=\"btn btn-style-link btn-shape-rectangle btn-size-default btn-icon-pos-right\">Building Facade LED Display<span class=\"wd-btn-icon\"><span class=\"wd-icon fa fa-solid fa-angle-right\"><\/span><\/span><\/a><\/div><\/div>\t\t\t\t\t<\/div>\n\n\t\t\t\t\t\n\t\t\t\t\t\t\t\t\t<\/div>\n\t\t\t<\/div>\n\t\t<\/div><\/div><\/div><\/div><div class=\"vc_row-full-width vc_clearfix\"><\/div><div data-vc-full-width=\"true\" data-vc-full-width-temp=\"true\" data-vc-full-width-init=\"false\" data-vc-stretch-content=\"true\" class=\"vc_row wpb_row vc_row-fluid wd-rs-687b4a447d27d\"><div class=\"wpb_column vc_column_container vc_col-sm-2 wd-rs-687b46f7f3ce8\"><div class=\"vc_column-inner\"><div class=\"wpb_wrapper\">\t\t\t<div class=\"info-box-wrapper\">\n\t\t\t\t<div id=\"wd-68ad303b88ac6\" class=\"wd-rs-68ad303b88ac6 wd-info-box wd-wpb text-left box-icon-align-top box-style-shadow color-scheme- wd-bg-none with-btn box-btn-static\">\n\t\t\t\t\t\t\t\t\t\t\t<div class=\"box-icon-wrapper  box-with-icon box-icon-simple\">\n\t\t\t\t\t\t\t<div class=\"info-box-icon\">\n\n\t\t\t\t\t\t\t\n\t\t\t\t\t\t\t\t\t\t\t\t\t\t\t\t\t<img loading=\"lazy\" decoding=\"async\" width=\"300\" height=\"300\" src=\"https:\/\/fenova.com.tr\/wp-content\/uploads\/2025\/07\/arac-mobil-led-ekran.jpg\" class=\"attachment-full size-full\" alt=\"\" srcset=\"https:\/\/fenova.com.tr\/wp-content\/uploads\/2025\/07\/arac-mobil-led-ekran.jpg 300w, https:\/\/fenova.com.tr\/wp-content\/uploads\/2025\/07\/arac-mobil-led-ekran-150x150.jpg 150w\" sizes=\"auto, (max-width: 300px) 100vw, 300px\" \/>\t\t\t\t\t\t\t\t\t\t\t\t\t\t\t\n\t\t\t\t\t\t\t<\/div>\n\t\t\t\t\t\t<\/div>\n\t\t\t\t\t\t\t\t\t\t<div class=\"info-box-content\">\n\t\t\t\t\t\t\t\t\t\t\t\t<div class=\"info-box-inner reset-last-child\"><\/div>\n\n\t\t\t\t\t\t<div class=\"info-btn-wrapper\"><div id=\"wd-69e8ebd83b62c\" class=\"wd-button-wrapper text-left\"><a href=\"https:\/\/fenova.com.tr\/en\/arac-mobil-led-ekran\/\" title=\"\" class=\"btn btn-style-link btn-shape-rectangle btn-size-default btn-icon-pos-right\">Vehicle Mobile LED Display<span class=\"wd-btn-icon\"><span class=\"wd-icon fa fa-solid fa-angle-right\"><\/span><\/span><\/a><\/div><\/div>\t\t\t\t\t<\/div>\n\n\t\t\t\t\t\n\t\t\t\t\t\t\t\t\t<\/div>\n\t\t\t<\/div>\n\t\t<\/div><\/div><\/div><div class=\"wpb_column vc_column_container vc_col-sm-2 wd-rs-687b427e9b9ee\"><div class=\"vc_column-inner\"><div class=\"wpb_wrapper\">\t\t\t<div class=\"info-box-wrapper\">\n\t\t\t\t<div id=\"wd-68ad3045da780\" class=\"wd-rs-68ad3045da780 wd-info-box wd-wpb text-left box-icon-align-top box-style-shadow color-scheme- wd-bg-none with-btn box-btn-static\">\n\t\t\t\t\t\t\t\t\t\t\t<div class=\"box-icon-wrapper  box-with-icon box-icon-simple\">\n\t\t\t\t\t\t\t<div class=\"info-box-icon\">\n\n\t\t\t\t\t\t\t\n\t\t\t\t\t\t\t\t\t\t\t\t\t\t\t\t\t<img loading=\"lazy\" decoding=\"async\" width=\"300\" height=\"300\" src=\"https:\/\/fenova.com.tr\/wp-content\/uploads\/2025\/07\/konser-alani-led-ekran300.png\" class=\"attachment-full size-full\" alt=\"\" srcset=\"https:\/\/fenova.com.tr\/wp-content\/uploads\/2025\/07\/konser-alani-led-ekran300.png 300w, https:\/\/fenova.com.tr\/wp-content\/uploads\/2025\/07\/konser-alani-led-ekran300-150x150.png 150w\" sizes=\"auto, (max-width: 300px) 100vw, 300px\" \/>\t\t\t\t\t\t\t\t\t\t\t\t\t\t\t\n\t\t\t\t\t\t\t<\/div>\n\t\t\t\t\t\t<\/div>\n\t\t\t\t\t\t\t\t\t\t<div class=\"info-box-content\">\n\t\t\t\t\t\t\t\t\t\t\t\t<div class=\"info-box-inner reset-last-child\"><\/div>\n\n\t\t\t\t\t\t<div class=\"info-btn-wrapper\"><div id=\"wd-69e8ebd83bc3c\" class=\"wd-button-wrapper text-left\"><a href=\"https:\/\/fenova.com.tr\/en\/konser-alani-led-ekran\/\" title=\"\" class=\"btn btn-style-link btn-shape-rectangle btn-size-default btn-icon-pos-right\">Concert Area LED Screen<span class=\"wd-btn-icon\"><span class=\"wd-icon fa fa-solid fa-angle-right\"><\/span><\/span><\/a><\/div><\/div>\t\t\t\t\t<\/div>\n\n\t\t\t\t\t\n\t\t\t\t\t\t\t\t\t<\/div>\n\t\t\t<\/div>\n\t\t<\/div><\/div><\/div><div class=\"wpb_column vc_column_container vc_col-sm-2\"><div class=\"vc_column-inner\"><div class=\"wpb_wrapper\">\t\t\t<div class=\"info-box-wrapper\">\n\t\t\t\t<div id=\"wd-68ad305329b67\" class=\"wd-rs-68ad305329b67 wd-info-box wd-wpb text-left box-icon-align-top box-style-shadow color-scheme- wd-bg-none with-btn box-btn-static\">\n\t\t\t\t\t\t\t\t\t\t\t<div class=\"box-icon-wrapper  box-with-icon box-icon-simple\">\n\t\t\t\t\t\t\t<div class=\"info-box-icon\">\n\n\t\t\t\t\t\t\t\n\t\t\t\t\t\t\t\t\t\t\t\t\t\t\t\t\t<img loading=\"lazy\" decoding=\"async\" width=\"300\" height=\"300\" src=\"https:\/\/fenova.com.tr\/wp-content\/uploads\/2025\/07\/avm-led-ekran300.jpg\" class=\"attachment-full size-full\" alt=\"\" srcset=\"https:\/\/fenova.com.tr\/wp-content\/uploads\/2025\/07\/avm-led-ekran300.jpg 300w, https:\/\/fenova.com.tr\/wp-content\/uploads\/2025\/07\/avm-led-ekran300-150x150.jpg 150w\" sizes=\"auto, (max-width: 300px) 100vw, 300px\" \/>\t\t\t\t\t\t\t\t\t\t\t\t\t\t\t\n\t\t\t\t\t\t\t<\/div>\n\t\t\t\t\t\t<\/div>\n\t\t\t\t\t\t\t\t\t\t<div class=\"info-box-content\">\n\t\t\t\t\t\t\t\t\t\t\t\t<div class=\"info-box-inner reset-last-child\"><\/div>\n\n\t\t\t\t\t\t<div class=\"info-btn-wrapper\"><div id=\"wd-69e8ebd83c1e3\" class=\"wd-button-wrapper text-left\"><a href=\"https:\/\/fenova.com.tr\/en\/avm-led-ekran\/\" title=\"\" class=\"btn btn-style-link btn-shape-rectangle btn-size-default btn-icon-pos-right\">Mall LED Screen<span class=\"wd-btn-icon\"><span class=\"wd-icon fa fa-solid fa-angle-right\"><\/span><\/span><\/a><\/div><\/div>\t\t\t\t\t<\/div>\n\n\t\t\t\t\t\n\t\t\t\t\t\t\t\t\t<\/div>\n\t\t\t<\/div>\n\t\t<\/div><\/div><\/div><div class=\"wpb_column vc_column_container vc_col-sm-2\"><div class=\"vc_column-inner\"><div class=\"wpb_wrapper\">\t\t\t<div class=\"info-box-wrapper\">\n\t\t\t\t<div id=\"wd-68ad305e9bf81\" class=\"wd-rs-68ad305e9bf81 wd-info-box wd-wpb text-left box-icon-align-top box-style-shadow color-scheme- wd-bg-none with-btn box-btn-static\">\n\t\t\t\t\t\t\t\t\t\t\t<div class=\"box-icon-wrapper  box-with-icon box-icon-simple\">\n\t\t\t\t\t\t\t<div class=\"info-box-icon\">\n\n\t\t\t\t\t\t\t\n\t\t\t\t\t\t\t\t\t\t\t\t\t\t\t\t\t<img loading=\"lazy\" decoding=\"async\" width=\"300\" height=\"300\" src=\"https:\/\/fenova.com.tr\/wp-content\/uploads\/2025\/07\/stadyum-led-ekran300.jpg\" class=\"attachment-full size-full\" alt=\"\" srcset=\"https:\/\/fenova.com.tr\/wp-content\/uploads\/2025\/07\/stadyum-led-ekran300.jpg 300w, https:\/\/fenova.com.tr\/wp-content\/uploads\/2025\/07\/stadyum-led-ekran300-150x150.jpg 150w\" sizes=\"auto, (max-width: 300px) 100vw, 300px\" \/>\t\t\t\t\t\t\t\t\t\t\t\t\t\t\t\n\t\t\t\t\t\t\t<\/div>\n\t\t\t\t\t\t<\/div>\n\t\t\t\t\t\t\t\t\t\t<div class=\"info-box-content\">\n\t\t\t\t\t\t\t\t\t\t\t\t<div class=\"info-box-inner reset-last-child\"><\/div>\n\n\t\t\t\t\t\t<div class=\"info-btn-wrapper\"><div id=\"wd-69e8ebd83c7c8\" class=\"wd-button-wrapper text-left\"><a href=\"https:\/\/fenova.com.tr\/en\/stadyum-led-ekran\/\" title=\"\" class=\"btn btn-style-link btn-shape-rectangle btn-size-default btn-icon-pos-right\">Stadium LED Screen<span class=\"wd-btn-icon\"><span class=\"wd-icon fa fa-solid fa-angle-right\"><\/span><\/span><\/a><\/div><\/div>\t\t\t\t\t<\/div>\n\n\t\t\t\t\t\n\t\t\t\t\t\t\t\t\t<\/div>\n\t\t\t<\/div>\n\t\t<\/div><\/div><\/div><div class=\"wpb_column vc_column_container vc_col-sm-2\"><div class=\"vc_column-inner\"><div class=\"wpb_wrapper\"><\/div><\/div><\/div><div class=\"wpb_column vc_column_container vc_col-sm-2\"><div class=\"vc_column-inner\"><div class=\"wpb_wrapper\"><\/div><\/div><\/div><\/div><div class=\"vc_row-full-width vc_clearfix\"><\/div>\n<\/div>","protected":false},"excerpt":{"rendered":"Totem Led Ekran A\u00e7\u0131k Hava Led Ekran Ma\u011faza Led Ekran Trafik Bilgi Led Ekran\u0131 St\u00fcdyo Led Ekran Bina Cephe Led","protected":false},"author":1,"featured_media":0,"parent":0,"menu_order":0,"comment_status":"closed","ping_status":"closed","template":"","meta":{"footnotes":""},"class_list":["post-10502","page","type-page","status-publish","hentry"],"_links":{"self":[{"href":"https:\/\/fenova.com.tr\/en\/wp-json\/wp\/v2\/pages\/10502","targetHints":{"allow":["GET"]}}],"collection":[{"href":"https:\/\/fenova.com.tr\/en\/wp-json\/wp\/v2\/pages"}],"about":[{"href":"https:\/\/fenova.com.tr\/en\/wp-json\/wp\/v2\/types\/page"}],"author":[{"embeddable":true,"href":"https:\/\/fenova.com.tr\/en\/wp-json\/wp\/v2\/users\/1"}],"replies":[{"embeddable":true,"href":"https:\/\/fenova.com.tr\/en\/wp-json\/wp\/v2\/comments?post=10502"}],"version-history":[{"count":16,"href":"https:\/\/fenova.com.tr\/en\/wp-json\/wp\/v2\/pages\/10502\/revisions"}],"predecessor-version":[{"id":10901,"href":"https:\/\/fenova.com.tr\/en\/wp-json\/wp\/v2\/pages\/10502\/revisions\/10901"}],"wp:attachment":[{"href":"https:\/\/fenova.com.tr\/en\/wp-json\/wp\/v2\/media?parent=10502"}],"curies":[{"name":"wp","href":"https:\/\/api.w.org\/{rel}","templated":true}]}}